{"id":7242,"date":"2025-03-07T16:57:47","date_gmt":"2025-03-07T14:57:47","guid":{"rendered":"https:\/\/cleaningonnortherncyprus.com\/dienstleistungen\/deep-cleaning\/tiefenreinigung-nach-der-vermietung-in-nordzypern\/"},"modified":"2025-12-08T16:57:01","modified_gmt":"2025-12-08T14:57:01","slug":"tiefenreinigung-nach-der-vermietung-in-nordzypern","status":"publish","type":"page","link":"https:\/\/cleaningonnortherncyprus.com\/de\/dienstleistungen\/reinigung-nach-der-miete\/tiefenreinigung-nach-der-vermietung-in-nordzypern\/","title":{"rendered":"Tiefenreinigung nach der Vermietung in Nordzypern"},"content":{"rendered":"\t\t<div data-elementor-type=\"wp-page\" data-elementor-id=\"7242\" class=\"elementor elementor-7242 elementor-7196\" data-elementor-post-type=\"page\">\n\t\t\t\t<div class=\"elementor-element elementor-element-a30b56e e-flex e-con-boxed e-con e-parent\" data-id=\"a30b56e\" data-element_type=\"container\" data-settings=\"{&quot;background_background&quot;:&quot;classic&quot;}\">\n\t\t\t\t\t<div class=\"e-con-inner\">\n\t\t<div class=\"elementor-element elementor-element-51889c8 e-con-full e-flex e-con e-child\" data-id=\"51889c8\" data-element_type=\"container\" data-settings=\"{&quot;sticky&quot;:&quot;top&quot;,&quot;sticky_parent&quot;:&quot;yes&quot;,&quot;sticky_on&quot;:[&quot;desktop&quot;,&quot;laptop&quot;,&quot;tablet_extra&quot;,&quot;tablet&quot;,&quot;mobile_extra&quot;,&quot;mobile&quot;],&quot;sticky_offset&quot;:0,&quot;sticky_effects_offset&quot;:0,&quot;sticky_anchor_link_offset&quot;:0}\">\n\t\t\t\t<div class=\"elementor-element elementor-element-6caae73 hover-img elementor-hidden-mobile_extra elementor-hidden-mobile elementor-widget elementor-widget-image\" data-id=\"6caae73\" data-element_type=\"widget\" data-widget_type=\"image.default\">\n\t\t\t\t<div class=\"elementor-widget-container\">\n\t\t\t\t\t\t\t\t\t\t\t\t\t\t\t<img fetchpriority=\"high\" decoding=\"async\" width=\"1024\" height=\"1024\" src=\"https:\/\/cleaningonnortherncyprus.com\/wp-content\/uploads\/2025\/03\/deep-cleaning-after-rent.jpg\" class=\"attachment-full size-full wp-image-7198\" alt=\"\" srcset=\"https:\/\/cleaningonnortherncyprus.com\/wp-content\/uploads\/2025\/03\/deep-cleaning-after-rent.jpg 1024w, https:\/\/cleaningonnortherncyprus.com\/wp-content\/uploads\/2025\/03\/deep-cleaning-after-rent-300x300.jpg 300w, https:\/\/cleaningonnortherncyprus.com\/wp-content\/uploads\/2025\/03\/deep-cleaning-after-rent-150x150.jpg 150w, https:\/\/cleaningonnortherncyprus.com\/wp-content\/uploads\/2025\/03\/deep-cleaning-after-rent-768x768.jpg 768w, https:\/\/cleaningonnortherncyprus.com\/wp-content\/uploads\/2025\/03\/deep-cleaning-after-rent-600x600.jpg 600w, https:\/\/cleaningonnortherncyprus.com\/wp-content\/uploads\/2025\/03\/deep-cleaning-after-rent-100x100.jpg 100w\" sizes=\"(max-width: 1024px) 100vw, 1024px\" \/>\t\t\t\t\t\t\t\t\t\t\t\t\t\t\t<\/div>\n\t\t\t\t<\/div>\n\t\t\t\t<\/div>\n\t\t<div class=\"elementor-element elementor-element-293a5a2 e-con-full e-flex e-con e-child\" data-id=\"293a5a2\" data-element_type=\"container\">\n\t\t\t\t<div class=\"elementor-element elementor-element-4cdd0a1 elementor-widget elementor-widget-html\" data-id=\"4cdd0a1\" data-element_type=\"widget\" data-widget_type=\"html.default\">\n\t\t\t\t<div class=\"elementor-widget-container\">\n\t\t\t\t\t<a href=\"https:\/\/cleaningonnortherncyprus.com\/de\/dienstleistungen\/reinigung-nach-der-miete\/\" class=\"parent-page-button\">\u2190 Dienstleistungen \/ Reinigung nach der Vermietung<\/a>\t\t\t\t<\/div>\n\t\t\t\t<\/div>\n\t\t\t\t<div class=\"elementor-element elementor-element-8448dfc elementor-widget elementor-widget-heading\" data-id=\"8448dfc\" data-element_type=\"widget\" data-widget_type=\"heading.default\">\n\t\t\t\t<div class=\"elementor-widget-container\">\n\t\t\t\t\t<h1 class=\"elementor-heading-title elementor-size-default\">Tiefenreinigung nach der Vermietung in Nordzypern<\/h1>\t\t\t\t<\/div>\n\t\t\t\t<\/div>\n\t\t\t\t<div class=\"elementor-element elementor-element-f7314f5 hover-img elementor-hidden-desktop elementor-hidden-laptop elementor-hidden-tablet_extra elementor-hidden-tablet elementor-widget elementor-widget-image\" data-id=\"f7314f5\" data-element_type=\"widget\" data-widget_type=\"image.default\">\n\t\t\t\t<div class=\"elementor-widget-container\">\n\t\t\t\t\t\t\t\t\t\t\t\t\t\t\t<img decoding=\"async\" width=\"640\" height=\"640\" src=\"https:\/\/cleaningonnortherncyprus.com\/wp-content\/uploads\/2025\/03\/deep-cleaning-after-rent.jpg\" class=\"attachment-large size-large wp-image-7198\" alt=\"\" srcset=\"https:\/\/cleaningonnortherncyprus.com\/wp-content\/uploads\/2025\/03\/deep-cleaning-after-rent.jpg 1024w, https:\/\/cleaningonnortherncyprus.com\/wp-content\/uploads\/2025\/03\/deep-cleaning-after-rent-300x300.jpg 300w, https:\/\/cleaningonnortherncyprus.com\/wp-content\/uploads\/2025\/03\/deep-cleaning-after-rent-150x150.jpg 150w, https:\/\/cleaningonnortherncyprus.com\/wp-content\/uploads\/2025\/03\/deep-cleaning-after-rent-768x768.jpg 768w, https:\/\/cleaningonnortherncyprus.com\/wp-content\/uploads\/2025\/03\/deep-cleaning-after-rent-600x600.jpg 600w, https:\/\/cleaningonnortherncyprus.com\/wp-content\/uploads\/2025\/03\/deep-cleaning-after-rent-100x100.jpg 100w\" sizes=\"(max-width: 640px) 100vw, 640px\" \/>\t\t\t\t\t\t\t\t\t\t\t\t\t\t\t<\/div>\n\t\t\t\t<\/div>\n\t\t\t\t<div class=\"elementor-element elementor-element-3d6e54a elementor-widget elementor-widget-text-editor\" data-id=\"3d6e54a\" data-element_type=\"widget\" data-widget_type=\"text-editor.default\">\n\t\t\t\t<div class=\"elementor-widget-container\">\n\t\t\t\t\t\t\t\t\t<h3 data-start=\"54\" data-end=\"130\">Professionelle Reinigung f\u00fcr Ferienunterk\u00fcnfte, Apartments und Villen<\/h3>\n<p data-start=\"132\" data-end=\"674\">Bei Cleaning on Northern Cyprus wissen wir, dass die Sauberkeit Ihrer Immobilie direkt die Zufriedenheit der G\u00e4ste, Bewertungen und zuk\u00fcnftige Buchungen beeinflusst. Unser Service f\u00fcr Tiefenreinigung nach der Vermietung stellt sicher, dass Ihre Ferienunterkunft, Ihr Apartment oder Ihre Villa gr\u00fcndlich gereinigt und desinfiziert wird und bereit f\u00fcr die n\u00e4chsten G\u00e4ste ist. Nach deutschen Qualit\u00e4tsstandards bieten wir professionelle Apartmentreinigung, Wohnungsreinigung und Villenreinigung in Nordzypern, um jedes Mal makellose Ergebnisse zu garantieren.  <\/p>\n\t\t\t\t\t\t\t\t<\/div>\n\t\t\t\t<\/div>\n\t\t\t\t<\/div>\n\t\t\t\t\t<\/div>\n\t\t\t\t<\/div>\n\t\t<div class=\"elementor-element elementor-element-2582f25 e-flex e-con-boxed e-con e-parent\" data-id=\"2582f25\" data-element_type=\"container\" data-settings=\"{&quot;background_background&quot;:&quot;classic&quot;}\">\n\t\t\t\t\t<div class=\"e-con-inner\">\n\t\t<div class=\"elementor-element elementor-element-942d550 e-con-full e-flex e-con e-child\" data-id=\"942d550\" data-element_type=\"container\">\n\t\t\t\t<div class=\"elementor-element elementor-element-d4e7f0c elementor-widget elementor-widget-Section Title\" data-id=\"d4e7f0c\" data-element_type=\"widget\" data-widget_type=\"Section Title.default\">\n\t\t\t\t<div class=\"elementor-widget-container\">\n\t\t\t\t\t\t\t<div class=\"tt-section-title start\">\r\n\t\t    \t\t\t\t\t\t<div class=\"sub-title\"><span class=\"tt-section-sab\">Benefits of Choosing Our Services<\/span><\/div>\r\n\t\t\t\t\t\t\t\t\t\t\t\t\t\t\t\t<h2 class=\"section-heading\">Why deep cleaning is essential after rental stays<\/h2>\r\n\t\t\t\t\t\t\t\t\t\t\t<\/div>  \r\n\t\t\t\t\t\t<\/div>\n\t\t\t\t<\/div>\n\t\t\t\t<div class=\"elementor-element elementor-element-34549ee elementor-widget elementor-widget-text-editor\" data-id=\"34549ee\" data-element_type=\"widget\" data-widget_type=\"text-editor.default\">\n\t\t\t\t<div class=\"elementor-widget-container\">\n\t\t\t\t\t\t\t\t\t<h3 data-start=\"634\" data-end=\"689\">Warum eine Tiefenreinigung nach der Vermietung unerl\u00e4sslich istWarum unsere Tiefenreinigungsdienste w\u00e4hlen?<\/h3>\n<p data-start=\"691\" data-end=\"1313\">\u2014 Ein makelloser Ruf \u2013 Eine gr\u00fcndlich gereinigte Immobilie f\u00fchrt zu besseren G\u00e4stebewertungen und h\u00f6heren Belegungsraten.<br data-start=\"824\" data-end=\"827\">\u2014 Verborgener Schmutz und Keime beseitigen \u2013 Eine Standardreinigung reicht oft nicht aus; unsere professionelle Hausreinigung entfernt tief sitzenden Schmutz, Allergene und Bakterien.<br data-start=\"983\" data-end=\"986\">\u2014 L\u00e4ngere Lebensdauer der Immobilie \u2013 Regelm\u00e4\u00dfige Tiefenreinigung verhindert langfristige Sch\u00e4den an M\u00f6beln, B\u00f6den und Ger\u00e4ten, wodurch Wartungskosten reduziert werden.<br data-start=\"1138\" data-end=\"1141\">\u2014 Einhaltung hoher Hygienestandards \u2013 Bei Cleaning on Northern Cyprus folgen wir strengen deutschen Protokollen und verwenden ein 4-Farben-Reinigungssystem, um Kreuzkontaminationen zu vermeiden.<\/p>\n<h3 data-start=\"1315\" data-end=\"1368\">Was ist in unserer Tiefenreinigung nach der Vermietung enthalten?<\/h3>\n<p data-start=\"1370\" data-end=\"1606\">G\u00e4ste hinterlassen oft Staub, Flecken, Essensreste und Schmutz in B\u00e4dern, die mehr als nur eine oberfl\u00e4chliche Reinigung erfordern. Unser Tiefenreinigungsservice stellt sicher, dass jeder Bereich Ihrer Unterkunft desinfiziert und f\u00fcr neue Ank\u00fcnfte vorbereitet wird. <\/p>\n<h3 data-start=\"1608\" data-end=\"1657\">Tiefenreinigung f\u00fcr K\u00fcchen und Essbereiche<\/h3>\n<p data-start=\"1659\" data-end=\"1903\">\u2014 Entfetten und Desinfizieren von Arbeitsplatten, Herdplatten und Sp\u00fclen<br data-start=\"1720\" data-end=\"1723\">\u2014 Reinigung von \u00d6fen, Mikrowellen und K\u00fchlschr\u00e4nken (auf Anfrage)<br data-start=\"1792\" data-end=\"1795\">\u2014 Abwischen und Polieren von Schr\u00e4nken, Schubladen und Griffen\u2014 Wiping and polishing cabinets, drawers, and handles.<br data-start=\"1848\" data-end=\"1851\">\u2014 Entfernen von Essensflecken und Ger\u00fcchen auf allen Oberfl\u00e4chen<\/p>\n<h3 data-start=\"1905\" data-end=\"1950\">Badezimmer-Tiefenreinigung und Desinfektion<\/h3>\n<p data-start=\"1952\" data-end=\"2191\">\u2014 Desinfizieren von Toiletten, Waschbecken, Duschen und Badewannen<br data-start=\"2004\" data-end=\"2007\">\u2014 Entfernen von Seifenresten, Kalkablagerungen und Schimmel<br data-start=\"2056\" data-end=\"2059\">\u2014 Reinigung von Spiegeln, Fliesen und Armaturen f\u00fcr einen streifenfreien Glanz<br data-start=\"2122\" data-end=\"2125\">\u2014 Ersetzen gebrauchter Toilettenartikel und Sicherstellen eines frischen, hygienischen Bereichs<\/p>\n<h3 data-start=\"2193\" data-end=\"2225\">Boden- und Oberfl\u00e4chenreinigung<\/h3>\n<p data-start=\"2227\" data-end=\"2409\">\u2014 Staubsaugen, Wischen und Tiefenreinigung von B\u00f6den zur Fleckenentfernung<br data-start=\"2291\" data-end=\"2294\">\u2014 Polieren von Holz- und Fliesenb\u00f6den f\u00fcr ein makelloses Erscheinungsbild<br data-start=\"2349\" data-end=\"2352\">\u2014 Abstauben und Desinfizieren von Tischen, M\u00f6beln und Dekorationen<\/p>\n<h3 data-start=\"2411\" data-end=\"2449\">Schlafzimmer- und Wohnbereichsreinigung<\/h3>\n<p data-start=\"2451\" data-end=\"2648\">\u2014 Wechseln und Erneuern von Bettw\u00e4sche, Kissenbez\u00fcgen und Handt\u00fcchern<br data-start=\"2508\" data-end=\"2511\">\u2014 Abstauben aller Oberfl\u00e4chen, einschlie\u00dflich Regalen, M\u00f6beln und Lampen<br data-start=\"2574\" data-end=\"2577\">\u2014 Polsterreinigung und Staubsaugen von Sofas f\u00fcr eine frische, einladende Atmosph\u00e4re<\/p>\n<h3 data-start=\"2650\" data-end=\"2695\">Zus\u00e4tzliche Reinigungsdienste (optional)<\/h3>\n<p data-start=\"2697\" data-end=\"2729\">F\u00fcr eine noch gr\u00fcndlichere Reinigung bieten wir zus\u00e4tzlich:<\/p>\n<p data-start=\"2731\" data-end=\"3001\">\u2014 Fensterreinigung \u2013 Klare, streifenfreie Ausblicke f\u00fcr Ihre G\u00e4ste<br data-start=\"2795\" data-end=\"2798\">\u2014 Teppich- und Polsterreinigung \u2013 Entfernung von tief sitzendem Staub und Allergenen<br data-start=\"2872\" data-end=\"2875\">\u2014 Klimaanlagenreinigung \u2013 Verbesserung der Luftqualit\u00e4t in Innenr\u00e4umen <br data-start=\"2932\" data-end=\"2935\">\u2014 Au\u00dfenbereichsreinigung \u2013 Pflege von Terrassen, Balkonen und Gartenfl\u00e4chen<\/p>\n<h3 data-start=\"3003\" data-end=\"3047\">Warum Cleaning on Northern Cyprus w\u00e4hlen?<\/h3>\n<p data-start=\"3049\" data-end=\"3637\">\u2014 Deutsches Qualit\u00e4tsmanagement \u2013 Jede Reinigung wird von einem deutschen Manager mit professionellen Checklisten \u00fcberpr\u00fcft, um sicherzustellen, dass kein Detail \u00fcbersehen wird.<br data-start=\"3193\" data-end=\"3196\">\u2014 Zuverl\u00e4ssig und p\u00fcnktlich \u2013 Wir halten Ihre Zeitpl\u00e4ne ein und gew\u00e4hrleisten schnelle \u00dcbergaben zwischen den G\u00e4sten.<br data-start=\"3294\" data-end=\"3297\">\u2014 Umweltfreundliche Produkte \u2013 Wir verwenden sichere, ungiftige Reinigungsmittel, die effektiv und umweltfreundlich sind.<br data-start=\"3413\" data-end=\"3416\">\u2014 Geschultes Personal \u2013 Unsere Reinigungskr\u00e4fte sind professionell in den Standards der Ferienunterkunftsreinigung geschult.<br data-start=\"3511\" data-end=\"3514\">\u2014 Flexibles Terminmanagement \u2013 Wir akzeptieren Last-Minute-Buchungen und bieten ma\u00dfgeschneiderte Reinigungschecklisten f\u00fcr Immobilienbesitzer.<\/p>\n<h3 data-start=\"3639\" data-end=\"3712\">Buchen Sie noch heute eine Tiefenreinigung mit Cleaning on Northern Cyprus<\/h3>\n<p data-start=\"3714\" data-end=\"3952\">Eine professionell gereinigte Immobilie steigert das G\u00e4steerlebnis, die Bewertungen und Ihre Mieteinnahmen.<\/p>\n\t\t\t\t\t\t\t\t<\/div>\n\t\t\t\t<\/div>\n\t\t\t\t<div class=\"elementor-element elementor-element-17726a4 elementor-widget elementor-widget-text-editor\" data-id=\"17726a4\" data-element_type=\"widget\" data-widget_type=\"text-editor.default\">\n\t\t\t\t<div class=\"elementor-widget-container\">\n\t\t\t\t\t\t\t\t\t<p>Siehe auch: <a href=\"https:\/\/cleaningonnortherncyprus.com\/de\/dienstleistungen\/reinigung-nach-der-miete\/waeschewechsel\/\">https:\/\/cleaningonnortherncyprus.com\/de\/dienstleistungen\/reinigung-nach-der-miete\/waeschewechsel\/<\/a><\/p>\t\t\t\t\t\t\t\t<\/div>\n\t\t\t\t<\/div>\n\t\t\t\t<\/div>\n\t\t\t\t\t<\/div>\n\t\t\t\t<\/div>\n\t\t\t\t<\/div>\n\t\t","protected":false},"excerpt":{"rendered":"<p>\u2190 Dienstleistungen \/ Reinigung nach der Vermietung Tiefenreinigung nach der Vermietung in Nordzypern Professionelle Reinigung f\u00fcr Ferienunterk\u00fcnfte, Apartments und Villen [&hellip;]<\/p>\n","protected":false},"author":1,"featured_media":7198,"parent":6285,"menu_order":0,"comment_status":"closed","ping_status":"closed","template":"elementor_header_footer","meta":{"footnotes":""},"class_list":["post-7242","page","type-page","status-publish","has-post-thumbnail","hentry"],"yoast_head":"<!-- This site is optimized with the Yoast SEO plugin v25.1 - https:\/\/yoast.com\/wordpress\/plugins\/seo\/ -->\n<title>Tiefenreinigung nach der Vermietung in Nordzypern - Cleaning on Northern Cyprus<\/title>\n<meta name=\"robots\" content=\"index, follow, max-snippet:-1, max-image-preview:large, max-video-preview:-1\" \/>\n<link rel=\"canonical\" href=\"https:\/\/cleaningonnortherncyprus.com\/de\/dienstleistungen\/reinigung-nach-der-miete\/tiefenreinigung-nach-der-vermietung-in-nordzypern\/\" \/>\n<meta property=\"og:locale\" content=\"de_DE\" \/>\n<meta property=\"og:type\" content=\"article\" \/>\n<meta property=\"og:title\" content=\"Tiefenreinigung nach der Vermietung in Nordzypern - Cleaning on Northern Cyprus\" \/>\n<meta property=\"og:description\" content=\"\u2190 Dienstleistungen \/ Reinigung nach der Vermietung Tiefenreinigung nach der Vermietung in Nordzypern Professionelle Reinigung f\u00fcr Ferienunterk\u00fcnfte, Apartments und Villen [&hellip;]\" \/>\n<meta property=\"og:url\" content=\"https:\/\/cleaningonnortherncyprus.com\/de\/dienstleistungen\/reinigung-nach-der-miete\/tiefenreinigung-nach-der-vermietung-in-nordzypern\/\" \/>\n<meta property=\"og:site_name\" content=\"Cleaning on Northern Cyprus\" \/>\n<meta property=\"article:modified_time\" content=\"2025-12-08T14:57:01+00:00\" \/>\n<meta property=\"og:image\" content=\"https:\/\/cleaningonnortherncyprus.com\/wp-content\/uploads\/2025\/03\/deep-cleaning-after-rent.jpg\" \/>\n\t<meta property=\"og:image:width\" content=\"1024\" \/>\n\t<meta property=\"og:image:height\" content=\"1024\" \/>\n\t<meta property=\"og:image:type\" content=\"image\/jpeg\" \/>\n<meta name=\"twitter:card\" content=\"summary_large_image\" \/>\n<meta name=\"twitter:label1\" content=\"Est. reading time\" \/>\n\t<meta name=\"twitter:data1\" content=\"4\u00a0Minuten\" \/>\n<script type=\"application\/ld+json\" class=\"yoast-schema-graph\">{\"@context\":\"https:\/\/schema.org\",\"@graph\":[{\"@type\":\"WebPage\",\"@id\":\"https:\/\/cleaningonnortherncyprus.com\/de\/dienstleistungen\/reinigung-nach-der-miete\/tiefenreinigung-nach-der-vermietung-in-nordzypern\/\",\"url\":\"https:\/\/cleaningonnortherncyprus.com\/de\/dienstleistungen\/reinigung-nach-der-miete\/tiefenreinigung-nach-der-vermietung-in-nordzypern\/\",\"name\":\"Tiefenreinigung nach der Vermietung in Nordzypern - Cleaning on Northern Cyprus\",\"isPartOf\":{\"@id\":\"https:\/\/cleaningonnortherncyprus.com\/#website\"},\"primaryImageOfPage\":{\"@id\":\"https:\/\/cleaningonnortherncyprus.com\/de\/dienstleistungen\/reinigung-nach-der-miete\/tiefenreinigung-nach-der-vermietung-in-nordzypern\/#primaryimage\"},\"image\":{\"@id\":\"https:\/\/cleaningonnortherncyprus.com\/de\/dienstleistungen\/reinigung-nach-der-miete\/tiefenreinigung-nach-der-vermietung-in-nordzypern\/#primaryimage\"},\"thumbnailUrl\":\"https:\/\/cleaningonnortherncyprus.com\/wp-content\/uploads\/2025\/03\/deep-cleaning-after-rent.jpg\",\"datePublished\":\"2025-03-07T14:57:47+00:00\",\"dateModified\":\"2025-12-08T14:57:01+00:00\",\"breadcrumb\":{\"@id\":\"https:\/\/cleaningonnortherncyprus.com\/de\/dienstleistungen\/reinigung-nach-der-miete\/tiefenreinigung-nach-der-vermietung-in-nordzypern\/#breadcrumb\"},\"inLanguage\":\"de\",\"potentialAction\":[{\"@type\":\"ReadAction\",\"target\":[\"https:\/\/cleaningonnortherncyprus.com\/de\/dienstleistungen\/reinigung-nach-der-miete\/tiefenreinigung-nach-der-vermietung-in-nordzypern\/\"]}]},{\"@type\":\"ImageObject\",\"inLanguage\":\"de\",\"@id\":\"https:\/\/cleaningonnortherncyprus.com\/de\/dienstleistungen\/reinigung-nach-der-miete\/tiefenreinigung-nach-der-vermietung-in-nordzypern\/#primaryimage\",\"url\":\"https:\/\/cleaningonnortherncyprus.com\/wp-content\/uploads\/2025\/03\/deep-cleaning-after-rent.jpg\",\"contentUrl\":\"https:\/\/cleaningonnortherncyprus.com\/wp-content\/uploads\/2025\/03\/deep-cleaning-after-rent.jpg\",\"width\":1024,\"height\":1024},{\"@type\":\"BreadcrumbList\",\"@id\":\"https:\/\/cleaningonnortherncyprus.com\/de\/dienstleistungen\/reinigung-nach-der-miete\/tiefenreinigung-nach-der-vermietung-in-nordzypern\/#breadcrumb\",\"itemListElement\":[{\"@type\":\"ListItem\",\"position\":1,\"name\":\"\u0413\u043b\u0430\u0432\u043d\u0430\u044f \u0441\u0442\u0440\u0430\u043d\u0438\u0446\u0430\",\"item\":\"https:\/\/cleaningonnortherncyprus.com\/\"},{\"@type\":\"ListItem\",\"position\":2,\"name\":\"Dienstleistungen\",\"item\":\"https:\/\/cleaningonnortherncyprus.com\/de\/dienstleistungen\/\"},{\"@type\":\"ListItem\",\"position\":3,\"name\":\"Reinigung nach der Miete\",\"item\":\"https:\/\/cleaningonnortherncyprus.com\/de\/dienstleistungen\/reinigung-nach-der-miete\/\"},{\"@type\":\"ListItem\",\"position\":4,\"name\":\"Tiefenreinigung nach der Vermietung in Nordzypern\"}]},{\"@type\":\"WebSite\",\"@id\":\"https:\/\/cleaningonnortherncyprus.com\/#website\",\"url\":\"https:\/\/cleaningonnortherncyprus.com\/\",\"name\":\"Cleaning on Northern Cyprus\",\"description\":\"\",\"publisher\":{\"@id\":\"https:\/\/cleaningonnortherncyprus.com\/#organization\"},\"potentialAction\":[{\"@type\":\"SearchAction\",\"target\":{\"@type\":\"EntryPoint\",\"urlTemplate\":\"https:\/\/cleaningonnortherncyprus.com\/?s={search_term_string}\"},\"query-input\":{\"@type\":\"PropertyValueSpecification\",\"valueRequired\":true,\"valueName\":\"search_term_string\"}}],\"inLanguage\":\"de\"},{\"@type\":\"Organization\",\"@id\":\"https:\/\/cleaningonnortherncyprus.com\/#organization\",\"name\":\"Cleaning on Northern Cyprus\",\"url\":\"https:\/\/cleaningonnortherncyprus.com\/\",\"logo\":{\"@type\":\"ImageObject\",\"inLanguage\":\"de\",\"@id\":\"https:\/\/cleaningonnortherncyprus.com\/#\/schema\/logo\/image\/\",\"url\":\"https:\/\/cleaningonnortherncyprus.com\/wp-content\/uploads\/2025\/01\/logo_cleaning_white.png\",\"contentUrl\":\"https:\/\/cleaningonnortherncyprus.com\/wp-content\/uploads\/2025\/01\/logo_cleaning_white.png\",\"width\":1600,\"height\":355,\"caption\":\"Cleaning on Northern Cyprus\"},\"image\":{\"@id\":\"https:\/\/cleaningonnortherncyprus.com\/#\/schema\/logo\/image\/\"}}]}<\/script>\n<!-- \/ Yoast SEO plugin. -->","yoast_head_json":{"title":"Tiefenreinigung nach der Vermietung in Nordzypern - Cleaning on Northern Cyprus","robots":{"index":"index","follow":"follow","max-snippet":"max-snippet:-1","max-image-preview":"max-image-preview:large","max-video-preview":"max-video-preview:-1"},"canonical":"https:\/\/cleaningonnortherncyprus.com\/de\/dienstleistungen\/reinigung-nach-der-miete\/tiefenreinigung-nach-der-vermietung-in-nordzypern\/","og_locale":"de_DE","og_type":"article","og_title":"Tiefenreinigung nach der Vermietung in Nordzypern - Cleaning on Northern Cyprus","og_description":"\u2190 Dienstleistungen \/ Reinigung nach der Vermietung Tiefenreinigung nach der Vermietung in Nordzypern Professionelle Reinigung f\u00fcr Ferienunterk\u00fcnfte, Apartments und Villen [&hellip;]","og_url":"https:\/\/cleaningonnortherncyprus.com\/de\/dienstleistungen\/reinigung-nach-der-miete\/tiefenreinigung-nach-der-vermietung-in-nordzypern\/","og_site_name":"Cleaning on Northern Cyprus","article_modified_time":"2025-12-08T14:57:01+00:00","og_image":[{"width":1024,"height":1024,"url":"https:\/\/cleaningonnortherncyprus.com\/wp-content\/uploads\/2025\/03\/deep-cleaning-after-rent.jpg","type":"image\/jpeg"}],"twitter_card":"summary_large_image","twitter_misc":{"Est. reading time":"4\u00a0Minuten"},"schema":{"@context":"https:\/\/schema.org","@graph":[{"@type":"WebPage","@id":"https:\/\/cleaningonnortherncyprus.com\/de\/dienstleistungen\/reinigung-nach-der-miete\/tiefenreinigung-nach-der-vermietung-in-nordzypern\/","url":"https:\/\/cleaningonnortherncyprus.com\/de\/dienstleistungen\/reinigung-nach-der-miete\/tiefenreinigung-nach-der-vermietung-in-nordzypern\/","name":"Tiefenreinigung nach der Vermietung in Nordzypern - Cleaning on Northern Cyprus","isPartOf":{"@id":"https:\/\/cleaningonnortherncyprus.com\/#website"},"primaryImageOfPage":{"@id":"https:\/\/cleaningonnortherncyprus.com\/de\/dienstleistungen\/reinigung-nach-der-miete\/tiefenreinigung-nach-der-vermietung-in-nordzypern\/#primaryimage"},"image":{"@id":"https:\/\/cleaningonnortherncyprus.com\/de\/dienstleistungen\/reinigung-nach-der-miete\/tiefenreinigung-nach-der-vermietung-in-nordzypern\/#primaryimage"},"thumbnailUrl":"https:\/\/cleaningonnortherncyprus.com\/wp-content\/uploads\/2025\/03\/deep-cleaning-after-rent.jpg","datePublished":"2025-03-07T14:57:47+00:00","dateModified":"2025-12-08T14:57:01+00:00","breadcrumb":{"@id":"https:\/\/cleaningonnortherncyprus.com\/de\/dienstleistungen\/reinigung-nach-der-miete\/tiefenreinigung-nach-der-vermietung-in-nordzypern\/#breadcrumb"},"inLanguage":"de","potentialAction":[{"@type":"ReadAction","target":["https:\/\/cleaningonnortherncyprus.com\/de\/dienstleistungen\/reinigung-nach-der-miete\/tiefenreinigung-nach-der-vermietung-in-nordzypern\/"]}]},{"@type":"ImageObject","inLanguage":"de","@id":"https:\/\/cleaningonnortherncyprus.com\/de\/dienstleistungen\/reinigung-nach-der-miete\/tiefenreinigung-nach-der-vermietung-in-nordzypern\/#primaryimage","url":"https:\/\/cleaningonnortherncyprus.com\/wp-content\/uploads\/2025\/03\/deep-cleaning-after-rent.jpg","contentUrl":"https:\/\/cleaningonnortherncyprus.com\/wp-content\/uploads\/2025\/03\/deep-cleaning-after-rent.jpg","width":1024,"height":1024},{"@type":"BreadcrumbList","@id":"https:\/\/cleaningonnortherncyprus.com\/de\/dienstleistungen\/reinigung-nach-der-miete\/tiefenreinigung-nach-der-vermietung-in-nordzypern\/#breadcrumb","itemListElement":[{"@type":"ListItem","position":1,"name":"\u0413\u043b\u0430\u0432\u043d\u0430\u044f \u0441\u0442\u0440\u0430\u043d\u0438\u0446\u0430","item":"https:\/\/cleaningonnortherncyprus.com\/"},{"@type":"ListItem","position":2,"name":"Dienstleistungen","item":"https:\/\/cleaningonnortherncyprus.com\/de\/dienstleistungen\/"},{"@type":"ListItem","position":3,"name":"Reinigung nach der Miete","item":"https:\/\/cleaningonnortherncyprus.com\/de\/dienstleistungen\/reinigung-nach-der-miete\/"},{"@type":"ListItem","position":4,"name":"Tiefenreinigung nach der Vermietung in Nordzypern"}]},{"@type":"WebSite","@id":"https:\/\/cleaningonnortherncyprus.com\/#website","url":"https:\/\/cleaningonnortherncyprus.com\/","name":"Cleaning on Northern Cyprus","description":"","publisher":{"@id":"https:\/\/cleaningonnortherncyprus.com\/#organization"},"potentialAction":[{"@type":"SearchAction","target":{"@type":"EntryPoint","urlTemplate":"https:\/\/cleaningonnortherncyprus.com\/?s={search_term_string}"},"query-input":{"@type":"PropertyValueSpecification","valueRequired":true,"valueName":"search_term_string"}}],"inLanguage":"de"},{"@type":"Organization","@id":"https:\/\/cleaningonnortherncyprus.com\/#organization","name":"Cleaning on Northern Cyprus","url":"https:\/\/cleaningonnortherncyprus.com\/","logo":{"@type":"ImageObject","inLanguage":"de","@id":"https:\/\/cleaningonnortherncyprus.com\/#\/schema\/logo\/image\/","url":"https:\/\/cleaningonnortherncyprus.com\/wp-content\/uploads\/2025\/01\/logo_cleaning_white.png","contentUrl":"https:\/\/cleaningonnortherncyprus.com\/wp-content\/uploads\/2025\/01\/logo_cleaning_white.png","width":1600,"height":355,"caption":"Cleaning on Northern Cyprus"},"image":{"@id":"https:\/\/cleaningonnortherncyprus.com\/#\/schema\/logo\/image\/"}}]}},"_links":{"self":[{"href":"https:\/\/cleaningonnortherncyprus.com\/de\/wp-json\/wp\/v2\/pages\/7242","targetHints":{"allow":["GET"]}}],"collection":[{"href":"https:\/\/cleaningonnortherncyprus.com\/de\/wp-json\/wp\/v2\/pages"}],"about":[{"href":"https:\/\/cleaningonnortherncyprus.com\/de\/wp-json\/wp\/v2\/types\/page"}],"author":[{"embeddable":true,"href":"https:\/\/cleaningonnortherncyprus.com\/de\/wp-json\/wp\/v2\/users\/1"}],"replies":[{"embeddable":true,"href":"https:\/\/cleaningonnortherncyprus.com\/de\/wp-json\/wp\/v2\/comments?post=7242"}],"version-history":[{"count":5,"href":"https:\/\/cleaningonnortherncyprus.com\/de\/wp-json\/wp\/v2\/pages\/7242\/revisions"}],"predecessor-version":[{"id":9190,"href":"https:\/\/cleaningonnortherncyprus.com\/de\/wp-json\/wp\/v2\/pages\/7242\/revisions\/9190"}],"up":[{"embeddable":true,"href":"https:\/\/cleaningonnortherncyprus.com\/de\/wp-json\/wp\/v2\/pages\/6285"}],"wp:featuredmedia":[{"embeddable":true,"href":"https:\/\/cleaningonnortherncyprus.com\/de\/wp-json\/wp\/v2\/media\/7198"}],"wp:attachment":[{"href":"https:\/\/cleaningonnortherncyprus.com\/de\/wp-json\/wp\/v2\/media?parent=7242"}],"curies":[{"name":"wp","href":"https:\/\/api.w.org\/{rel}","templated":true}]}}