{"id":7310,"date":"2025-03-10T16:16:18","date_gmt":"2025-03-10T14:16:18","guid":{"rendered":"https:\/\/cleaningonnortherncyprus.com\/dienstleistungen\/reinigung-nach-der-miete\/waeschewechsel\/"},"modified":"2025-12-08T16:58:12","modified_gmt":"2025-12-08T14:58:12","slug":"waeschewechsel","status":"publish","type":"page","link":"https:\/\/cleaningonnortherncyprus.com\/de\/dienstleistungen\/reinigung-nach-der-miete\/waeschewechsel\/","title":{"rendered":"W\u00e4schewechsel"},"content":{"rendered":"\t\t<div data-elementor-type=\"wp-page\" data-elementor-id=\"7310\" class=\"elementor elementor-7310 elementor-7289\" data-elementor-post-type=\"page\">\n\t\t\t\t<div class=\"elementor-element elementor-element-720b6b59 e-flex e-con-boxed e-con e-parent\" data-id=\"720b6b59\" data-element_type=\"container\" data-settings=\"{&quot;background_background&quot;:&quot;classic&quot;}\">\n\t\t\t\t\t<div class=\"e-con-inner\">\n\t\t<div class=\"elementor-element elementor-element-730ee10a e-con-full e-flex e-con e-child\" data-id=\"730ee10a\" data-element_type=\"container\" data-settings=\"{&quot;sticky&quot;:&quot;top&quot;,&quot;sticky_parent&quot;:&quot;yes&quot;,&quot;sticky_on&quot;:[&quot;desktop&quot;,&quot;laptop&quot;,&quot;tablet_extra&quot;,&quot;tablet&quot;,&quot;mobile_extra&quot;,&quot;mobile&quot;],&quot;sticky_offset&quot;:0,&quot;sticky_effects_offset&quot;:0,&quot;sticky_anchor_link_offset&quot;:0}\">\n\t\t\t\t<div class=\"elementor-element elementor-element-6d5bcbb4 hover-img elementor-hidden-mobile_extra elementor-hidden-mobile elementor-widget elementor-widget-image\" data-id=\"6d5bcbb4\" data-element_type=\"widget\" data-widget_type=\"image.default\">\n\t\t\t\t<div class=\"elementor-widget-container\">\n\t\t\t\t\t\t\t\t\t\t\t\t\t\t\t<img fetchpriority=\"high\" decoding=\"async\" width=\"1000\" height=\"1000\" src=\"https:\/\/cleaningonnortherncyprus.com\/wp-content\/uploads\/2025\/03\/linen-refreshing-cleaning-after-rent.jpg\" class=\"attachment-full size-full wp-image-7291\" alt=\"\" srcset=\"https:\/\/cleaningonnortherncyprus.com\/wp-content\/uploads\/2025\/03\/linen-refreshing-cleaning-after-rent.jpg 1000w, https:\/\/cleaningonnortherncyprus.com\/wp-content\/uploads\/2025\/03\/linen-refreshing-cleaning-after-rent-300x300.jpg 300w, https:\/\/cleaningonnortherncyprus.com\/wp-content\/uploads\/2025\/03\/linen-refreshing-cleaning-after-rent-150x150.jpg 150w, https:\/\/cleaningonnortherncyprus.com\/wp-content\/uploads\/2025\/03\/linen-refreshing-cleaning-after-rent-768x768.jpg 768w, https:\/\/cleaningonnortherncyprus.com\/wp-content\/uploads\/2025\/03\/linen-refreshing-cleaning-after-rent-600x600.jpg 600w, https:\/\/cleaningonnortherncyprus.com\/wp-content\/uploads\/2025\/03\/linen-refreshing-cleaning-after-rent-100x100.jpg 100w\" sizes=\"(max-width: 1000px) 100vw, 1000px\" \/>\t\t\t\t\t\t\t\t\t\t\t\t\t\t\t<\/div>\n\t\t\t\t<\/div>\n\t\t\t\t<\/div>\n\t\t<div class=\"elementor-element elementor-element-6a8d1eb6 e-con-full e-flex e-con e-child\" data-id=\"6a8d1eb6\" data-element_type=\"container\">\n\t\t\t\t<div class=\"elementor-element elementor-element-5e6fd3bf elementor-widget elementor-widget-html\" data-id=\"5e6fd3bf\" data-element_type=\"widget\" data-widget_type=\"html.default\">\n\t\t\t\t<div class=\"elementor-widget-container\">\n\t\t\t\t\t<a href=\"https:\/\/cleaningonnortherncyprus.com\/de\/dienstleistungen\/reinigung-nach-der-miete\/\" class=\"parent-page-button\">\u2190 Dienstleistungen \/ Reinigung nach der Vermietung<\/a>\t\t\t\t<\/div>\n\t\t\t\t<\/div>\n\t\t\t\t<div class=\"elementor-element elementor-element-362fb3d1 elementor-widget elementor-widget-heading\" data-id=\"362fb3d1\" data-element_type=\"widget\" data-widget_type=\"heading.default\">\n\t\t\t\t<div class=\"elementor-widget-container\">\n\t\t\t\t\t<h1 class=\"elementor-heading-title elementor-size-default\">W\u00e4schewechsel<\/h1>\t\t\t\t<\/div>\n\t\t\t\t<\/div>\n\t\t\t\t<div class=\"elementor-element elementor-element-5c9501a1 hover-img elementor-hidden-desktop elementor-hidden-laptop elementor-hidden-tablet_extra elementor-hidden-tablet elementor-widget elementor-widget-image\" data-id=\"5c9501a1\" data-element_type=\"widget\" data-widget_type=\"image.default\">\n\t\t\t\t<div class=\"elementor-widget-container\">\n\t\t\t\t\t\t\t\t\t\t\t\t\t\t\t<img decoding=\"async\" width=\"640\" height=\"640\" src=\"https:\/\/cleaningonnortherncyprus.com\/wp-content\/uploads\/2025\/03\/linen-refreshing-cleaning-after-rent.jpg\" class=\"attachment-large size-large wp-image-7291\" alt=\"\" srcset=\"https:\/\/cleaningonnortherncyprus.com\/wp-content\/uploads\/2025\/03\/linen-refreshing-cleaning-after-rent.jpg 1000w, https:\/\/cleaningonnortherncyprus.com\/wp-content\/uploads\/2025\/03\/linen-refreshing-cleaning-after-rent-300x300.jpg 300w, https:\/\/cleaningonnortherncyprus.com\/wp-content\/uploads\/2025\/03\/linen-refreshing-cleaning-after-rent-150x150.jpg 150w, https:\/\/cleaningonnortherncyprus.com\/wp-content\/uploads\/2025\/03\/linen-refreshing-cleaning-after-rent-768x768.jpg 768w, https:\/\/cleaningonnortherncyprus.com\/wp-content\/uploads\/2025\/03\/linen-refreshing-cleaning-after-rent-600x600.jpg 600w, https:\/\/cleaningonnortherncyprus.com\/wp-content\/uploads\/2025\/03\/linen-refreshing-cleaning-after-rent-100x100.jpg 100w\" sizes=\"(max-width: 640px) 100vw, 640px\" \/>\t\t\t\t\t\t\t\t\t\t\t\t\t\t\t<\/div>\n\t\t\t\t<\/div>\n\t\t\t\t<div class=\"elementor-element elementor-element-c17613d elementor-widget elementor-widget-text-editor\" data-id=\"c17613d\" data-element_type=\"widget\" data-widget_type=\"text-editor.default\">\n\t\t\t\t<div class=\"elementor-widget-container\">\n\t\t\t\t\t\t\t\t\t<h3 data-start=\"0\" data-end=\"73\">W\u00e4schewechsel \u2013 Sauberkeit und Komfort f\u00fcr Ihre G\u00e4ste<\/h3>\n<p data-start=\"75\" data-end=\"518\">Frische Bettw\u00e4sche ist ein wesentlicher Bestandteil des Komforts, den G\u00e4ste in Mietwohnungen, Villen und H\u00e4usern erwarten. Im Rahmen unseres Reinigungsservices nach der Vermietung bieten wir den W\u00e4schewechsel an, um sicherzustellen, dass Ihre Unterkunft nach jedem Aufenthalt makellos sauber und einladend ist. Wir ersetzen nicht nur Bettw\u00e4sche und Handt\u00fccher \u2013 wir garantieren perfekte Sauberkeit, Frische und Ordnung, die das G\u00e4steerlebnis verbessern und zu positiven Bewertungen f\u00fchren.  <\/p>\n\t\t\t\t\t\t\t\t<\/div>\n\t\t\t\t<\/div>\n\t\t\t\t<\/div>\n\t\t\t\t\t<\/div>\n\t\t\t\t<\/div>\n\t\t<div class=\"elementor-element elementor-element-6d3b6913 e-flex e-con-boxed e-con e-parent\" data-id=\"6d3b6913\" data-element_type=\"container\" data-settings=\"{&quot;background_background&quot;:&quot;classic&quot;}\">\n\t\t\t\t\t<div class=\"e-con-inner\">\n\t\t<div class=\"elementor-element elementor-element-420b43da e-con-full e-flex e-con e-child\" data-id=\"420b43da\" data-element_type=\"container\">\n\t\t\t\t<div class=\"elementor-element elementor-element-3ef258c0 elementor-widget elementor-widget-Section Title\" data-id=\"3ef258c0\" data-element_type=\"widget\" data-widget_type=\"Section Title.default\">\n\t\t\t\t<div class=\"elementor-widget-container\">\n\t\t\t\t\t\t\t<div class=\"tt-section-title start\">\r\n\t\t    \t\t\t\t\t\t<div class=\"sub-title\"><span class=\"tt-section-sab\">Benefits of Choosing Our Services<\/span><\/div>\r\n\t\t\t\t\t\t\t\t\t\t\t\t\t\t\t\t<h2 class=\"section-heading\">Why is linen refreshing important?<\/h2>\r\n\t\t\t\t\t\t\t\t\t\t\t<\/div>  \r\n\t\t\t\t\t\t<\/div>\n\t\t\t\t<\/div>\n\t\t\t\t<div class=\"elementor-element elementor-element-56c4b502 elementor-widget elementor-widget-text-editor\" data-id=\"56c4b502\" data-element_type=\"widget\" data-widget_type=\"text-editor.default\">\n\t\t\t\t<div class=\"elementor-widget-container\">\n\t\t\t\t\t\t\t\t\t<p data-start=\"562\" data-end=\"932\">Wenn G\u00e4ste eine Mietunterkunft betreten, erwarten sie ein sauberes Zuhause \u2013 einen frischen, gem\u00fctlichen und gut vorbereiteten Raum. Ungepflegte oder schlecht gereinigte Bettw\u00e4sche und Handt\u00fccher k\u00f6nnen einen negativen ersten Eindruck hinterlassen und sich auf die Bewertungen Ihrer Unterkunft auswirken. Unser W\u00e4schewechsel, der in unseren Apartment-Reinigungsdiensten enthalten ist, stellt sicher, dass sich jeder Gast in einer sauberen und einladenden Umgebung wohlf\u00fchlt.  <\/p>\n<h4 data-start=\"934\" data-end=\"974\">Die wichtigsten Vorteile des W\u00e4schewechsels:<\/h4>\n<p>&#8211; Komfort und Hygiene. Saubere, frisch gewaschene und geb\u00fcgelte Bettw\u00e4sche sorgt f\u00fcr ein angenehmes Wohlgef\u00fchl. <\/p>\n<p>&#8211; Positive Bewertungen. G\u00e4ste sch\u00e4tzen makellose Sauberkeit und Frische. <\/p>\n<p>&#8211; Professionelle Pflege. Hochwertiges Waschen, Trocknen und Vorbereiten der Bettw\u00e4sche. <\/p>\n<h3 data-start=\"1242\" data-end=\"1295\">Was beinhaltet unser W\u00e4schewechsel-Service?<\/h3>\n<p data-start=\"1297\" data-end=\"1451\">Im Rahmen unserer professionellen Hausreinigung wenden wir eine umfassende Vorgehensweise an, um die beste Pflege f\u00fcr Ihre Bettw\u00e4sche zu gew\u00e4hrleisten. Unser Prozess umfasst: <\/p>\n<p>&#8211; Vollst\u00e4ndigen W\u00e4schewechsel. Wir entfernen benutzte Bettw\u00e4sche und Handt\u00fccher und ersetzen sie durch frisch gewaschene Sets. <\/p>\n<p>&#8211; Sorgf\u00e4ltige Handhabung der Bettw\u00e4sche. Wir sorgen daf\u00fcr, dass Laken, Kissenbez\u00fcge und Bettbez\u00fcge gewaschen, geb\u00fcgelt und ordentlich arrangiert werden. <\/p>\n<p>&#8211; Frische Handt\u00fccher und Badem\u00e4ntel. Alle Badtextilien werden ersetzt, um ein Spa-\u00e4hnliches Erlebnis zu bieten. <\/p>\n<p>&#8211; Liebe zum Detail. Wir \u00fcberpr\u00fcfen die Bettw\u00e4sche auf Flecken, Abnutzung oder Sch\u00e4den und tauschen sie bei Bedarf aus. <\/p>\n<h3 data-start=\"1897\" data-end=\"1946\">W\u00e4schewechsel f\u00fcr verschiedene Mietobjekte<\/h3>\n<p data-start=\"1948\" data-end=\"2115\">Egal, ob Sie eine gem\u00fctliche Wohnung oder eine luxuri\u00f6se Villa vermieten \u2013 unsere Reinigungsdienste f\u00fcr Wohnr\u00e4ume stellen sicher, dass Ihre Bettw\u00e4sche immer den h\u00f6chsten Sauberkeitsstandards entspricht.<\/p>\n<p>&#8211; Apartment-Reinigung. Ideal f\u00fcr Kurzzeitvermietungen, bei denen h\u00e4ufige W\u00e4schewechsel erforderlich sind. <\/p>\n<p>&#8211; Villa-Reinigung. Hochwertige Pflege f\u00fcr Bettw\u00e4sche in exklusiven Ferienunterk\u00fcnften. <\/p>\n<p>&#8211; Langfristige Mietbetreuung. Geplante W\u00e4schewechsel f\u00fcr G\u00e4ste mit l\u00e4ngeren Aufenthalten. <\/p>\n<h3 data-start=\"2407\" data-end=\"2453\">Warum sollten Sie unseren W\u00e4schewechsel-Service w\u00e4hlen?<\/h3>\n<p data-start=\"2455\" data-end=\"2644\">Unser professioneller Ansatz stellt sicher, dass Ihre Mietunterkunft jederzeit f\u00fcr neue G\u00e4ste bereit ist \u2013 in einer sauberen und hygienischen Umgebung. Deshalb zeichnen sich unsere Apartment-Reinigungsdienste aus: <\/p>\n<p>&#8211; Deutsche Qualit\u00e4tsstandards. Jeder W\u00e4schewechsel folgt einer strengen Qualit\u00e4tskontrolle. <\/p>\n<p>&#8211; Umweltfreundliche und sichere Reinigungsmittel. Frische Bettw\u00e4sche ohne aggressive Chemikalien. <\/p>\n<p>&#8211; Schneller und effizienter Service. Schnelle Reinigung zwischen G\u00e4steaufenthalten. <\/p>\n<p>&#8211; Flexible Terminplanung. Individuelle Anpassung an Ihre Miet- und W\u00e4schewechselbed\u00fcrfnisse. <\/p>\n<h3 data-start=\"2987\" data-end=\"3045\">Buchen Sie noch heute eine Reinigung nach der Vermietung mit W\u00e4schewechsel<\/h3>\n<p data-start=\"3047\" data-end=\"3398\">Sorgen Sie daf\u00fcr, dass Ihre Mietunterkunft stets einladend und gastfreundlich ist. Mit unserem W\u00e4schewechsel-Service, der in der Reinigung nach der Vermietung enthalten ist, genie\u00dfen Ihre G\u00e4ste einen komfortablen Aufenthalt mit frischer, makelloser Bettw\u00e4sche. Kontaktieren Sie uns noch heute, um Ihre n\u00e4chste Apartment-Reinigung oder Villa-Reinigung zu buchen und Ihre Unterkunft in perfektem Zustand zu halten.  <\/p>\n\t\t\t\t\t\t\t\t<\/div>\n\t\t\t\t<\/div>\n\t\t\t\t<div class=\"elementor-element elementor-element-605b260 elementor-widget elementor-widget-text-editor\" data-id=\"605b260\" data-element_type=\"widget\" data-widget_type=\"text-editor.default\">\n\t\t\t\t<div class=\"elementor-widget-container\">\n\t\t\t\t\t\t\t\t\t<p>Siehe auch: <a href=\"https:\/\/cleaningonnortherncyprus.com\/de\/dienstleistungen\/reinigung-nach-der-miete\/bodenpflege-nach-der-vermietung\/\">https:\/\/cleaningonnortherncyprus.com\/de\/dienstleistungen\/reinigung-nach-der-miete\/bodenpflege-nach-der-vermietung\/<\/a><\/p>\t\t\t\t\t\t\t\t<\/div>\n\t\t\t\t<\/div>\n\t\t\t\t<\/div>\n\t\t\t\t\t<\/div>\n\t\t\t\t<\/div>\n\t\t\t\t<\/div>\n\t\t","protected":false},"excerpt":{"rendered":"<p>\u2190 Dienstleistungen \/ Reinigung nach der Vermietung W\u00e4schewechsel W\u00e4schewechsel \u2013 Sauberkeit und Komfort f\u00fcr Ihre G\u00e4ste Frische Bettw\u00e4sche ist ein [&hellip;]<\/p>\n","protected":false},"author":1,"featured_media":7291,"parent":6285,"menu_order":0,"comment_status":"closed","ping_status":"closed","template":"elementor_header_footer","meta":{"footnotes":""},"class_list":["post-7310","page","type-page","status-publish","has-post-thumbnail","hentry"],"yoast_head":"<!-- This site is optimized with the Yoast SEO plugin v25.1 - https:\/\/yoast.com\/wordpress\/plugins\/seo\/ -->\n<title>W\u00e4schewechsel - Cleaning on Northern Cyprus<\/title>\n<meta name=\"robots\" content=\"index, follow, max-snippet:-1, max-image-preview:large, max-video-preview:-1\" \/>\n<link rel=\"canonical\" href=\"https:\/\/cleaningonnortherncyprus.com\/de\/dienstleistungen\/reinigung-nach-der-miete\/waeschewechsel\/\" \/>\n<meta property=\"og:locale\" content=\"de_DE\" \/>\n<meta property=\"og:type\" content=\"article\" \/>\n<meta property=\"og:title\" content=\"W\u00e4schewechsel - Cleaning on Northern Cyprus\" \/>\n<meta property=\"og:description\" content=\"\u2190 Dienstleistungen \/ Reinigung nach der Vermietung W\u00e4schewechsel W\u00e4schewechsel \u2013 Sauberkeit und Komfort f\u00fcr Ihre G\u00e4ste Frische Bettw\u00e4sche ist ein [&hellip;]\" \/>\n<meta property=\"og:url\" content=\"https:\/\/cleaningonnortherncyprus.com\/de\/dienstleistungen\/reinigung-nach-der-miete\/waeschewechsel\/\" \/>\n<meta property=\"og:site_name\" content=\"Cleaning on Northern Cyprus\" \/>\n<meta property=\"article:modified_time\" content=\"2025-12-08T14:58:12+00:00\" \/>\n<meta property=\"og:image\" content=\"https:\/\/cleaningonnortherncyprus.com\/wp-content\/uploads\/2025\/03\/linen-refreshing-cleaning-after-rent.jpg\" \/>\n\t<meta property=\"og:image:width\" content=\"1000\" \/>\n\t<meta property=\"og:image:height\" content=\"1000\" \/>\n\t<meta property=\"og:image:type\" content=\"image\/jpeg\" \/>\n<meta name=\"twitter:card\" content=\"summary_large_image\" \/>\n<meta name=\"twitter:label1\" content=\"Est. reading time\" \/>\n\t<meta name=\"twitter:data1\" content=\"4\u00a0Minuten\" \/>\n<script type=\"application\/ld+json\" class=\"yoast-schema-graph\">{\"@context\":\"https:\/\/schema.org\",\"@graph\":[{\"@type\":\"WebPage\",\"@id\":\"https:\/\/cleaningonnortherncyprus.com\/de\/dienstleistungen\/reinigung-nach-der-miete\/waeschewechsel\/\",\"url\":\"https:\/\/cleaningonnortherncyprus.com\/de\/dienstleistungen\/reinigung-nach-der-miete\/waeschewechsel\/\",\"name\":\"W\u00e4schewechsel - Cleaning on Northern Cyprus\",\"isPartOf\":{\"@id\":\"https:\/\/cleaningonnortherncyprus.com\/#website\"},\"primaryImageOfPage\":{\"@id\":\"https:\/\/cleaningonnortherncyprus.com\/de\/dienstleistungen\/reinigung-nach-der-miete\/waeschewechsel\/#primaryimage\"},\"image\":{\"@id\":\"https:\/\/cleaningonnortherncyprus.com\/de\/dienstleistungen\/reinigung-nach-der-miete\/waeschewechsel\/#primaryimage\"},\"thumbnailUrl\":\"https:\/\/cleaningonnortherncyprus.com\/wp-content\/uploads\/2025\/03\/linen-refreshing-cleaning-after-rent.jpg\",\"datePublished\":\"2025-03-10T14:16:18+00:00\",\"dateModified\":\"2025-12-08T14:58:12+00:00\",\"breadcrumb\":{\"@id\":\"https:\/\/cleaningonnortherncyprus.com\/de\/dienstleistungen\/reinigung-nach-der-miete\/waeschewechsel\/#breadcrumb\"},\"inLanguage\":\"de\",\"potentialAction\":[{\"@type\":\"ReadAction\",\"target\":[\"https:\/\/cleaningonnortherncyprus.com\/de\/dienstleistungen\/reinigung-nach-der-miete\/waeschewechsel\/\"]}]},{\"@type\":\"ImageObject\",\"inLanguage\":\"de\",\"@id\":\"https:\/\/cleaningonnortherncyprus.com\/de\/dienstleistungen\/reinigung-nach-der-miete\/waeschewechsel\/#primaryimage\",\"url\":\"https:\/\/cleaningonnortherncyprus.com\/wp-content\/uploads\/2025\/03\/linen-refreshing-cleaning-after-rent.jpg\",\"contentUrl\":\"https:\/\/cleaningonnortherncyprus.com\/wp-content\/uploads\/2025\/03\/linen-refreshing-cleaning-after-rent.jpg\",\"width\":1000,\"height\":1000},{\"@type\":\"BreadcrumbList\",\"@id\":\"https:\/\/cleaningonnortherncyprus.com\/de\/dienstleistungen\/reinigung-nach-der-miete\/waeschewechsel\/#breadcrumb\",\"itemListElement\":[{\"@type\":\"ListItem\",\"position\":1,\"name\":\"\u0413\u043b\u0430\u0432\u043d\u0430\u044f \u0441\u0442\u0440\u0430\u043d\u0438\u0446\u0430\",\"item\":\"https:\/\/cleaningonnortherncyprus.com\/\"},{\"@type\":\"ListItem\",\"position\":2,\"name\":\"Dienstleistungen\",\"item\":\"https:\/\/cleaningonnortherncyprus.com\/de\/dienstleistungen\/\"},{\"@type\":\"ListItem\",\"position\":3,\"name\":\"Reinigung nach der Miete\",\"item\":\"https:\/\/cleaningonnortherncyprus.com\/de\/dienstleistungen\/reinigung-nach-der-miete\/\"},{\"@type\":\"ListItem\",\"position\":4,\"name\":\"W\u00e4schewechsel\"}]},{\"@type\":\"WebSite\",\"@id\":\"https:\/\/cleaningonnortherncyprus.com\/#website\",\"url\":\"https:\/\/cleaningonnortherncyprus.com\/\",\"name\":\"Cleaning on Northern Cyprus\",\"description\":\"\",\"publisher\":{\"@id\":\"https:\/\/cleaningonnortherncyprus.com\/#organization\"},\"potentialAction\":[{\"@type\":\"SearchAction\",\"target\":{\"@type\":\"EntryPoint\",\"urlTemplate\":\"https:\/\/cleaningonnortherncyprus.com\/?s={search_term_string}\"},\"query-input\":{\"@type\":\"PropertyValueSpecification\",\"valueRequired\":true,\"valueName\":\"search_term_string\"}}],\"inLanguage\":\"de\"},{\"@type\":\"Organization\",\"@id\":\"https:\/\/cleaningonnortherncyprus.com\/#organization\",\"name\":\"Cleaning on Northern Cyprus\",\"url\":\"https:\/\/cleaningonnortherncyprus.com\/\",\"logo\":{\"@type\":\"ImageObject\",\"inLanguage\":\"de\",\"@id\":\"https:\/\/cleaningonnortherncyprus.com\/#\/schema\/logo\/image\/\",\"url\":\"https:\/\/cleaningonnortherncyprus.com\/wp-content\/uploads\/2025\/01\/logo_cleaning_white.png\",\"contentUrl\":\"https:\/\/cleaningonnortherncyprus.com\/wp-content\/uploads\/2025\/01\/logo_cleaning_white.png\",\"width\":1600,\"height\":355,\"caption\":\"Cleaning on Northern Cyprus\"},\"image\":{\"@id\":\"https:\/\/cleaningonnortherncyprus.com\/#\/schema\/logo\/image\/\"}}]}<\/script>\n<!-- \/ Yoast SEO plugin. -->","yoast_head_json":{"title":"W\u00e4schewechsel - Cleaning on Northern Cyprus","robots":{"index":"index","follow":"follow","max-snippet":"max-snippet:-1","max-image-preview":"max-image-preview:large","max-video-preview":"max-video-preview:-1"},"canonical":"https:\/\/cleaningonnortherncyprus.com\/de\/dienstleistungen\/reinigung-nach-der-miete\/waeschewechsel\/","og_locale":"de_DE","og_type":"article","og_title":"W\u00e4schewechsel - Cleaning on Northern Cyprus","og_description":"\u2190 Dienstleistungen \/ Reinigung nach der Vermietung W\u00e4schewechsel W\u00e4schewechsel \u2013 Sauberkeit und Komfort f\u00fcr Ihre G\u00e4ste Frische Bettw\u00e4sche ist ein [&hellip;]","og_url":"https:\/\/cleaningonnortherncyprus.com\/de\/dienstleistungen\/reinigung-nach-der-miete\/waeschewechsel\/","og_site_name":"Cleaning on Northern Cyprus","article_modified_time":"2025-12-08T14:58:12+00:00","og_image":[{"width":1000,"height":1000,"url":"https:\/\/cleaningonnortherncyprus.com\/wp-content\/uploads\/2025\/03\/linen-refreshing-cleaning-after-rent.jpg","type":"image\/jpeg"}],"twitter_card":"summary_large_image","twitter_misc":{"Est. reading time":"4\u00a0Minuten"},"schema":{"@context":"https:\/\/schema.org","@graph":[{"@type":"WebPage","@id":"https:\/\/cleaningonnortherncyprus.com\/de\/dienstleistungen\/reinigung-nach-der-miete\/waeschewechsel\/","url":"https:\/\/cleaningonnortherncyprus.com\/de\/dienstleistungen\/reinigung-nach-der-miete\/waeschewechsel\/","name":"W\u00e4schewechsel - Cleaning on Northern Cyprus","isPartOf":{"@id":"https:\/\/cleaningonnortherncyprus.com\/#website"},"primaryImageOfPage":{"@id":"https:\/\/cleaningonnortherncyprus.com\/de\/dienstleistungen\/reinigung-nach-der-miete\/waeschewechsel\/#primaryimage"},"image":{"@id":"https:\/\/cleaningonnortherncyprus.com\/de\/dienstleistungen\/reinigung-nach-der-miete\/waeschewechsel\/#primaryimage"},"thumbnailUrl":"https:\/\/cleaningonnortherncyprus.com\/wp-content\/uploads\/2025\/03\/linen-refreshing-cleaning-after-rent.jpg","datePublished":"2025-03-10T14:16:18+00:00","dateModified":"2025-12-08T14:58:12+00:00","breadcrumb":{"@id":"https:\/\/cleaningonnortherncyprus.com\/de\/dienstleistungen\/reinigung-nach-der-miete\/waeschewechsel\/#breadcrumb"},"inLanguage":"de","potentialAction":[{"@type":"ReadAction","target":["https:\/\/cleaningonnortherncyprus.com\/de\/dienstleistungen\/reinigung-nach-der-miete\/waeschewechsel\/"]}]},{"@type":"ImageObject","inLanguage":"de","@id":"https:\/\/cleaningonnortherncyprus.com\/de\/dienstleistungen\/reinigung-nach-der-miete\/waeschewechsel\/#primaryimage","url":"https:\/\/cleaningonnortherncyprus.com\/wp-content\/uploads\/2025\/03\/linen-refreshing-cleaning-after-rent.jpg","contentUrl":"https:\/\/cleaningonnortherncyprus.com\/wp-content\/uploads\/2025\/03\/linen-refreshing-cleaning-after-rent.jpg","width":1000,"height":1000},{"@type":"BreadcrumbList","@id":"https:\/\/cleaningonnortherncyprus.com\/de\/dienstleistungen\/reinigung-nach-der-miete\/waeschewechsel\/#breadcrumb","itemListElement":[{"@type":"ListItem","position":1,"name":"\u0413\u043b\u0430\u0432\u043d\u0430\u044f \u0441\u0442\u0440\u0430\u043d\u0438\u0446\u0430","item":"https:\/\/cleaningonnortherncyprus.com\/"},{"@type":"ListItem","position":2,"name":"Dienstleistungen","item":"https:\/\/cleaningonnortherncyprus.com\/de\/dienstleistungen\/"},{"@type":"ListItem","position":3,"name":"Reinigung nach der Miete","item":"https:\/\/cleaningonnortherncyprus.com\/de\/dienstleistungen\/reinigung-nach-der-miete\/"},{"@type":"ListItem","position":4,"name":"W\u00e4schewechsel"}]},{"@type":"WebSite","@id":"https:\/\/cleaningonnortherncyprus.com\/#website","url":"https:\/\/cleaningonnortherncyprus.com\/","name":"Cleaning on Northern Cyprus","description":"","publisher":{"@id":"https:\/\/cleaningonnortherncyprus.com\/#organization"},"potentialAction":[{"@type":"SearchAction","target":{"@type":"EntryPoint","urlTemplate":"https:\/\/cleaningonnortherncyprus.com\/?s={search_term_string}"},"query-input":{"@type":"PropertyValueSpecification","valueRequired":true,"valueName":"search_term_string"}}],"inLanguage":"de"},{"@type":"Organization","@id":"https:\/\/cleaningonnortherncyprus.com\/#organization","name":"Cleaning on Northern Cyprus","url":"https:\/\/cleaningonnortherncyprus.com\/","logo":{"@type":"ImageObject","inLanguage":"de","@id":"https:\/\/cleaningonnortherncyprus.com\/#\/schema\/logo\/image\/","url":"https:\/\/cleaningonnortherncyprus.com\/wp-content\/uploads\/2025\/01\/logo_cleaning_white.png","contentUrl":"https:\/\/cleaningonnortherncyprus.com\/wp-content\/uploads\/2025\/01\/logo_cleaning_white.png","width":1600,"height":355,"caption":"Cleaning on Northern Cyprus"},"image":{"@id":"https:\/\/cleaningonnortherncyprus.com\/#\/schema\/logo\/image\/"}}]}},"_links":{"self":[{"href":"https:\/\/cleaningonnortherncyprus.com\/de\/wp-json\/wp\/v2\/pages\/7310","targetHints":{"allow":["GET"]}}],"collection":[{"href":"https:\/\/cleaningonnortherncyprus.com\/de\/wp-json\/wp\/v2\/pages"}],"about":[{"href":"https:\/\/cleaningonnortherncyprus.com\/de\/wp-json\/wp\/v2\/types\/page"}],"author":[{"embeddable":true,"href":"https:\/\/cleaningonnortherncyprus.com\/de\/wp-json\/wp\/v2\/users\/1"}],"replies":[{"embeddable":true,"href":"https:\/\/cleaningonnortherncyprus.com\/de\/wp-json\/wp\/v2\/comments?post=7310"}],"version-history":[{"count":4,"href":"https:\/\/cleaningonnortherncyprus.com\/de\/wp-json\/wp\/v2\/pages\/7310\/revisions"}],"predecessor-version":[{"id":9193,"href":"https:\/\/cleaningonnortherncyprus.com\/de\/wp-json\/wp\/v2\/pages\/7310\/revisions\/9193"}],"up":[{"embeddable":true,"href":"https:\/\/cleaningonnortherncyprus.com\/de\/wp-json\/wp\/v2\/pages\/6285"}],"wp:featuredmedia":[{"embeddable":true,"href":"https:\/\/cleaningonnortherncyprus.com\/de\/wp-json\/wp\/v2\/media\/7291"}],"wp:attachment":[{"href":"https:\/\/cleaningonnortherncyprus.com\/de\/wp-json\/wp\/v2\/media?parent=7310"}],"curies":[{"name":"wp","href":"https:\/\/api.w.org\/{rel}","templated":true}]}}