{"id":7327,"date":"2025-03-10T17:46:26","date_gmt":"2025-03-10T15:46:26","guid":{"rendered":"https:\/\/cleaningonnortherncyprus.com\/dienstleistungen\/reinigung-nach-der-miete\/oberflaechenstaubwischen\/"},"modified":"2025-12-08T16:53:48","modified_gmt":"2025-12-08T14:53:48","slug":"oberflaechenstaubwischen","status":"publish","type":"page","link":"https:\/\/cleaningonnortherncyprus.com\/de\/dienstleistungen\/reinigung-nach-der-miete\/oberflaechenstaubwischen\/","title":{"rendered":"Oberfl\u00e4chenstaubwischen"},"content":{"rendered":"\t\t<div data-elementor-type=\"wp-page\" data-elementor-id=\"7327\" class=\"elementor elementor-7327 elementor-7314\" data-elementor-post-type=\"page\">\n\t\t\t\t<div class=\"elementor-element elementor-element-21267d91 e-flex e-con-boxed e-con e-parent\" data-id=\"21267d91\" data-element_type=\"container\" data-settings=\"{&quot;background_background&quot;:&quot;classic&quot;}\">\n\t\t\t\t\t<div class=\"e-con-inner\">\n\t\t<div class=\"elementor-element elementor-element-3cf93871 e-con-full e-flex e-con e-child\" data-id=\"3cf93871\" data-element_type=\"container\" data-settings=\"{&quot;sticky&quot;:&quot;top&quot;,&quot;sticky_parent&quot;:&quot;yes&quot;,&quot;sticky_on&quot;:[&quot;desktop&quot;,&quot;laptop&quot;,&quot;tablet_extra&quot;,&quot;tablet&quot;,&quot;mobile_extra&quot;,&quot;mobile&quot;],&quot;sticky_offset&quot;:0,&quot;sticky_effects_offset&quot;:0,&quot;sticky_anchor_link_offset&quot;:0}\">\n\t\t\t\t<div class=\"elementor-element elementor-element-81eb9d2 hover-img elementor-hidden-mobile_extra elementor-hidden-mobile elementor-widget elementor-widget-image\" data-id=\"81eb9d2\" data-element_type=\"widget\" data-widget_type=\"image.default\">\n\t\t\t\t<div class=\"elementor-widget-container\">\n\t\t\t\t\t\t\t\t\t\t\t\t\t\t\t<img fetchpriority=\"high\" decoding=\"async\" width=\"1024\" height=\"1024\" src=\"https:\/\/cleaningonnortherncyprus.com\/wp-content\/uploads\/2025\/03\/surface-dusting.jpg\" class=\"attachment-full size-full wp-image-7316\" alt=\"\" srcset=\"https:\/\/cleaningonnortherncyprus.com\/wp-content\/uploads\/2025\/03\/surface-dusting.jpg 1024w, https:\/\/cleaningonnortherncyprus.com\/wp-content\/uploads\/2025\/03\/surface-dusting-300x300.jpg 300w, https:\/\/cleaningonnortherncyprus.com\/wp-content\/uploads\/2025\/03\/surface-dusting-150x150.jpg 150w, https:\/\/cleaningonnortherncyprus.com\/wp-content\/uploads\/2025\/03\/surface-dusting-768x768.jpg 768w, https:\/\/cleaningonnortherncyprus.com\/wp-content\/uploads\/2025\/03\/surface-dusting-600x600.jpg 600w, https:\/\/cleaningonnortherncyprus.com\/wp-content\/uploads\/2025\/03\/surface-dusting-100x100.jpg 100w\" sizes=\"(max-width: 1024px) 100vw, 1024px\" \/>\t\t\t\t\t\t\t\t\t\t\t\t\t\t\t<\/div>\n\t\t\t\t<\/div>\n\t\t\t\t<\/div>\n\t\t<div class=\"elementor-element elementor-element-677e7222 e-con-full e-flex e-con e-child\" data-id=\"677e7222\" data-element_type=\"container\">\n\t\t\t\t<div class=\"elementor-element elementor-element-4d972f94 elementor-widget elementor-widget-html\" data-id=\"4d972f94\" data-element_type=\"widget\" data-widget_type=\"html.default\">\n\t\t\t\t<div class=\"elementor-widget-container\">\n\t\t\t\t\t<a href=\"https:\/\/cleaningonnortherncyprus.com\/de\/dienstleistungen\/reinigung-nach-der-miete\/\" class=\"parent-page-button\">\u2190 Dienstleistungen \/ Reinigung nach der Vermietung<\/a>\t\t\t\t<\/div>\n\t\t\t\t<\/div>\n\t\t\t\t<div class=\"elementor-element elementor-element-565d2839 elementor-widget elementor-widget-heading\" data-id=\"565d2839\" data-element_type=\"widget\" data-widget_type=\"heading.default\">\n\t\t\t\t<div class=\"elementor-widget-container\">\n\t\t\t\t\t<h1 class=\"elementor-heading-title elementor-size-default\">Oberfl\u00e4chenreinigung<\/h1>\t\t\t\t<\/div>\n\t\t\t\t<\/div>\n\t\t\t\t<div class=\"elementor-element elementor-element-6d287cc0 hover-img elementor-hidden-desktop elementor-hidden-laptop elementor-hidden-tablet_extra elementor-hidden-tablet elementor-widget elementor-widget-image\" data-id=\"6d287cc0\" data-element_type=\"widget\" data-widget_type=\"image.default\">\n\t\t\t\t<div class=\"elementor-widget-container\">\n\t\t\t\t\t\t\t\t\t\t\t\t\t\t\t<img decoding=\"async\" width=\"640\" height=\"640\" src=\"https:\/\/cleaningonnortherncyprus.com\/wp-content\/uploads\/2025\/03\/surface-dusting.jpg\" class=\"attachment-large size-large wp-image-7316\" alt=\"\" srcset=\"https:\/\/cleaningonnortherncyprus.com\/wp-content\/uploads\/2025\/03\/surface-dusting.jpg 1024w, https:\/\/cleaningonnortherncyprus.com\/wp-content\/uploads\/2025\/03\/surface-dusting-300x300.jpg 300w, https:\/\/cleaningonnortherncyprus.com\/wp-content\/uploads\/2025\/03\/surface-dusting-150x150.jpg 150w, https:\/\/cleaningonnortherncyprus.com\/wp-content\/uploads\/2025\/03\/surface-dusting-768x768.jpg 768w, https:\/\/cleaningonnortherncyprus.com\/wp-content\/uploads\/2025\/03\/surface-dusting-600x600.jpg 600w, https:\/\/cleaningonnortherncyprus.com\/wp-content\/uploads\/2025\/03\/surface-dusting-100x100.jpg 100w\" sizes=\"(max-width: 640px) 100vw, 640px\" \/>\t\t\t\t\t\t\t\t\t\t\t\t\t\t\t<\/div>\n\t\t\t\t<\/div>\n\t\t\t\t<div class=\"elementor-element elementor-element-297a3e99 elementor-widget elementor-widget-text-editor\" data-id=\"297a3e99\" data-element_type=\"widget\" data-widget_type=\"text-editor.default\">\n\t\t\t\t<div class=\"elementor-widget-container\">\n\t\t\t\t\t\t\t\t\t<h3 data-start=\"0\" data-end=\"67\">Oberfl\u00e4chenstaubwischen \u2013 Frische und allergenfreie Sauberkeit f\u00fcr Ihre Mietunterkunft<\/h3>\n<p data-start=\"69\" data-end=\"574\">Ein sauberes Zuhause bedeutet mehr als nur Staubsaugen und Wischen. Einer der oft vernachl\u00e4ssigten, aber wesentlichen Aspekte der Apartment-Reinigungsdienste ist das Oberfl\u00e4chenstaubwischen. Staub sammelt sich auf M\u00f6beln, Regalen, Elektronikger\u00e4ten und Dekorationen an, was nicht nur unordentlich aussieht, sondern auch Allergien ausl\u00f6sen kann. Im Rahmen unserer Reinigung nach der Vermietung sorgen wir f\u00fcr eine gr\u00fcndliche Staubentfernung, um alle Staubpartikel, Schmutz und Allergene zu beseitigen und eine frische, einladende Atmosph\u00e4re f\u00fcr Ihre G\u00e4ste zu schaffen.   <\/p>\n\t\t\t\t\t\t\t\t<\/div>\n\t\t\t\t<\/div>\n\t\t\t\t<\/div>\n\t\t\t\t\t<\/div>\n\t\t\t\t<\/div>\n\t\t<div class=\"elementor-element elementor-element-24c8275a e-flex e-con-boxed e-con e-parent\" data-id=\"24c8275a\" data-element_type=\"container\" data-settings=\"{&quot;background_background&quot;:&quot;classic&quot;}\">\n\t\t\t\t\t<div class=\"e-con-inner\">\n\t\t<div class=\"elementor-element elementor-element-625eb9a4 e-con-full e-flex e-con e-child\" data-id=\"625eb9a4\" data-element_type=\"container\">\n\t\t\t\t<div class=\"elementor-element elementor-element-558c24c elementor-widget elementor-widget-Section Title\" data-id=\"558c24c\" data-element_type=\"widget\" data-widget_type=\"Section Title.default\">\n\t\t\t\t<div class=\"elementor-widget-container\">\n\t\t\t\t\t\t\t<div class=\"tt-section-title start\">\r\n\t\t    \t\t\t\t\t\t<div class=\"sub-title\"><span class=\"tt-section-sab\">Benefits of Choosing Our Services<\/span><\/div>\r\n\t\t\t\t\t\t\t\t\t\t\t\t\t\t\t\t<h2 class=\"section-heading\">Why is surface dusting important after a rental?<\/h2>\r\n\t\t\t\t\t\t\t\t\t\t\t<\/div>  \r\n\t\t\t\t\t\t<\/div>\n\t\t\t\t<\/div>\n\t\t\t\t<div class=\"elementor-element elementor-element-145cbb02 elementor-widget elementor-widget-text-editor\" data-id=\"145cbb02\" data-element_type=\"widget\" data-widget_type=\"text-editor.default\">\n\t\t\t\t<div class=\"elementor-widget-container\">\n\t\t\t\t\t\t\t\t\t<p data-start=\"632\" data-end=\"1021\">Staub ist \u00fcberall, und ohne regelm\u00e4\u00dfige Reinigung setzt er sich schnell auf Oberfl\u00e4chen ab, beeintr\u00e4chtigt die Luftqualit\u00e4t und das Gesamtbild Ihrer Mietunterkunft. Nach jedem G\u00e4steaufenthalt kann sich Staub auf M\u00f6beln, Arbeitsplatten und schwer erreichbaren Stellen ansammeln. Unsere Reinigungsdienste f\u00fcr Wohnr\u00e4ume beinhalten eine sorgf\u00e4ltige Staubentfernung, um Ablagerungen zu verhindern und eine gepflegte, einladende Umgebung zu erhalten.  <\/p>\n<h4 data-start=\"1023\" data-end=\"1067\">Die wichtigsten Vorteile des Oberfl\u00e4chenstaubwischens:<\/h4>\n<p>&#8211; Bessere Luftqualit\u00e4t im Innenraum. Durch das Entfernen von Staubpartikeln werden Allergene reduziert und die Luftfrische verbessert. <\/p>\n<p>&#8211; Gesteigerte Sauberkeit. Regelm\u00e4\u00dfiges Staubwischen verhindert sichtbare Verschmutzungen und sorgt f\u00fcr makellose Oberfl\u00e4chen. <\/p>\n<p>&#8211; Schutz von M\u00f6beln und Dekorationen. Staubentfernung bewahrt die Qualit\u00e4t von Holz-, Glas- und elektronischen Oberfl\u00e4chen. <\/p>\n<p>&#8211; Ein gepflegtes, einladendes Ambiente. Staubfreie R\u00e4ume hinterlassen bei G\u00e4sten einen hervorragenden ersten Eindruck. <\/p>\n<h3 data-start=\"1511\" data-end=\"1563\">Was beinhaltet unser Oberfl\u00e4chenstaubwisch-Service?<\/h3>\n<p data-start=\"1565\" data-end=\"1742\">Im Rahmen unserer professionellen Hausreinigung legen wir besonderen Wert auf die Staubentfernung und sorgen daf\u00fcr, dass alle Bereiche frei von Schmutz und Allergenen bleiben. Unser Prozess umfasst: <\/p>\n<p>&#8211; Staubwischen auf M\u00f6beln. Sorgf\u00e4ltige Reinigung von Tischen, St\u00fchlen, Regalen und Schr\u00e4nken zur Staubentfernung. <\/p>\n<p>&#8211; Pflege von Elektronikger\u00e4ten und Haushaltsger\u00e4ten. Schonende Staubentfernung bei Fernsehern, Computern und K\u00fcchenger\u00e4ten, um staubbedingte Sch\u00e4den zu vermeiden. <\/p>\n<p>&#8211; Reinigung schwer erreichbarer Bereiche. Staubentfernung hinter M\u00f6beln, an Lampen und Fu\u00dfleisten, um versteckte Ablagerungen zu beseitigen. <\/p>\n<p>&#8211; Reinigung von Dekorationen und Accessoires. Abstauben von Bilderrahmen, Spiegeln und dekorativen Elementen f\u00fcr ein makelloses Erscheinungsbild. <\/p>\n<h3 data-start=\"2219\" data-end=\"2271\">Oberfl\u00e4chenstaubwischen f\u00fcr verschiedene Mietobjekte<\/h3>\n<p data-start=\"2273\" data-end=\"2440\">Egal, ob Sie ein Apartment, eine Villa oder eine langfristig vermietete Immobilie betreiben \u2013 unsere Apartment-Reinigungsdienste sorgen daf\u00fcr, dass alle Oberfl\u00e4chen stets staubfrei und gepflegt bleiben.<\/p>\n<p>&#8211; Apartment-Reinigung. Regelm\u00e4\u00dfiges Staubwischen h\u00e4lt Mietwohnungen frisch und gastfreundlich. <\/p>\n<p>&#8211; Villa-Reinigung. Umfassende Staubentfernung f\u00fcr gr\u00f6\u00dfere R\u00e4ume mit mehr Oberfl\u00e4chen. <\/p>\n<p>&#8211; Langfristige Mietbetreuung. Kontinuierliche Staubentfernung verhindert tiefsitzenden Schmutz in dauerhaft bewohnten Objekten. <\/p>\n<h3 data-start=\"2746\" data-end=\"2791\">Warum sollten Sie unseren Oberfl\u00e4chenstaubwisch-Service w\u00e4hlen?<\/h3>\n<p data-start=\"2793\" data-end=\"2960\">Unsere Reinigungsdienste f\u00fcr Wohnr\u00e4ume garantieren eine staubfreie Umgebung und bewahren die Sauberkeit und Attraktivit\u00e4t Ihrer Mietunterkunft. Deshalb heben wir uns von der Konkurrenz ab: <\/p>\n<p>&#8211; Detailgenaue Reinigung. Wir entfernen Staub selbst an den kleinsten und schwer zug\u00e4nglichen Stellen. <\/p>\n<p>&#8211; Sichere und umweltfreundliche Reinigungsmethoden. Hochwertige, ungiftige Produkte sorgen f\u00fcr eine gesunde Umgebung. <\/p>\n<p>&#8211; Schneller und effektiver Service. Gr\u00fcndliche Staubentfernung zwischen den G\u00e4steaufenthalten. <\/p>\n<p>&#8211; Flexible Terminplanung. Wir passen uns den Anforderungen Ihres Mietobjekts und den Zeitpl\u00e4nen Ihrer G\u00e4ste an. <\/p>\n<h3 data-start=\"3347\" data-end=\"3404\">Buchen Sie noch heute eine Reinigung nach der Vermietung mit Oberfl\u00e4chenstaubwischen<\/h3>\n<p data-start=\"3406\" data-end=\"3745\">Sorgen Sie daf\u00fcr, dass Ihre Mietunterkunft frisch, gepflegt und allergenfrei bleibt. Unser Oberfl\u00e4chenstaubwischen, das in der Reinigung nach der Vermietung enthalten ist, stellt sicher, dass jede Oberfl\u00e4che makellos ist und Ihre n\u00e4chsten G\u00e4ste sich rundum wohlf\u00fchlen. Kontaktieren Sie uns noch heute, um eine Villa-Reinigung oder Apartment-Reinigung zu buchen und Ihre Immobilie stets in bestem Zustand zu halten.  <\/p>\n\t\t\t\t\t\t\t\t<\/div>\n\t\t\t\t<\/div>\n\t\t\t\t<div class=\"elementor-element elementor-element-47bc3fb elementor-widget elementor-widget-text-editor\" data-id=\"47bc3fb\" data-element_type=\"widget\" data-widget_type=\"text-editor.default\">\n\t\t\t\t<div class=\"elementor-widget-container\">\n\t\t\t\t\t\t\t\t\t<p>Siehe auch: <a href=\"https:\/\/cleaningonnortherncyprus.com\/de\/dienstleistungen\/reinigung-nach-der-miete\/optionale-dienstleistungen\/\">https:\/\/cleaningonnortherncyprus.com\/de\/dienstleistungen\/reinigung-nach-der-miete\/optionale-dienstleistungen\/<\/a><\/p>\t\t\t\t\t\t\t\t<\/div>\n\t\t\t\t<\/div>\n\t\t\t\t<\/div>\n\t\t\t\t\t<\/div>\n\t\t\t\t<\/div>\n\t\t\t\t<\/div>\n\t\t","protected":false},"excerpt":{"rendered":"<p>\u2190 Dienstleistungen \/ Reinigung nach der Vermietung Oberfl\u00e4chenreinigung Oberfl\u00e4chenstaubwischen \u2013 Frische und allergenfreie Sauberkeit f\u00fcr Ihre Mietunterkunft Ein sauberes Zuhause [&hellip;]<\/p>\n","protected":false},"author":1,"featured_media":7316,"parent":6285,"menu_order":0,"comment_status":"closed","ping_status":"closed","template":"elementor_header_footer","meta":{"footnotes":""},"class_list":["post-7327","page","type-page","status-publish","has-post-thumbnail","hentry"],"yoast_head":"<!-- This site is optimized with the Yoast SEO plugin v25.1 - https:\/\/yoast.com\/wordpress\/plugins\/seo\/ -->\n<title>Oberfl\u00e4chenstaubwischen - Cleaning on Northern Cyprus<\/title>\n<meta name=\"robots\" content=\"index, follow, max-snippet:-1, max-image-preview:large, max-video-preview:-1\" \/>\n<link rel=\"canonical\" href=\"https:\/\/cleaningonnortherncyprus.com\/de\/dienstleistungen\/reinigung-nach-der-miete\/oberflaechenstaubwischen\/\" \/>\n<meta property=\"og:locale\" content=\"de_DE\" \/>\n<meta property=\"og:type\" content=\"article\" \/>\n<meta property=\"og:title\" content=\"Oberfl\u00e4chenstaubwischen - Cleaning on Northern Cyprus\" \/>\n<meta property=\"og:description\" content=\"\u2190 Dienstleistungen \/ Reinigung nach der Vermietung Oberfl\u00e4chenreinigung Oberfl\u00e4chenstaubwischen \u2013 Frische und allergenfreie Sauberkeit f\u00fcr Ihre Mietunterkunft Ein sauberes Zuhause [&hellip;]\" \/>\n<meta property=\"og:url\" content=\"https:\/\/cleaningonnortherncyprus.com\/de\/dienstleistungen\/reinigung-nach-der-miete\/oberflaechenstaubwischen\/\" \/>\n<meta property=\"og:site_name\" content=\"Cleaning on Northern Cyprus\" \/>\n<meta property=\"article:modified_time\" content=\"2025-12-08T14:53:48+00:00\" \/>\n<meta property=\"og:image\" content=\"https:\/\/cleaningonnortherncyprus.com\/wp-content\/uploads\/2025\/03\/surface-dusting.jpg\" \/>\n\t<meta property=\"og:image:width\" content=\"1024\" \/>\n\t<meta property=\"og:image:height\" content=\"1024\" \/>\n\t<meta property=\"og:image:type\" content=\"image\/jpeg\" \/>\n<meta name=\"twitter:card\" content=\"summary_large_image\" \/>\n<meta name=\"twitter:label1\" content=\"Est. reading time\" \/>\n\t<meta name=\"twitter:data1\" content=\"4\u00a0Minuten\" \/>\n<script type=\"application\/ld+json\" class=\"yoast-schema-graph\">{\"@context\":\"https:\/\/schema.org\",\"@graph\":[{\"@type\":\"WebPage\",\"@id\":\"https:\/\/cleaningonnortherncyprus.com\/de\/dienstleistungen\/reinigung-nach-der-miete\/oberflaechenstaubwischen\/\",\"url\":\"https:\/\/cleaningonnortherncyprus.com\/de\/dienstleistungen\/reinigung-nach-der-miete\/oberflaechenstaubwischen\/\",\"name\":\"Oberfl\u00e4chenstaubwischen - Cleaning on Northern Cyprus\",\"isPartOf\":{\"@id\":\"https:\/\/cleaningonnortherncyprus.com\/#website\"},\"primaryImageOfPage\":{\"@id\":\"https:\/\/cleaningonnortherncyprus.com\/de\/dienstleistungen\/reinigung-nach-der-miete\/oberflaechenstaubwischen\/#primaryimage\"},\"image\":{\"@id\":\"https:\/\/cleaningonnortherncyprus.com\/de\/dienstleistungen\/reinigung-nach-der-miete\/oberflaechenstaubwischen\/#primaryimage\"},\"thumbnailUrl\":\"https:\/\/cleaningonnortherncyprus.com\/wp-content\/uploads\/2025\/03\/surface-dusting.jpg\",\"datePublished\":\"2025-03-10T15:46:26+00:00\",\"dateModified\":\"2025-12-08T14:53:48+00:00\",\"breadcrumb\":{\"@id\":\"https:\/\/cleaningonnortherncyprus.com\/de\/dienstleistungen\/reinigung-nach-der-miete\/oberflaechenstaubwischen\/#breadcrumb\"},\"inLanguage\":\"de\",\"potentialAction\":[{\"@type\":\"ReadAction\",\"target\":[\"https:\/\/cleaningonnortherncyprus.com\/de\/dienstleistungen\/reinigung-nach-der-miete\/oberflaechenstaubwischen\/\"]}]},{\"@type\":\"ImageObject\",\"inLanguage\":\"de\",\"@id\":\"https:\/\/cleaningonnortherncyprus.com\/de\/dienstleistungen\/reinigung-nach-der-miete\/oberflaechenstaubwischen\/#primaryimage\",\"url\":\"https:\/\/cleaningonnortherncyprus.com\/wp-content\/uploads\/2025\/03\/surface-dusting.jpg\",\"contentUrl\":\"https:\/\/cleaningonnortherncyprus.com\/wp-content\/uploads\/2025\/03\/surface-dusting.jpg\",\"width\":1024,\"height\":1024},{\"@type\":\"BreadcrumbList\",\"@id\":\"https:\/\/cleaningonnortherncyprus.com\/de\/dienstleistungen\/reinigung-nach-der-miete\/oberflaechenstaubwischen\/#breadcrumb\",\"itemListElement\":[{\"@type\":\"ListItem\",\"position\":1,\"name\":\"\u0413\u043b\u0430\u0432\u043d\u0430\u044f \u0441\u0442\u0440\u0430\u043d\u0438\u0446\u0430\",\"item\":\"https:\/\/cleaningonnortherncyprus.com\/\"},{\"@type\":\"ListItem\",\"position\":2,\"name\":\"Dienstleistungen\",\"item\":\"https:\/\/cleaningonnortherncyprus.com\/de\/dienstleistungen\/\"},{\"@type\":\"ListItem\",\"position\":3,\"name\":\"Reinigung nach der Miete\",\"item\":\"https:\/\/cleaningonnortherncyprus.com\/de\/dienstleistungen\/reinigung-nach-der-miete\/\"},{\"@type\":\"ListItem\",\"position\":4,\"name\":\"Oberfl\u00e4chenstaubwischen\"}]},{\"@type\":\"WebSite\",\"@id\":\"https:\/\/cleaningonnortherncyprus.com\/#website\",\"url\":\"https:\/\/cleaningonnortherncyprus.com\/\",\"name\":\"Cleaning on Northern Cyprus\",\"description\":\"\",\"publisher\":{\"@id\":\"https:\/\/cleaningonnortherncyprus.com\/#organization\"},\"potentialAction\":[{\"@type\":\"SearchAction\",\"target\":{\"@type\":\"EntryPoint\",\"urlTemplate\":\"https:\/\/cleaningonnortherncyprus.com\/?s={search_term_string}\"},\"query-input\":{\"@type\":\"PropertyValueSpecification\",\"valueRequired\":true,\"valueName\":\"search_term_string\"}}],\"inLanguage\":\"de\"},{\"@type\":\"Organization\",\"@id\":\"https:\/\/cleaningonnortherncyprus.com\/#organization\",\"name\":\"Cleaning on Northern Cyprus\",\"url\":\"https:\/\/cleaningonnortherncyprus.com\/\",\"logo\":{\"@type\":\"ImageObject\",\"inLanguage\":\"de\",\"@id\":\"https:\/\/cleaningonnortherncyprus.com\/#\/schema\/logo\/image\/\",\"url\":\"https:\/\/cleaningonnortherncyprus.com\/wp-content\/uploads\/2025\/01\/logo_cleaning_white.png\",\"contentUrl\":\"https:\/\/cleaningonnortherncyprus.com\/wp-content\/uploads\/2025\/01\/logo_cleaning_white.png\",\"width\":1600,\"height\":355,\"caption\":\"Cleaning on Northern Cyprus\"},\"image\":{\"@id\":\"https:\/\/cleaningonnortherncyprus.com\/#\/schema\/logo\/image\/\"}}]}<\/script>\n<!-- \/ Yoast SEO plugin. -->","yoast_head_json":{"title":"Oberfl\u00e4chenstaubwischen - Cleaning on Northern Cyprus","robots":{"index":"index","follow":"follow","max-snippet":"max-snippet:-1","max-image-preview":"max-image-preview:large","max-video-preview":"max-video-preview:-1"},"canonical":"https:\/\/cleaningonnortherncyprus.com\/de\/dienstleistungen\/reinigung-nach-der-miete\/oberflaechenstaubwischen\/","og_locale":"de_DE","og_type":"article","og_title":"Oberfl\u00e4chenstaubwischen - Cleaning on Northern Cyprus","og_description":"\u2190 Dienstleistungen \/ Reinigung nach der Vermietung Oberfl\u00e4chenreinigung Oberfl\u00e4chenstaubwischen \u2013 Frische und allergenfreie Sauberkeit f\u00fcr Ihre Mietunterkunft Ein sauberes Zuhause [&hellip;]","og_url":"https:\/\/cleaningonnortherncyprus.com\/de\/dienstleistungen\/reinigung-nach-der-miete\/oberflaechenstaubwischen\/","og_site_name":"Cleaning on Northern Cyprus","article_modified_time":"2025-12-08T14:53:48+00:00","og_image":[{"width":1024,"height":1024,"url":"https:\/\/cleaningonnortherncyprus.com\/wp-content\/uploads\/2025\/03\/surface-dusting.jpg","type":"image\/jpeg"}],"twitter_card":"summary_large_image","twitter_misc":{"Est. reading time":"4\u00a0Minuten"},"schema":{"@context":"https:\/\/schema.org","@graph":[{"@type":"WebPage","@id":"https:\/\/cleaningonnortherncyprus.com\/de\/dienstleistungen\/reinigung-nach-der-miete\/oberflaechenstaubwischen\/","url":"https:\/\/cleaningonnortherncyprus.com\/de\/dienstleistungen\/reinigung-nach-der-miete\/oberflaechenstaubwischen\/","name":"Oberfl\u00e4chenstaubwischen - Cleaning on Northern Cyprus","isPartOf":{"@id":"https:\/\/cleaningonnortherncyprus.com\/#website"},"primaryImageOfPage":{"@id":"https:\/\/cleaningonnortherncyprus.com\/de\/dienstleistungen\/reinigung-nach-der-miete\/oberflaechenstaubwischen\/#primaryimage"},"image":{"@id":"https:\/\/cleaningonnortherncyprus.com\/de\/dienstleistungen\/reinigung-nach-der-miete\/oberflaechenstaubwischen\/#primaryimage"},"thumbnailUrl":"https:\/\/cleaningonnortherncyprus.com\/wp-content\/uploads\/2025\/03\/surface-dusting.jpg","datePublished":"2025-03-10T15:46:26+00:00","dateModified":"2025-12-08T14:53:48+00:00","breadcrumb":{"@id":"https:\/\/cleaningonnortherncyprus.com\/de\/dienstleistungen\/reinigung-nach-der-miete\/oberflaechenstaubwischen\/#breadcrumb"},"inLanguage":"de","potentialAction":[{"@type":"ReadAction","target":["https:\/\/cleaningonnortherncyprus.com\/de\/dienstleistungen\/reinigung-nach-der-miete\/oberflaechenstaubwischen\/"]}]},{"@type":"ImageObject","inLanguage":"de","@id":"https:\/\/cleaningonnortherncyprus.com\/de\/dienstleistungen\/reinigung-nach-der-miete\/oberflaechenstaubwischen\/#primaryimage","url":"https:\/\/cleaningonnortherncyprus.com\/wp-content\/uploads\/2025\/03\/surface-dusting.jpg","contentUrl":"https:\/\/cleaningonnortherncyprus.com\/wp-content\/uploads\/2025\/03\/surface-dusting.jpg","width":1024,"height":1024},{"@type":"BreadcrumbList","@id":"https:\/\/cleaningonnortherncyprus.com\/de\/dienstleistungen\/reinigung-nach-der-miete\/oberflaechenstaubwischen\/#breadcrumb","itemListElement":[{"@type":"ListItem","position":1,"name":"\u0413\u043b\u0430\u0432\u043d\u0430\u044f \u0441\u0442\u0440\u0430\u043d\u0438\u0446\u0430","item":"https:\/\/cleaningonnortherncyprus.com\/"},{"@type":"ListItem","position":2,"name":"Dienstleistungen","item":"https:\/\/cleaningonnortherncyprus.com\/de\/dienstleistungen\/"},{"@type":"ListItem","position":3,"name":"Reinigung nach der Miete","item":"https:\/\/cleaningonnortherncyprus.com\/de\/dienstleistungen\/reinigung-nach-der-miete\/"},{"@type":"ListItem","position":4,"name":"Oberfl\u00e4chenstaubwischen"}]},{"@type":"WebSite","@id":"https:\/\/cleaningonnortherncyprus.com\/#website","url":"https:\/\/cleaningonnortherncyprus.com\/","name":"Cleaning on Northern Cyprus","description":"","publisher":{"@id":"https:\/\/cleaningonnortherncyprus.com\/#organization"},"potentialAction":[{"@type":"SearchAction","target":{"@type":"EntryPoint","urlTemplate":"https:\/\/cleaningonnortherncyprus.com\/?s={search_term_string}"},"query-input":{"@type":"PropertyValueSpecification","valueRequired":true,"valueName":"search_term_string"}}],"inLanguage":"de"},{"@type":"Organization","@id":"https:\/\/cleaningonnortherncyprus.com\/#organization","name":"Cleaning on Northern Cyprus","url":"https:\/\/cleaningonnortherncyprus.com\/","logo":{"@type":"ImageObject","inLanguage":"de","@id":"https:\/\/cleaningonnortherncyprus.com\/#\/schema\/logo\/image\/","url":"https:\/\/cleaningonnortherncyprus.com\/wp-content\/uploads\/2025\/01\/logo_cleaning_white.png","contentUrl":"https:\/\/cleaningonnortherncyprus.com\/wp-content\/uploads\/2025\/01\/logo_cleaning_white.png","width":1600,"height":355,"caption":"Cleaning on Northern Cyprus"},"image":{"@id":"https:\/\/cleaningonnortherncyprus.com\/#\/schema\/logo\/image\/"}}]}},"_links":{"self":[{"href":"https:\/\/cleaningonnortherncyprus.com\/de\/wp-json\/wp\/v2\/pages\/7327","targetHints":{"allow":["GET"]}}],"collection":[{"href":"https:\/\/cleaningonnortherncyprus.com\/de\/wp-json\/wp\/v2\/pages"}],"about":[{"href":"https:\/\/cleaningonnortherncyprus.com\/de\/wp-json\/wp\/v2\/types\/page"}],"author":[{"embeddable":true,"href":"https:\/\/cleaningonnortherncyprus.com\/de\/wp-json\/wp\/v2\/users\/1"}],"replies":[{"embeddable":true,"href":"https:\/\/cleaningonnortherncyprus.com\/de\/wp-json\/wp\/v2\/comments?post=7327"}],"version-history":[{"count":4,"href":"https:\/\/cleaningonnortherncyprus.com\/de\/wp-json\/wp\/v2\/pages\/7327\/revisions"}],"predecessor-version":[{"id":9183,"href":"https:\/\/cleaningonnortherncyprus.com\/de\/wp-json\/wp\/v2\/pages\/7327\/revisions\/9183"}],"up":[{"embeddable":true,"href":"https:\/\/cleaningonnortherncyprus.com\/de\/wp-json\/wp\/v2\/pages\/6285"}],"wp:featuredmedia":[{"embeddable":true,"href":"https:\/\/cleaningonnortherncyprus.com\/de\/wp-json\/wp\/v2\/media\/7316"}],"wp:attachment":[{"href":"https:\/\/cleaningonnortherncyprus.com\/de\/wp-json\/wp\/v2\/media?parent=7327"}],"curies":[{"name":"wp","href":"https:\/\/api.w.org\/{rel}","templated":true}]}}