{"id":7429,"date":"2025-03-11T23:55:43","date_gmt":"2025-03-11T21:55:43","guid":{"rendered":"https:\/\/cleaningonnortherncyprus.com\/dienstleistungen\/reinigung-nach-dem-bau\/grundreinigung-nach-bauarbeiten\/"},"modified":"2025-12-08T16:49:31","modified_gmt":"2025-12-08T14:49:31","slug":"grundreinigung-nach-bauarbeiten","status":"publish","type":"page","link":"https:\/\/cleaningonnortherncyprus.com\/de\/dienstleistungen\/reinigung-nach-dem-bau\/grundreinigung-nach-bauarbeiten\/","title":{"rendered":"Grundreinigung nach Bauarbeiten"},"content":{"rendered":"\t\t<div data-elementor-type=\"wp-page\" data-elementor-id=\"7429\" class=\"elementor elementor-7429 elementor-7418\" data-elementor-post-type=\"page\">\n\t\t\t\t<div class=\"elementor-element elementor-element-2a0851b9 e-flex e-con-boxed e-con e-parent\" data-id=\"2a0851b9\" data-element_type=\"container\" data-settings=\"{&quot;background_background&quot;:&quot;classic&quot;}\">\n\t\t\t\t\t<div class=\"e-con-inner\">\n\t\t<div class=\"elementor-element elementor-element-40591b9b e-con-full e-flex e-con e-child\" data-id=\"40591b9b\" data-element_type=\"container\" data-settings=\"{&quot;sticky&quot;:&quot;top&quot;,&quot;sticky_parent&quot;:&quot;yes&quot;,&quot;sticky_on&quot;:[&quot;desktop&quot;,&quot;laptop&quot;,&quot;tablet_extra&quot;,&quot;tablet&quot;,&quot;mobile_extra&quot;,&quot;mobile&quot;],&quot;sticky_offset&quot;:0,&quot;sticky_effects_offset&quot;:0,&quot;sticky_anchor_link_offset&quot;:0}\">\n\t\t\t\t<div class=\"elementor-element elementor-element-57a017b0 hover-img elementor-hidden-mobile_extra elementor-hidden-mobile elementor-widget elementor-widget-image\" data-id=\"57a017b0\" data-element_type=\"widget\" data-widget_type=\"image.default\">\n\t\t\t\t<div class=\"elementor-widget-container\">\n\t\t\t\t\t\t\t\t\t\t\t\t\t\t\t<img fetchpriority=\"high\" decoding=\"async\" width=\"784\" height=\"784\" src=\"https:\/\/cleaningonnortherncyprus.com\/wp-content\/uploads\/2025\/02\/red.jpg\" class=\"attachment-full size-full wp-image-5966\" alt=\"\" srcset=\"https:\/\/cleaningonnortherncyprus.com\/wp-content\/uploads\/2025\/02\/red.jpg 784w, https:\/\/cleaningonnortherncyprus.com\/wp-content\/uploads\/2025\/02\/red-300x300.jpg 300w, https:\/\/cleaningonnortherncyprus.com\/wp-content\/uploads\/2025\/02\/red-150x150.jpg 150w, https:\/\/cleaningonnortherncyprus.com\/wp-content\/uploads\/2025\/02\/red-768x768.jpg 768w, https:\/\/cleaningonnortherncyprus.com\/wp-content\/uploads\/2025\/02\/red-600x600.jpg 600w, https:\/\/cleaningonnortherncyprus.com\/wp-content\/uploads\/2025\/02\/red-100x100.jpg 100w\" sizes=\"(max-width: 784px) 100vw, 784px\" \/>\t\t\t\t\t\t\t\t\t\t\t\t\t\t\t<\/div>\n\t\t\t\t<\/div>\n\t\t\t\t<\/div>\n\t\t<div class=\"elementor-element elementor-element-3b0615bf e-con-full e-flex e-con e-child\" data-id=\"3b0615bf\" data-element_type=\"container\">\n\t\t\t\t<div class=\"elementor-element elementor-element-1fd906b7 elementor-widget elementor-widget-html\" data-id=\"1fd906b7\" data-element_type=\"widget\" data-widget_type=\"html.default\">\n\t\t\t\t<div class=\"elementor-widget-container\">\n\t\t\t\t\t<a href=\"https:\/\/cleaningonnortherncyprus.com\/de\/dienstleistungen\/reinigung-nach-dem-bau\/\" class=\"parent-page-button\">\u2190 Dienstleistungen \/ Bauendreinigung<\/a>\t\t\t\t<\/div>\n\t\t\t\t<\/div>\n\t\t\t\t<div class=\"elementor-element elementor-element-59d3145b elementor-widget elementor-widget-heading\" data-id=\"59d3145b\" data-element_type=\"widget\" data-widget_type=\"heading.default\">\n\t\t\t\t<div class=\"elementor-widget-container\">\n\t\t\t\t\t<h1 class=\"elementor-heading-title elementor-size-default\">Grundreinigung nach Bauarbeiten<\/h1>\t\t\t\t<\/div>\n\t\t\t\t<\/div>\n\t\t\t\t<div class=\"elementor-element elementor-element-1ea30fd2 hover-img elementor-hidden-desktop elementor-hidden-laptop elementor-hidden-tablet_extra elementor-hidden-tablet elementor-widget elementor-widget-image\" data-id=\"1ea30fd2\" data-element_type=\"widget\" data-widget_type=\"image.default\">\n\t\t\t\t<div class=\"elementor-widget-container\">\n\t\t\t\t\t\t\t\t\t\t\t\t\t\t\t<img decoding=\"async\" width=\"640\" height=\"640\" src=\"https:\/\/cleaningonnortherncyprus.com\/wp-content\/uploads\/2025\/02\/red.jpg\" class=\"attachment-large size-large wp-image-5966\" alt=\"\" srcset=\"https:\/\/cleaningonnortherncyprus.com\/wp-content\/uploads\/2025\/02\/red.jpg 784w, https:\/\/cleaningonnortherncyprus.com\/wp-content\/uploads\/2025\/02\/red-300x300.jpg 300w, https:\/\/cleaningonnortherncyprus.com\/wp-content\/uploads\/2025\/02\/red-150x150.jpg 150w, https:\/\/cleaningonnortherncyprus.com\/wp-content\/uploads\/2025\/02\/red-768x768.jpg 768w, https:\/\/cleaningonnortherncyprus.com\/wp-content\/uploads\/2025\/02\/red-600x600.jpg 600w, https:\/\/cleaningonnortherncyprus.com\/wp-content\/uploads\/2025\/02\/red-100x100.jpg 100w\" sizes=\"(max-width: 640px) 100vw, 640px\" \/>\t\t\t\t\t\t\t\t\t\t\t\t\t\t\t<\/div>\n\t\t\t\t<\/div>\n\t\t\t\t<div class=\"elementor-element elementor-element-20dfd508 elementor-widget elementor-widget-text-editor\" data-id=\"20dfd508\" data-element_type=\"widget\" data-widget_type=\"text-editor.default\">\n\t\t\t\t<div class=\"elementor-widget-container\">\n\t\t\t\t\t\t\t\t\t<h2 data-pm-slice=\"1 1 []\">Tiefenreinigung als Bestandteil der Reinigung nach Bauarbeiten<\/h2>\n<p>Nach Abschluss von Bau- oder Renovierungsarbeiten ist besonders wichtig, auf schwer erreichbare Bereiche, Ecken, Spalten, Badezimmer, Duschen und Waschbecken zu achten. Bei Cleaning on Northern Cyprus ist die Tiefenreinigung ein wesentlicher Bestandteil unserer umfassenden Apartmentreinigungsdienste, Hausreinigungen und Villenreinigungspakete nach Bauarbeiten. Unsere Spezialisten schenken besonderen Bereichen Aufmerksamkeit, die oft bei der \u00fcblichen Reinigung \u00fcbersehen werden, und gew\u00e4hrleisten so h\u00f6chste Sauberkeit und Hygiene.  <\/p>\n\t\t\t\t\t\t\t\t<\/div>\n\t\t\t\t<\/div>\n\t\t\t\t<\/div>\n\t\t\t\t\t<\/div>\n\t\t\t\t<\/div>\n\t\t<div class=\"elementor-element elementor-element-1afe6bda e-flex e-con-boxed e-con e-parent\" data-id=\"1afe6bda\" data-element_type=\"container\" data-settings=\"{&quot;background_background&quot;:&quot;classic&quot;}\">\n\t\t\t\t\t<div class=\"e-con-inner\">\n\t\t<div class=\"elementor-element elementor-element-2cd38b79 e-con-full e-flex e-con e-child\" data-id=\"2cd38b79\" data-element_type=\"container\">\n\t\t\t\t<div class=\"elementor-element elementor-element-31612f0a elementor-widget elementor-widget-Section Title\" data-id=\"31612f0a\" data-element_type=\"widget\" data-widget_type=\"Section Title.default\">\n\t\t\t\t<div class=\"elementor-widget-container\">\n\t\t\t\t\t\t\t<div class=\"tt-section-title start\">\r\n\t\t    \t\t\t\t\t\t<div class=\"sub-title\"><span class=\"tt-section-sab\">Benefits of Choosing Our Services<\/span><\/div>\r\n\t\t\t\t\t\t\t\t\t\t\t\t\t\t\t\t<h2 class=\"section-heading\">What does deep cleaning include?<\/h2>\r\n\t\t\t\t\t\t\t\t\t\t\t<\/div>  \r\n\t\t\t\t\t\t<\/div>\n\t\t\t\t<\/div>\n\t\t\t\t<div class=\"elementor-element elementor-element-20ace584 elementor-widget elementor-widget-text-editor\" data-id=\"20ace584\" data-element_type=\"widget\" data-widget_type=\"text-editor.default\">\n\t\t\t\t<div class=\"elementor-widget-container\">\n\t\t\t\t\t\t\t\t\t<p data-pm-slice=\"1 1 []\">Der Schwerpunkt der Tiefenreinigung liegt auf der gr\u00fcndlichen Reinigung schwer zug\u00e4nglicher und vernachl\u00e4ssigter Stellen, in denen sich Schmutz, Staub, Bauabf\u00e4lle und Bakterien ansammeln. Unsere Tiefenreinigung nach Bauarbeiten beinhaltet: <\/p>\n<p>&#8211; Reinigung schwer erreichbarer Stellen und Ecken: Wir entfernen Baustaub und Schmutz aus allen Ritzen, Nischen, L\u00fcftungs\u00f6ffnungen und anderen schwer zug\u00e4nglichen Bereichen, die schwer selbstst\u00e4ndig gereinigt werden k\u00f6nnen.<\/p>\n<p>&#8211; Detaillierte Badezimmerreinigung: Unsere Spezialisten reinigen und desinfizieren Badezimmer gr\u00fcndlich, entfernen Kalkablagerungen, Bauabf\u00e4lle und Bakterien von Toiletten, Bidets und anderen sanit\u00e4ren Einrichtungen.<\/p>\n<p>&#8211; Gr\u00fcndliche Reinigung von Duschen und Badewannen: Duschen und Wannen werden komplett von Seifenablagerungen, Baumaterialresten und Schimmel befreit und anschlie\u00dfend desinfiziert.<\/p>\n<p>&#8211; Reinigung und Polieren der Waschbecken: Waschbecken werden gr\u00fcndlich gereinigt, Kalkablagerungen und Flecken entfernt, um urspr\u00fcnglichen Glanz und Erscheinungsbild wiederherzustellen.<\/p>\n<p>&#8211; Entfernung hartn\u00e4ckiger Verschmutzungen: Mit speziellen Reinigungsmitteln und Ger\u00e4ten beseitigen wir selbst hartn\u00e4ckigsten Schmutz an schwer zug\u00e4nglichen Stellen und sorgen f\u00fcr absolute Sauberkeit.<\/p>\n<p>&#8211; Professionelle Oberfl\u00e4chenbehandlung: Wir verwenden hochwertige Desinfektions- und Schutzmittel, um eine erneute Verschmutzung und Bakterienbildung zu verhindern.<\/p>\n<h3>Warum ist die Tiefenreinigung nach Bauarbeiten wichtig?<\/h3>\n<p>Die Tiefenreinigung nach Bauarbeiten ist notwendig, um verborgene Verschmutzungen und R\u00fcckst\u00e4nde zu beseitigen, die gesundheitliche Probleme verursachen k\u00f6nnen. Wenn schwer zug\u00e4ngliche Bereiche nicht gr\u00fcndlich gereinigt werden, k\u00f6nnen sich Bakterien, Schimmel und Allergene entwickeln. Professionelle Tiefenreinigung verhindert solche Probleme und sorgt f\u00fcr Sicherheit und Komfort in Ihrem Zuhause.  <\/p>\n<h3>Vorteile der professionellen Tiefenreinigung<\/h3>\n<p>Die Nutzung unserer Tiefenreinigung im Rahmen von Apartment- und Villenreinigungsdiensten nach Bauarbeiten bietet viele Vorteile:<\/p>\n<p>&#8211; H\u00f6chste Hygienestandards: Gr\u00fcndliche Reinigung verhindert das Wachstum von Bakterien und Allergenen.<\/p>\n<p>&#8211; Zeitersparnis: Unser professionelles Team erledigt schnell und gr\u00fcndlich die Tiefenreinigung und spart Ihre Zeit.<\/p>\n<p>&#8211; Verl\u00e4ngerte Lebensdauer von Sanit\u00e4ranlagen und Oberfl\u00e4chen: Regelm\u00e4\u00dfige Tiefenreinigung sch\u00fctzt Armaturen und Oberfl\u00e4chen vor Sch\u00e4den durch Kalkablagerungen und Schmutz.<\/p>\n<p>&#8211; Perfektes Erscheinungsbild: Badezimmer, Duschen und K\u00fcchen wirken makellos sauber und gepflegt.<\/p>\n<h3>Unser Ansatz zur Tiefenreinigung nach Bauarbeiten<\/h3>\n<p>Cleaning on Northern Cyprus folgt deutschen Standards in Management und Qualit\u00e4tskontrolle. Unser professionell geschultes Team arbeitet anhand spezialisierter Checklisten, was einen systematischen und qualitativ hochwertigen Reinigungsprozess garantiert. Wir setzen umweltfreundliche und effiziente Reinigungsmittel ein und behandeln sorgf\u00e4ltig jeden schwer erreichbaren Bereich.  <\/p>\n<p>Unser Ansatz umfasst:<\/p>\n<p>&#8211; Einsatz professioneller Reinigungsger\u00e4te und Werkzeuge f\u00fcr schwierige Bereiche.<\/p>\n<p>&#8211; Strikte Qualit\u00e4tskontrolle nach Abschluss der Reinigung.<\/p>\n<p>&#8211; Umweltfreundliche und sichere Reinigungsmittel.<\/p>\n<p>&#8211; Flexible Zeitplanung, abgestimmt auf Ihre Bed\u00fcrfnisse und Komfort.<\/p>\n<h3>Warum Sie Cleaning on Northern Cyprus w\u00e4hlen sollten:<\/h3>\n<p>&#8211; Expertise und Erfahrung: Unsere Spezialisten verf\u00fcgen \u00fcber umfangreiche Erfahrung bei der Reinigung komplexer und schwer zug\u00e4nglicher Bereiche.<\/p>\n<p>&#8211; Zuverl\u00e4ssigkeit und P\u00fcnktlichkeit: Wir erledigen alle Arbeiten fristgerecht.<\/p>\n<p>&#8211; Faire Preise: Hochwertige Reinigungsleistungen zu vern\u00fcnftigen Preisen.<\/p>\n<p>&#8211; Garantiertes Ergebnis: Deutsche Qualit\u00e4tsstandards gew\u00e4hrleisten perfekte Sauberkeit.<\/p>\n<h3>Vereinbaren Sie Ihre professionelle Tiefenreinigung noch heute<\/h3>\n<p>Kontaktieren Sie Cleaning on Northern Cyprus f\u00fcr eine gr\u00fcndliche und professionelle Tiefenreinigung nach Ihren Bauarbeiten. Entdecken Sie, warum Hausbesitzer in ganz Nordzypern uns vertrauen.  <\/p>\n\t\t\t\t\t\t\t\t<\/div>\n\t\t\t\t<\/div>\n\t\t\t\t<div class=\"elementor-element elementor-element-69131e50 elementor-widget elementor-widget-html\" data-id=\"69131e50\" data-element_type=\"widget\" data-widget_type=\"html.default\">\n\t\t\t\t<div class=\"elementor-widget-container\">\n\t\t\t\t\t<div class=\"bubble-container\">\n    <img decoding=\"async\" class=\"img-fluid bubble\" loading=\"lazy\" src=\"https:\/\/cleaningonnortherncyprus.com\/wp-content\/uploads\/2024\/09\/green-bubble-02.png\" alt=\"bubble\"><img decoding=\"async\" class=\"img-fluid bubble\" loading=\"lazy\" src=\"https:\/\/cleaningonnortherncyprus.com\/wp-content\/uploads\/2024\/09\/green-bubble-04.png\" alt=\"bubble\"><img decoding=\"async\" class=\"img-fluid bubble\" loading=\"lazy\" src=\"https:\/\/cleaningonnortherncyprus.com\/wp-content\/uploads\/2024\/09\/green-bubble-02.png\" alt=\"bubble\"><\/div>\t\t\t\t<\/div>\n\t\t\t\t<\/div>\n\t\t\t\t<div class=\"elementor-element elementor-element-b094cbc elementor-widget elementor-widget-text-editor\" data-id=\"b094cbc\" data-element_type=\"widget\" data-widget_type=\"text-editor.default\">\n\t\t\t\t<div class=\"elementor-widget-container\">\n\t\t\t\t\t\t\t\t\t<p>Siehe auch: <a href=\"https:\/\/cleaningonnortherncyprus.com\/de\/dienstleistungen\/reinigung-nach-dem-bau\/oberflaechenreinigung-nach-dem-bau\/\">https:\/\/cleaningonnortherncyprus.com\/de\/dienstleistungen\/reinigung-nach-dem-bau\/oberflaechenreinigung-nach-dem-bau\/<\/a><\/p>\t\t\t\t\t\t\t\t<\/div>\n\t\t\t\t<\/div>\n\t\t\t\t<\/div>\n\t\t\t\t\t<\/div>\n\t\t\t\t<\/div>\n\t\t\t\t<\/div>\n\t\t","protected":false},"excerpt":{"rendered":"<p>\u2190 Dienstleistungen \/ Bauendreinigung Grundreinigung nach Bauarbeiten Tiefenreinigung als Bestandteil der Reinigung nach Bauarbeiten Nach Abschluss von Bau- oder Renovierungsarbeiten [&hellip;]<\/p>\n","protected":false},"author":1,"featured_media":5966,"parent":6289,"menu_order":0,"comment_status":"closed","ping_status":"closed","template":"elementor_header_footer","meta":{"footnotes":""},"class_list":["post-7429","page","type-page","status-publish","has-post-thumbnail","hentry"],"yoast_head":"<!-- This site is optimized with the Yoast SEO plugin v25.1 - https:\/\/yoast.com\/wordpress\/plugins\/seo\/ -->\n<title>Grundreinigung nach Bauarbeiten - Cleaning on Northern Cyprus<\/title>\n<meta name=\"description\" content=\"Nach Bauarbeiten reinigen wir gr\u00fcndlich alle Oberfl\u00e4chen, B\u00f6den und Sanit\u00e4rbereiche \u2013 ideal vor dem Erstbezug\" \/>\n<meta name=\"robots\" content=\"index, follow, max-snippet:-1, max-image-preview:large, max-video-preview:-1\" \/>\n<link rel=\"canonical\" href=\"https:\/\/cleaningonnortherncyprus.com\/de\/dienstleistungen\/reinigung-nach-dem-bau\/grundreinigung-nach-bauarbeiten\/\" \/>\n<meta property=\"og:locale\" content=\"de_DE\" \/>\n<meta property=\"og:type\" content=\"article\" \/>\n<meta property=\"og:title\" content=\"Grundreinigung nach Bauarbeiten - Cleaning on Northern Cyprus\" \/>\n<meta property=\"og:description\" content=\"Nach Bauarbeiten reinigen wir gr\u00fcndlich alle Oberfl\u00e4chen, B\u00f6den und Sanit\u00e4rbereiche \u2013 ideal vor dem Erstbezug\" \/>\n<meta property=\"og:url\" content=\"https:\/\/cleaningonnortherncyprus.com\/de\/dienstleistungen\/reinigung-nach-dem-bau\/grundreinigung-nach-bauarbeiten\/\" \/>\n<meta property=\"og:site_name\" content=\"Cleaning on Northern Cyprus\" \/>\n<meta property=\"article:modified_time\" content=\"2025-12-08T14:49:31+00:00\" \/>\n<meta property=\"og:image\" content=\"https:\/\/cleaningonnortherncyprus.com\/wp-content\/uploads\/2025\/02\/red.jpg\" \/>\n\t<meta property=\"og:image:width\" content=\"784\" \/>\n\t<meta property=\"og:image:height\" content=\"784\" \/>\n\t<meta property=\"og:image:type\" content=\"image\/jpeg\" \/>\n<meta name=\"twitter:card\" content=\"summary_large_image\" \/>\n<meta name=\"twitter:label1\" content=\"Est. reading time\" \/>\n\t<meta name=\"twitter:data1\" content=\"5\u00a0Minuten\" \/>\n<script type=\"application\/ld+json\" class=\"yoast-schema-graph\">{\"@context\":\"https:\/\/schema.org\",\"@graph\":[{\"@type\":\"WebPage\",\"@id\":\"https:\/\/cleaningonnortherncyprus.com\/de\/dienstleistungen\/reinigung-nach-dem-bau\/grundreinigung-nach-bauarbeiten\/\",\"url\":\"https:\/\/cleaningonnortherncyprus.com\/de\/dienstleistungen\/reinigung-nach-dem-bau\/grundreinigung-nach-bauarbeiten\/\",\"name\":\"Grundreinigung nach Bauarbeiten - Cleaning on Northern Cyprus\",\"isPartOf\":{\"@id\":\"https:\/\/cleaningonnortherncyprus.com\/#website\"},\"primaryImageOfPage\":{\"@id\":\"https:\/\/cleaningonnortherncyprus.com\/de\/dienstleistungen\/reinigung-nach-dem-bau\/grundreinigung-nach-bauarbeiten\/#primaryimage\"},\"image\":{\"@id\":\"https:\/\/cleaningonnortherncyprus.com\/de\/dienstleistungen\/reinigung-nach-dem-bau\/grundreinigung-nach-bauarbeiten\/#primaryimage\"},\"thumbnailUrl\":\"https:\/\/cleaningonnortherncyprus.com\/wp-content\/uploads\/2025\/02\/red.jpg\",\"datePublished\":\"2025-03-11T21:55:43+00:00\",\"dateModified\":\"2025-12-08T14:49:31+00:00\",\"description\":\"Nach Bauarbeiten reinigen wir gr\u00fcndlich alle Oberfl\u00e4chen, B\u00f6den und Sanit\u00e4rbereiche \u2013 ideal vor dem Erstbezug\",\"breadcrumb\":{\"@id\":\"https:\/\/cleaningonnortherncyprus.com\/de\/dienstleistungen\/reinigung-nach-dem-bau\/grundreinigung-nach-bauarbeiten\/#breadcrumb\"},\"inLanguage\":\"de\",\"potentialAction\":[{\"@type\":\"ReadAction\",\"target\":[\"https:\/\/cleaningonnortherncyprus.com\/de\/dienstleistungen\/reinigung-nach-dem-bau\/grundreinigung-nach-bauarbeiten\/\"]}]},{\"@type\":\"ImageObject\",\"inLanguage\":\"de\",\"@id\":\"https:\/\/cleaningonnortherncyprus.com\/de\/dienstleistungen\/reinigung-nach-dem-bau\/grundreinigung-nach-bauarbeiten\/#primaryimage\",\"url\":\"https:\/\/cleaningonnortherncyprus.com\/wp-content\/uploads\/2025\/02\/red.jpg\",\"contentUrl\":\"https:\/\/cleaningonnortherncyprus.com\/wp-content\/uploads\/2025\/02\/red.jpg\",\"width\":784,\"height\":784},{\"@type\":\"BreadcrumbList\",\"@id\":\"https:\/\/cleaningonnortherncyprus.com\/de\/dienstleistungen\/reinigung-nach-dem-bau\/grundreinigung-nach-bauarbeiten\/#breadcrumb\",\"itemListElement\":[{\"@type\":\"ListItem\",\"position\":1,\"name\":\"\u0413\u043b\u0430\u0432\u043d\u0430\u044f \u0441\u0442\u0440\u0430\u043d\u0438\u0446\u0430\",\"item\":\"https:\/\/cleaningonnortherncyprus.com\/\"},{\"@type\":\"ListItem\",\"position\":2,\"name\":\"Dienstleistungen\",\"item\":\"https:\/\/cleaningonnortherncyprus.com\/de\/dienstleistungen\/\"},{\"@type\":\"ListItem\",\"position\":3,\"name\":\"Reinigung nach dem Bau\",\"item\":\"https:\/\/cleaningonnortherncyprus.com\/de\/dienstleistungen\/reinigung-nach-dem-bau\/\"},{\"@type\":\"ListItem\",\"position\":4,\"name\":\"Grundreinigung nach Bauarbeiten\"}]},{\"@type\":\"WebSite\",\"@id\":\"https:\/\/cleaningonnortherncyprus.com\/#website\",\"url\":\"https:\/\/cleaningonnortherncyprus.com\/\",\"name\":\"Cleaning on Northern Cyprus\",\"description\":\"\",\"publisher\":{\"@id\":\"https:\/\/cleaningonnortherncyprus.com\/#organization\"},\"potentialAction\":[{\"@type\":\"SearchAction\",\"target\":{\"@type\":\"EntryPoint\",\"urlTemplate\":\"https:\/\/cleaningonnortherncyprus.com\/?s={search_term_string}\"},\"query-input\":{\"@type\":\"PropertyValueSpecification\",\"valueRequired\":true,\"valueName\":\"search_term_string\"}}],\"inLanguage\":\"de\"},{\"@type\":\"Organization\",\"@id\":\"https:\/\/cleaningonnortherncyprus.com\/#organization\",\"name\":\"Cleaning on Northern Cyprus\",\"url\":\"https:\/\/cleaningonnortherncyprus.com\/\",\"logo\":{\"@type\":\"ImageObject\",\"inLanguage\":\"de\",\"@id\":\"https:\/\/cleaningonnortherncyprus.com\/#\/schema\/logo\/image\/\",\"url\":\"https:\/\/cleaningonnortherncyprus.com\/wp-content\/uploads\/2025\/01\/logo_cleaning_white.png\",\"contentUrl\":\"https:\/\/cleaningonnortherncyprus.com\/wp-content\/uploads\/2025\/01\/logo_cleaning_white.png\",\"width\":1600,\"height\":355,\"caption\":\"Cleaning on Northern Cyprus\"},\"image\":{\"@id\":\"https:\/\/cleaningonnortherncyprus.com\/#\/schema\/logo\/image\/\"}}]}<\/script>\n<!-- \/ Yoast SEO plugin. -->","yoast_head_json":{"title":"Grundreinigung nach Bauarbeiten - Cleaning on Northern Cyprus","description":"Nach Bauarbeiten reinigen wir gr\u00fcndlich alle Oberfl\u00e4chen, B\u00f6den und Sanit\u00e4rbereiche \u2013 ideal vor dem Erstbezug","robots":{"index":"index","follow":"follow","max-snippet":"max-snippet:-1","max-image-preview":"max-image-preview:large","max-video-preview":"max-video-preview:-1"},"canonical":"https:\/\/cleaningonnortherncyprus.com\/de\/dienstleistungen\/reinigung-nach-dem-bau\/grundreinigung-nach-bauarbeiten\/","og_locale":"de_DE","og_type":"article","og_title":"Grundreinigung nach Bauarbeiten - Cleaning on Northern Cyprus","og_description":"Nach Bauarbeiten reinigen wir gr\u00fcndlich alle Oberfl\u00e4chen, B\u00f6den und Sanit\u00e4rbereiche \u2013 ideal vor dem Erstbezug","og_url":"https:\/\/cleaningonnortherncyprus.com\/de\/dienstleistungen\/reinigung-nach-dem-bau\/grundreinigung-nach-bauarbeiten\/","og_site_name":"Cleaning on Northern Cyprus","article_modified_time":"2025-12-08T14:49:31+00:00","og_image":[{"width":784,"height":784,"url":"https:\/\/cleaningonnortherncyprus.com\/wp-content\/uploads\/2025\/02\/red.jpg","type":"image\/jpeg"}],"twitter_card":"summary_large_image","twitter_misc":{"Est. reading time":"5\u00a0Minuten"},"schema":{"@context":"https:\/\/schema.org","@graph":[{"@type":"WebPage","@id":"https:\/\/cleaningonnortherncyprus.com\/de\/dienstleistungen\/reinigung-nach-dem-bau\/grundreinigung-nach-bauarbeiten\/","url":"https:\/\/cleaningonnortherncyprus.com\/de\/dienstleistungen\/reinigung-nach-dem-bau\/grundreinigung-nach-bauarbeiten\/","name":"Grundreinigung nach Bauarbeiten - Cleaning on Northern Cyprus","isPartOf":{"@id":"https:\/\/cleaningonnortherncyprus.com\/#website"},"primaryImageOfPage":{"@id":"https:\/\/cleaningonnortherncyprus.com\/de\/dienstleistungen\/reinigung-nach-dem-bau\/grundreinigung-nach-bauarbeiten\/#primaryimage"},"image":{"@id":"https:\/\/cleaningonnortherncyprus.com\/de\/dienstleistungen\/reinigung-nach-dem-bau\/grundreinigung-nach-bauarbeiten\/#primaryimage"},"thumbnailUrl":"https:\/\/cleaningonnortherncyprus.com\/wp-content\/uploads\/2025\/02\/red.jpg","datePublished":"2025-03-11T21:55:43+00:00","dateModified":"2025-12-08T14:49:31+00:00","description":"Nach Bauarbeiten reinigen wir gr\u00fcndlich alle Oberfl\u00e4chen, B\u00f6den und Sanit\u00e4rbereiche \u2013 ideal vor dem Erstbezug","breadcrumb":{"@id":"https:\/\/cleaningonnortherncyprus.com\/de\/dienstleistungen\/reinigung-nach-dem-bau\/grundreinigung-nach-bauarbeiten\/#breadcrumb"},"inLanguage":"de","potentialAction":[{"@type":"ReadAction","target":["https:\/\/cleaningonnortherncyprus.com\/de\/dienstleistungen\/reinigung-nach-dem-bau\/grundreinigung-nach-bauarbeiten\/"]}]},{"@type":"ImageObject","inLanguage":"de","@id":"https:\/\/cleaningonnortherncyprus.com\/de\/dienstleistungen\/reinigung-nach-dem-bau\/grundreinigung-nach-bauarbeiten\/#primaryimage","url":"https:\/\/cleaningonnortherncyprus.com\/wp-content\/uploads\/2025\/02\/red.jpg","contentUrl":"https:\/\/cleaningonnortherncyprus.com\/wp-content\/uploads\/2025\/02\/red.jpg","width":784,"height":784},{"@type":"BreadcrumbList","@id":"https:\/\/cleaningonnortherncyprus.com\/de\/dienstleistungen\/reinigung-nach-dem-bau\/grundreinigung-nach-bauarbeiten\/#breadcrumb","itemListElement":[{"@type":"ListItem","position":1,"name":"\u0413\u043b\u0430\u0432\u043d\u0430\u044f \u0441\u0442\u0440\u0430\u043d\u0438\u0446\u0430","item":"https:\/\/cleaningonnortherncyprus.com\/"},{"@type":"ListItem","position":2,"name":"Dienstleistungen","item":"https:\/\/cleaningonnortherncyprus.com\/de\/dienstleistungen\/"},{"@type":"ListItem","position":3,"name":"Reinigung nach dem Bau","item":"https:\/\/cleaningonnortherncyprus.com\/de\/dienstleistungen\/reinigung-nach-dem-bau\/"},{"@type":"ListItem","position":4,"name":"Grundreinigung nach Bauarbeiten"}]},{"@type":"WebSite","@id":"https:\/\/cleaningonnortherncyprus.com\/#website","url":"https:\/\/cleaningonnortherncyprus.com\/","name":"Cleaning on Northern Cyprus","description":"","publisher":{"@id":"https:\/\/cleaningonnortherncyprus.com\/#organization"},"potentialAction":[{"@type":"SearchAction","target":{"@type":"EntryPoint","urlTemplate":"https:\/\/cleaningonnortherncyprus.com\/?s={search_term_string}"},"query-input":{"@type":"PropertyValueSpecification","valueRequired":true,"valueName":"search_term_string"}}],"inLanguage":"de"},{"@type":"Organization","@id":"https:\/\/cleaningonnortherncyprus.com\/#organization","name":"Cleaning on Northern Cyprus","url":"https:\/\/cleaningonnortherncyprus.com\/","logo":{"@type":"ImageObject","inLanguage":"de","@id":"https:\/\/cleaningonnortherncyprus.com\/#\/schema\/logo\/image\/","url":"https:\/\/cleaningonnortherncyprus.com\/wp-content\/uploads\/2025\/01\/logo_cleaning_white.png","contentUrl":"https:\/\/cleaningonnortherncyprus.com\/wp-content\/uploads\/2025\/01\/logo_cleaning_white.png","width":1600,"height":355,"caption":"Cleaning on Northern Cyprus"},"image":{"@id":"https:\/\/cleaningonnortherncyprus.com\/#\/schema\/logo\/image\/"}}]}},"_links":{"self":[{"href":"https:\/\/cleaningonnortherncyprus.com\/de\/wp-json\/wp\/v2\/pages\/7429","targetHints":{"allow":["GET"]}}],"collection":[{"href":"https:\/\/cleaningonnortherncyprus.com\/de\/wp-json\/wp\/v2\/pages"}],"about":[{"href":"https:\/\/cleaningonnortherncyprus.com\/de\/wp-json\/wp\/v2\/types\/page"}],"author":[{"embeddable":true,"href":"https:\/\/cleaningonnortherncyprus.com\/de\/wp-json\/wp\/v2\/users\/1"}],"replies":[{"embeddable":true,"href":"https:\/\/cleaningonnortherncyprus.com\/de\/wp-json\/wp\/v2\/comments?post=7429"}],"version-history":[{"count":5,"href":"https:\/\/cleaningonnortherncyprus.com\/de\/wp-json\/wp\/v2\/pages\/7429\/revisions"}],"predecessor-version":[{"id":9174,"href":"https:\/\/cleaningonnortherncyprus.com\/de\/wp-json\/wp\/v2\/pages\/7429\/revisions\/9174"}],"up":[{"embeddable":true,"href":"https:\/\/cleaningonnortherncyprus.com\/de\/wp-json\/wp\/v2\/pages\/6289"}],"wp:featuredmedia":[{"embeddable":true,"href":"https:\/\/cleaningonnortherncyprus.com\/de\/wp-json\/wp\/v2\/media\/5966"}],"wp:attachment":[{"href":"https:\/\/cleaningonnortherncyprus.com\/de\/wp-json\/wp\/v2\/media?parent=7429"}],"curies":[{"name":"wp","href":"https:\/\/api.w.org\/{rel}","templated":true}]}}