{"id":7287,"date":"2025-03-08T12:39:00","date_gmt":"2025-03-08T10:39:00","guid":{"rendered":"https:\/\/cleaningonnortherncyprus.com\/hizmetler\/kira-sonrasi-temizlik\/kiralamadan-sonra-zemin-bakimi\/"},"modified":"2025-12-08T17:16:15","modified_gmt":"2025-12-08T15:16:15","slug":"kiralamadan-sonra-zemin-bakimi","status":"publish","type":"page","link":"https:\/\/cleaningonnortherncyprus.com\/tr\/hizmetler\/kira-sonrasi-temizlik\/kiralamadan-sonra-zemin-bakimi\/","title":{"rendered":"Kiralamadan sonra zemin bak\u0131m\u0131"},"content":{"rendered":"\t\t<div data-elementor-type=\"wp-page\" data-elementor-id=\"7287\" class=\"elementor elementor-7287 elementor-7249\" data-elementor-post-type=\"page\">\n\t\t\t\t<div class=\"elementor-element elementor-element-4f6f657 e-flex e-con-boxed e-con e-parent\" data-id=\"4f6f657\" data-element_type=\"container\" data-settings=\"{&quot;background_background&quot;:&quot;classic&quot;}\">\n\t\t\t\t\t<div class=\"e-con-inner\">\n\t\t<div class=\"elementor-element elementor-element-8e99fa7 e-con-full e-flex e-con e-child\" data-id=\"8e99fa7\" data-element_type=\"container\" data-settings=\"{&quot;sticky&quot;:&quot;top&quot;,&quot;sticky_parent&quot;:&quot;yes&quot;,&quot;sticky_on&quot;:[&quot;desktop&quot;,&quot;laptop&quot;,&quot;tablet_extra&quot;,&quot;tablet&quot;,&quot;mobile_extra&quot;,&quot;mobile&quot;],&quot;sticky_offset&quot;:0,&quot;sticky_effects_offset&quot;:0,&quot;sticky_anchor_link_offset&quot;:0}\">\n\t\t\t\t<div class=\"elementor-element elementor-element-57d9bd2 hover-img elementor-hidden-mobile_extra elementor-hidden-mobile elementor-widget elementor-widget-image\" data-id=\"57d9bd2\" data-element_type=\"widget\" data-widget_type=\"image.default\">\n\t\t\t\t<div class=\"elementor-widget-container\">\n\t\t\t\t\t\t\t\t\t\t\t\t\t\t\t<img fetchpriority=\"high\" decoding=\"async\" width=\"1000\" height=\"1000\" src=\"https:\/\/cleaningonnortherncyprus.com\/wp-content\/uploads\/2025\/02\/cleaning-after-rent-new.jpg\" class=\"attachment-full size-full wp-image-5833\" alt=\"\" srcset=\"https:\/\/cleaningonnortherncyprus.com\/wp-content\/uploads\/2025\/02\/cleaning-after-rent-new.jpg 1000w, https:\/\/cleaningonnortherncyprus.com\/wp-content\/uploads\/2025\/02\/cleaning-after-rent-new-300x300.jpg 300w, https:\/\/cleaningonnortherncyprus.com\/wp-content\/uploads\/2025\/02\/cleaning-after-rent-new-150x150.jpg 150w, https:\/\/cleaningonnortherncyprus.com\/wp-content\/uploads\/2025\/02\/cleaning-after-rent-new-768x768.jpg 768w, https:\/\/cleaningonnortherncyprus.com\/wp-content\/uploads\/2025\/02\/cleaning-after-rent-new-600x600.jpg 600w, https:\/\/cleaningonnortherncyprus.com\/wp-content\/uploads\/2025\/02\/cleaning-after-rent-new-100x100.jpg 100w\" sizes=\"(max-width: 1000px) 100vw, 1000px\" \/>\t\t\t\t\t\t\t\t\t\t\t\t\t\t\t<\/div>\n\t\t\t\t<\/div>\n\t\t\t\t<\/div>\n\t\t<div class=\"elementor-element elementor-element-57791f1 e-con-full e-flex e-con e-child\" data-id=\"57791f1\" data-element_type=\"container\">\n\t\t\t\t<div class=\"elementor-element elementor-element-7a066af elementor-widget elementor-widget-html\" data-id=\"7a066af\" data-element_type=\"widget\" data-widget_type=\"html.default\">\n\t\t\t\t<div class=\"elementor-widget-container\">\n\t\t\t\t\t<a href=\"https:\/\/cleaningonnortherncyprus.com\/tr\/hizmetler\/kira-sonrasi-temizlik\/\" class=\"parent-page-button\">\u2190 Hizmetler \/ Kiralama sonras\u0131 temizlik<\/a>\t\t\t\t<\/div>\n\t\t\t\t<\/div>\n\t\t\t\t<div class=\"elementor-element elementor-element-1d5dc06 elementor-widget elementor-widget-heading\" data-id=\"1d5dc06\" data-element_type=\"widget\" data-widget_type=\"heading.default\">\n\t\t\t\t<div class=\"elementor-widget-container\">\n\t\t\t\t\t<h1 class=\"elementor-heading-title elementor-size-default\">Kiralamadan sonra zemin bak\u0131m\u0131<\/h1>\t\t\t\t<\/div>\n\t\t\t\t<\/div>\n\t\t\t\t<div class=\"elementor-element elementor-element-d756703 hover-img elementor-hidden-desktop elementor-hidden-laptop elementor-hidden-tablet_extra elementor-hidden-tablet elementor-widget elementor-widget-image\" data-id=\"d756703\" data-element_type=\"widget\" data-widget_type=\"image.default\">\n\t\t\t\t<div class=\"elementor-widget-container\">\n\t\t\t\t\t\t\t\t\t\t\t\t\t\t\t<img decoding=\"async\" width=\"640\" height=\"640\" src=\"https:\/\/cleaningonnortherncyprus.com\/wp-content\/uploads\/2025\/02\/cleaning-after-rent-new.jpg\" class=\"attachment-large size-large wp-image-5833\" alt=\"\" srcset=\"https:\/\/cleaningonnortherncyprus.com\/wp-content\/uploads\/2025\/02\/cleaning-after-rent-new.jpg 1000w, https:\/\/cleaningonnortherncyprus.com\/wp-content\/uploads\/2025\/02\/cleaning-after-rent-new-300x300.jpg 300w, https:\/\/cleaningonnortherncyprus.com\/wp-content\/uploads\/2025\/02\/cleaning-after-rent-new-150x150.jpg 150w, https:\/\/cleaningonnortherncyprus.com\/wp-content\/uploads\/2025\/02\/cleaning-after-rent-new-768x768.jpg 768w, https:\/\/cleaningonnortherncyprus.com\/wp-content\/uploads\/2025\/02\/cleaning-after-rent-new-600x600.jpg 600w, https:\/\/cleaningonnortherncyprus.com\/wp-content\/uploads\/2025\/02\/cleaning-after-rent-new-100x100.jpg 100w\" sizes=\"(max-width: 640px) 100vw, 640px\" \/>\t\t\t\t\t\t\t\t\t\t\t\t\t\t\t<\/div>\n\t\t\t\t<\/div>\n\t\t\t\t<div class=\"elementor-element elementor-element-75e5b76 elementor-widget elementor-widget-text-editor\" data-id=\"75e5b76\" data-element_type=\"widget\" data-widget_type=\"text-editor.default\">\n\t\t\t\t<div class=\"elementor-widget-container\">\n\t\t\t\t\t\t\t\t\t<h2 data-start=\"85\" data-end=\"166\">Konaklamadan sonra profesyonel zemin temizli\u011fi<\/h2>\n<p data-start=\"168\" data-end=\"431\">Temiz ve bak\u0131ml\u0131 zeminler, m\u00fclk\u00fcn\u00fcz\u00fcn genel izleniminin \u00f6nemli bir par\u00e7as\u0131d\u0131r. Daire temizleme hizmetlerimiz ve konut temizleme hizmetlerimiz, m\u00fckemmel temizlik sa\u011flanmas\u0131na, yeni misafirlerin \u00e7ekilmesine ve memnuniyetlerinin art\u0131r\u0131lmas\u0131na yard\u0131mc\u0131 olur. <\/p>\n\t\t\t\t\t\t\t\t<\/div>\n\t\t\t\t<\/div>\n\t\t\t\t<\/div>\n\t\t\t\t\t<\/div>\n\t\t\t\t<\/div>\n\t\t<div class=\"elementor-element elementor-element-f3439ce e-flex e-con-boxed e-con e-parent\" data-id=\"f3439ce\" data-element_type=\"container\" data-settings=\"{&quot;background_background&quot;:&quot;classic&quot;}\">\n\t\t\t\t\t<div class=\"e-con-inner\">\n\t\t<div class=\"elementor-element elementor-element-c47ff98 e-con-full e-flex e-con e-child\" data-id=\"c47ff98\" data-element_type=\"container\">\n\t\t\t\t<div class=\"elementor-element elementor-element-93da7f4 elementor-widget elementor-widget-Section Title\" data-id=\"93da7f4\" data-element_type=\"widget\" data-widget_type=\"Section Title.default\">\n\t\t\t\t<div class=\"elementor-widget-container\">\n\t\t\t\t\t\t\t<div class=\"tt-section-title start\">\r\n\t\t    \t\t\t\t\t\t<div class=\"sub-title\"><span class=\"tt-section-sab\">Benefits of Choosing Our Services<\/span><\/div>\r\n\t\t\t\t\t\t\t\t\t\t\t\t\t\t\t\t<h2 class=\"section-heading\">Why is floor care important after a rental?<\/h2>\r\n\t\t\t\t\t\t\t\t\t\t\t<\/div>  \r\n\t\t\t\t\t\t<\/div>\n\t\t\t\t<\/div>\n\t\t\t\t<div class=\"elementor-element elementor-element-e620596 elementor-widget elementor-widget-text-editor\" data-id=\"e620596\" data-element_type=\"widget\" data-widget_type=\"text-editor.default\">\n\t\t\t\t<div class=\"elementor-widget-container\">\n\t\t\t\t\t\t\t\t\t<p data-start=\"484\" data-end=\"748\">Her misafirden sonra, zeminlerde kir, kum, toz ve lekeler birikebilir ve mekan\u0131n estetik g\u00f6r\u00fcn\u00fcm\u00fcn\u00fc olumsuz etkileyebilir. Profesyonel ev temizli\u011fi hizmetlerimiz kapsam\u0131nda, m\u00fclk\u00fcn\u00fcz\u00fcn her zaman temiz ve davetkar g\u00f6r\u00fcnmesini sa\u011flamak i\u00e7in kapsaml\u0131 zemin bak\u0131m\u0131 sunuyoruz. <\/p>\n<h3 data-start=\"750\" data-end=\"798\">Zemin temizleme hizmetimiz neleri i\u00e7eriyor?<\/h3>\n<p data-start=\"800\" data-end=\"882\">T\u00fcm zemin t\u00fcrleri i\u00e7in geli\u015fmi\u015f teknikler ve g\u00fcvenli temizlik \u00fcr\u00fcnleri kullan\u0131yoruz:<\/p>\n<p>&#8211; Derinlemesine hal\u0131 temizli\u011fi \u2013 hal\u0131lardaki toz, evcil hayvan t\u00fcyleri ve lekelerin giderilmesi<\/p>\n<p>&#8211; Sert zeminlerin silinmesi ve dezenfekte edilmesi \u2013 fayans, parke ve laminat\u0131n titizlikle temizlenmesi<\/p>\n<p>&#8211; Zemin cilalama \u2013 parlakl\u0131\u011f\u0131n geri kazand\u0131r\u0131lmas\u0131 ve y\u00fczeyin korunmas\u0131<\/p>\n<p>&#8211; Leke ve kir giderme \u2013 d\u00f6k\u00fclen s\u0131v\u0131lar, ya\u011f lekeleri ve kir birikintilerinin temizlenmesi<\/p>\n<h3 data-start=\"1219\" data-end=\"1258\">Hizmetlerimizi se\u00e7menin avantajlar\u0131<\/h3>\n<p data-start=\"1260\" data-end=\"1336\">Daire temizleme ve villa temizleme hizmetlerimizi tercih etti\u011finizde \u015fu avantajlardan yararlan\u0131rs\u0131n\u0131z:<\/p>\n<p>&#8211; Alman kalite standartlar\u0131na uygun temizlik \u2013 her temizlik, s\u0131k\u0131 kontrol listelerine g\u00f6re ger\u00e7ekle\u015ftirilir<\/p>\n<p>&#8211; G\u00fcvenli ve \u00e7evre dostu temizlik \u00fcr\u00fcnleri \u2013 sa\u011fl\u0131\u011fa zarar vermeyen profesyonel temizlik<\/p>\n<p>&#8211; H\u0131zl\u0131 ve etkili hizmet \u2013 misafir giri\u015f-\u00e7\u0131k\u0131\u015flar\u0131 aras\u0131nda detayl\u0131 temizlik<\/p>\n<p>&#8211; Esnek zamanlama \u2013 tek seferlik veya d\u00fczenli temizlik se\u00e7enekleri<\/p>\n<p data-start=\"1690\" data-end=\"1944\">Ekibimiz, farkl\u0131 zemin t\u00fcrlerini \u00f6zenle temizlemek ve bak\u0131m\u0131n\u0131 yapmak i\u00e7in \u00f6zel olarak e\u011fitilmi\u015ftir. Ah\u015fap, fayans, laminat veya hal\u0131 fark etmeksizin, her y\u00fczeyin kalitesini ve g\u00f6r\u00fcn\u00fcm\u00fcn\u00fc koruyacak \u00f6zel teknikler kullan\u0131yoruz. <\/p>\n<p data-start=\"1946\" data-end=\"2195\">Ayr\u0131ca, \u00f6zellikle k\u0131sa s\u00fcreli kiralamalar i\u00e7in h\u0131zl\u0131 temizlik s\u00fcre\u00e7lerinin \u00f6nemini biliyoruz. Profesyonel temizlik ekibimiz, m\u00fclk\u00fcn\u00fcz\u00fc zaman kaybetmeden yeni misafirlere haz\u0131r hale getirerek doluluk oran\u0131n\u0131z\u0131 ve olumlu yorumlar\u0131n\u0131z\u0131 art\u0131rman\u0131za yard\u0131mc\u0131 olur. <\/p>\n<h3 data-start=\"1671\" data-end=\"1707\">Zemin temizleme hizmetinizi bug\u00fcn ay\u0131rt\u0131n<\/h3>\n<p data-start=\"1709\" data-end=\"1912\">M\u00fclk\u00fcn\u00fcz\u00fcn temizli\u011fini ve \u00e7ekicili\u011fini koruyun! Daire temizli\u011fi hizmetlerimizden yararlanarak profesyonel zemin bak\u0131m\u0131n\u0131n keyfini \u00e7\u0131kar\u0131n. B\u00f6ylece zeminlerinizin \u00f6mr\u00fcn\u00fc uzatabilir ve misafirlerinize daha konforlu bir konaklama deneyimi sunabilirsiniz. <\/p>\n\t\t\t\t\t\t\t\t<\/div>\n\t\t\t\t<\/div>\n\t\t\t\t<div class=\"elementor-element elementor-element-b01707e elementor-widget elementor-widget-text-editor\" data-id=\"b01707e\" data-element_type=\"widget\" data-widget_type=\"text-editor.default\">\n\t\t\t\t<div class=\"elementor-widget-container\">\n\t\t\t\t\t\t\t\t\t<p>Ayr\u0131ca bak\u0131n\u0131z: <a href=\"https:\/\/cleaningonnortherncyprus.com\/tr\/hizmetler\/kira-sonrasi-temizlik\/yuzey-toz-alma\/\">https:\/\/cleaningonnortherncyprus.com\/tr\/hizmetler\/kira-sonrasi-temizlik\/yuzey-toz-alma\/<\/a><\/p>\t\t\t\t\t\t\t\t<\/div>\n\t\t\t\t<\/div>\n\t\t\t\t<\/div>\n\t\t\t\t\t<\/div>\n\t\t\t\t<\/div>\n\t\t\t\t<\/div>\n\t\t","protected":false},"excerpt":{"rendered":"<p>\u2190 Hizmetler \/ Kiralama sonras\u0131 temizlik Kiralamadan sonra zemin bak\u0131m\u0131 Konaklamadan sonra profesyonel zemin temizli\u011fi Temiz ve bak\u0131ml\u0131 zeminler, m\u00fclk\u00fcn\u00fcz\u00fcn [&hellip;]<\/p>\n","protected":false},"author":1,"featured_media":5833,"parent":6542,"menu_order":0,"comment_status":"closed","ping_status":"closed","template":"elementor_header_footer","meta":{"footnotes":""},"class_list":["post-7287","page","type-page","status-publish","has-post-thumbnail","hentry"],"yoast_head":"<!-- This site is optimized with the Yoast SEO plugin v25.1 - https:\/\/yoast.com\/wordpress\/plugins\/seo\/ -->\n<title>Kiralamadan sonra zemin bak\u0131m\u0131 - Cleaning on Northern Cyprus<\/title>\n<meta name=\"robots\" content=\"index, follow, max-snippet:-1, max-image-preview:large, max-video-preview:-1\" \/>\n<link rel=\"canonical\" href=\"https:\/\/cleaningonnortherncyprus.com\/tr\/hizmetler\/kira-sonrasi-temizlik\/kiralamadan-sonra-zemin-bakimi\/\" \/>\n<meta property=\"og:locale\" content=\"tr_TR\" \/>\n<meta property=\"og:type\" content=\"article\" \/>\n<meta property=\"og:title\" content=\"Kiralamadan sonra zemin bak\u0131m\u0131 - Cleaning on Northern Cyprus\" \/>\n<meta property=\"og:description\" content=\"\u2190 Hizmetler \/ Kiralama sonras\u0131 temizlik Kiralamadan sonra zemin bak\u0131m\u0131 Konaklamadan sonra profesyonel zemin temizli\u011fi Temiz ve bak\u0131ml\u0131 zeminler, m\u00fclk\u00fcn\u00fcz\u00fcn [&hellip;]\" \/>\n<meta property=\"og:url\" content=\"https:\/\/cleaningonnortherncyprus.com\/tr\/hizmetler\/kira-sonrasi-temizlik\/kiralamadan-sonra-zemin-bakimi\/\" \/>\n<meta property=\"og:site_name\" content=\"Cleaning on Northern Cyprus\" \/>\n<meta property=\"article:modified_time\" content=\"2025-12-08T15:16:15+00:00\" \/>\n<meta property=\"og:image\" content=\"https:\/\/cleaningonnortherncyprus.com\/wp-content\/uploads\/2025\/02\/cleaning-after-rent-new.jpg\" \/>\n\t<meta property=\"og:image:width\" content=\"1000\" \/>\n\t<meta property=\"og:image:height\" content=\"1000\" \/>\n\t<meta property=\"og:image:type\" content=\"image\/jpeg\" \/>\n<meta name=\"twitter:card\" content=\"summary_large_image\" \/>\n<meta name=\"twitter:label1\" content=\"Est. reading time\" \/>\n\t<meta name=\"twitter:data1\" content=\"3 dakika\" \/>\n<script type=\"application\/ld+json\" class=\"yoast-schema-graph\">{\"@context\":\"https:\/\/schema.org\",\"@graph\":[{\"@type\":\"WebPage\",\"@id\":\"https:\/\/cleaningonnortherncyprus.com\/tr\/hizmetler\/kira-sonrasi-temizlik\/kiralamadan-sonra-zemin-bakimi\/\",\"url\":\"https:\/\/cleaningonnortherncyprus.com\/tr\/hizmetler\/kira-sonrasi-temizlik\/kiralamadan-sonra-zemin-bakimi\/\",\"name\":\"Kiralamadan sonra zemin bak\u0131m\u0131 - Cleaning on Northern Cyprus\",\"isPartOf\":{\"@id\":\"https:\/\/cleaningonnortherncyprus.com\/#website\"},\"primaryImageOfPage\":{\"@id\":\"https:\/\/cleaningonnortherncyprus.com\/tr\/hizmetler\/kira-sonrasi-temizlik\/kiralamadan-sonra-zemin-bakimi\/#primaryimage\"},\"image\":{\"@id\":\"https:\/\/cleaningonnortherncyprus.com\/tr\/hizmetler\/kira-sonrasi-temizlik\/kiralamadan-sonra-zemin-bakimi\/#primaryimage\"},\"thumbnailUrl\":\"https:\/\/cleaningonnortherncyprus.com\/wp-content\/uploads\/2025\/02\/cleaning-after-rent-new.jpg\",\"datePublished\":\"2025-03-08T10:39:00+00:00\",\"dateModified\":\"2025-12-08T15:16:15+00:00\",\"breadcrumb\":{\"@id\":\"https:\/\/cleaningonnortherncyprus.com\/tr\/hizmetler\/kira-sonrasi-temizlik\/kiralamadan-sonra-zemin-bakimi\/#breadcrumb\"},\"inLanguage\":\"tr\",\"potentialAction\":[{\"@type\":\"ReadAction\",\"target\":[\"https:\/\/cleaningonnortherncyprus.com\/tr\/hizmetler\/kira-sonrasi-temizlik\/kiralamadan-sonra-zemin-bakimi\/\"]}]},{\"@type\":\"ImageObject\",\"inLanguage\":\"tr\",\"@id\":\"https:\/\/cleaningonnortherncyprus.com\/tr\/hizmetler\/kira-sonrasi-temizlik\/kiralamadan-sonra-zemin-bakimi\/#primaryimage\",\"url\":\"https:\/\/cleaningonnortherncyprus.com\/wp-content\/uploads\/2025\/02\/cleaning-after-rent-new.jpg\",\"contentUrl\":\"https:\/\/cleaningonnortherncyprus.com\/wp-content\/uploads\/2025\/02\/cleaning-after-rent-new.jpg\",\"width\":1000,\"height\":1000},{\"@type\":\"BreadcrumbList\",\"@id\":\"https:\/\/cleaningonnortherncyprus.com\/tr\/hizmetler\/kira-sonrasi-temizlik\/kiralamadan-sonra-zemin-bakimi\/#breadcrumb\",\"itemListElement\":[{\"@type\":\"ListItem\",\"position\":1,\"name\":\"\u0413\u043b\u0430\u0432\u043d\u0430\u044f \u0441\u0442\u0440\u0430\u043d\u0438\u0446\u0430\",\"item\":\"https:\/\/cleaningonnortherncyprus.com\/\"},{\"@type\":\"ListItem\",\"position\":2,\"name\":\"Hizmetler\",\"item\":\"https:\/\/cleaningonnortherncyprus.com\/tr\/hizmetler\/\"},{\"@type\":\"ListItem\",\"position\":3,\"name\":\"Kira sonras\u0131 temizlik\",\"item\":\"https:\/\/cleaningonnortherncyprus.com\/tr\/hizmetler\/kira-sonrasi-temizlik\/\"},{\"@type\":\"ListItem\",\"position\":4,\"name\":\"Kiralamadan sonra zemin bak\u0131m\u0131\"}]},{\"@type\":\"WebSite\",\"@id\":\"https:\/\/cleaningonnortherncyprus.com\/#website\",\"url\":\"https:\/\/cleaningonnortherncyprus.com\/\",\"name\":\"Cleaning on Northern Cyprus\",\"description\":\"\",\"publisher\":{\"@id\":\"https:\/\/cleaningonnortherncyprus.com\/#organization\"},\"potentialAction\":[{\"@type\":\"SearchAction\",\"target\":{\"@type\":\"EntryPoint\",\"urlTemplate\":\"https:\/\/cleaningonnortherncyprus.com\/?s={search_term_string}\"},\"query-input\":{\"@type\":\"PropertyValueSpecification\",\"valueRequired\":true,\"valueName\":\"search_term_string\"}}],\"inLanguage\":\"tr\"},{\"@type\":\"Organization\",\"@id\":\"https:\/\/cleaningonnortherncyprus.com\/#organization\",\"name\":\"Cleaning on Northern Cyprus\",\"url\":\"https:\/\/cleaningonnortherncyprus.com\/\",\"logo\":{\"@type\":\"ImageObject\",\"inLanguage\":\"tr\",\"@id\":\"https:\/\/cleaningonnortherncyprus.com\/#\/schema\/logo\/image\/\",\"url\":\"https:\/\/cleaningonnortherncyprus.com\/wp-content\/uploads\/2025\/01\/logo_cleaning_white.png\",\"contentUrl\":\"https:\/\/cleaningonnortherncyprus.com\/wp-content\/uploads\/2025\/01\/logo_cleaning_white.png\",\"width\":1600,\"height\":355,\"caption\":\"Cleaning on Northern Cyprus\"},\"image\":{\"@id\":\"https:\/\/cleaningonnortherncyprus.com\/#\/schema\/logo\/image\/\"}}]}<\/script>\n<!-- \/ Yoast SEO plugin. -->","yoast_head_json":{"title":"Kiralamadan sonra zemin bak\u0131m\u0131 - Cleaning on Northern Cyprus","robots":{"index":"index","follow":"follow","max-snippet":"max-snippet:-1","max-image-preview":"max-image-preview:large","max-video-preview":"max-video-preview:-1"},"canonical":"https:\/\/cleaningonnortherncyprus.com\/tr\/hizmetler\/kira-sonrasi-temizlik\/kiralamadan-sonra-zemin-bakimi\/","og_locale":"tr_TR","og_type":"article","og_title":"Kiralamadan sonra zemin bak\u0131m\u0131 - Cleaning on Northern Cyprus","og_description":"\u2190 Hizmetler \/ Kiralama sonras\u0131 temizlik Kiralamadan sonra zemin bak\u0131m\u0131 Konaklamadan sonra profesyonel zemin temizli\u011fi Temiz ve bak\u0131ml\u0131 zeminler, m\u00fclk\u00fcn\u00fcz\u00fcn [&hellip;]","og_url":"https:\/\/cleaningonnortherncyprus.com\/tr\/hizmetler\/kira-sonrasi-temizlik\/kiralamadan-sonra-zemin-bakimi\/","og_site_name":"Cleaning on Northern Cyprus","article_modified_time":"2025-12-08T15:16:15+00:00","og_image":[{"width":1000,"height":1000,"url":"https:\/\/cleaningonnortherncyprus.com\/wp-content\/uploads\/2025\/02\/cleaning-after-rent-new.jpg","type":"image\/jpeg"}],"twitter_card":"summary_large_image","twitter_misc":{"Est. reading time":"3 dakika"},"schema":{"@context":"https:\/\/schema.org","@graph":[{"@type":"WebPage","@id":"https:\/\/cleaningonnortherncyprus.com\/tr\/hizmetler\/kira-sonrasi-temizlik\/kiralamadan-sonra-zemin-bakimi\/","url":"https:\/\/cleaningonnortherncyprus.com\/tr\/hizmetler\/kira-sonrasi-temizlik\/kiralamadan-sonra-zemin-bakimi\/","name":"Kiralamadan sonra zemin bak\u0131m\u0131 - Cleaning on Northern Cyprus","isPartOf":{"@id":"https:\/\/cleaningonnortherncyprus.com\/#website"},"primaryImageOfPage":{"@id":"https:\/\/cleaningonnortherncyprus.com\/tr\/hizmetler\/kira-sonrasi-temizlik\/kiralamadan-sonra-zemin-bakimi\/#primaryimage"},"image":{"@id":"https:\/\/cleaningonnortherncyprus.com\/tr\/hizmetler\/kira-sonrasi-temizlik\/kiralamadan-sonra-zemin-bakimi\/#primaryimage"},"thumbnailUrl":"https:\/\/cleaningonnortherncyprus.com\/wp-content\/uploads\/2025\/02\/cleaning-after-rent-new.jpg","datePublished":"2025-03-08T10:39:00+00:00","dateModified":"2025-12-08T15:16:15+00:00","breadcrumb":{"@id":"https:\/\/cleaningonnortherncyprus.com\/tr\/hizmetler\/kira-sonrasi-temizlik\/kiralamadan-sonra-zemin-bakimi\/#breadcrumb"},"inLanguage":"tr","potentialAction":[{"@type":"ReadAction","target":["https:\/\/cleaningonnortherncyprus.com\/tr\/hizmetler\/kira-sonrasi-temizlik\/kiralamadan-sonra-zemin-bakimi\/"]}]},{"@type":"ImageObject","inLanguage":"tr","@id":"https:\/\/cleaningonnortherncyprus.com\/tr\/hizmetler\/kira-sonrasi-temizlik\/kiralamadan-sonra-zemin-bakimi\/#primaryimage","url":"https:\/\/cleaningonnortherncyprus.com\/wp-content\/uploads\/2025\/02\/cleaning-after-rent-new.jpg","contentUrl":"https:\/\/cleaningonnortherncyprus.com\/wp-content\/uploads\/2025\/02\/cleaning-after-rent-new.jpg","width":1000,"height":1000},{"@type":"BreadcrumbList","@id":"https:\/\/cleaningonnortherncyprus.com\/tr\/hizmetler\/kira-sonrasi-temizlik\/kiralamadan-sonra-zemin-bakimi\/#breadcrumb","itemListElement":[{"@type":"ListItem","position":1,"name":"\u0413\u043b\u0430\u0432\u043d\u0430\u044f \u0441\u0442\u0440\u0430\u043d\u0438\u0446\u0430","item":"https:\/\/cleaningonnortherncyprus.com\/"},{"@type":"ListItem","position":2,"name":"Hizmetler","item":"https:\/\/cleaningonnortherncyprus.com\/tr\/hizmetler\/"},{"@type":"ListItem","position":3,"name":"Kira sonras\u0131 temizlik","item":"https:\/\/cleaningonnortherncyprus.com\/tr\/hizmetler\/kira-sonrasi-temizlik\/"},{"@type":"ListItem","position":4,"name":"Kiralamadan sonra zemin bak\u0131m\u0131"}]},{"@type":"WebSite","@id":"https:\/\/cleaningonnortherncyprus.com\/#website","url":"https:\/\/cleaningonnortherncyprus.com\/","name":"Cleaning on Northern Cyprus","description":"","publisher":{"@id":"https:\/\/cleaningonnortherncyprus.com\/#organization"},"potentialAction":[{"@type":"SearchAction","target":{"@type":"EntryPoint","urlTemplate":"https:\/\/cleaningonnortherncyprus.com\/?s={search_term_string}"},"query-input":{"@type":"PropertyValueSpecification","valueRequired":true,"valueName":"search_term_string"}}],"inLanguage":"tr"},{"@type":"Organization","@id":"https:\/\/cleaningonnortherncyprus.com\/#organization","name":"Cleaning on Northern Cyprus","url":"https:\/\/cleaningonnortherncyprus.com\/","logo":{"@type":"ImageObject","inLanguage":"tr","@id":"https:\/\/cleaningonnortherncyprus.com\/#\/schema\/logo\/image\/","url":"https:\/\/cleaningonnortherncyprus.com\/wp-content\/uploads\/2025\/01\/logo_cleaning_white.png","contentUrl":"https:\/\/cleaningonnortherncyprus.com\/wp-content\/uploads\/2025\/01\/logo_cleaning_white.png","width":1600,"height":355,"caption":"Cleaning on Northern Cyprus"},"image":{"@id":"https:\/\/cleaningonnortherncyprus.com\/#\/schema\/logo\/image\/"}}]}},"_links":{"self":[{"href":"https:\/\/cleaningonnortherncyprus.com\/tr\/wp-json\/wp\/v2\/pages\/7287","targetHints":{"allow":["GET"]}}],"collection":[{"href":"https:\/\/cleaningonnortherncyprus.com\/tr\/wp-json\/wp\/v2\/pages"}],"about":[{"href":"https:\/\/cleaningonnortherncyprus.com\/tr\/wp-json\/wp\/v2\/types\/page"}],"author":[{"embeddable":true,"href":"https:\/\/cleaningonnortherncyprus.com\/tr\/wp-json\/wp\/v2\/users\/1"}],"replies":[{"embeddable":true,"href":"https:\/\/cleaningonnortherncyprus.com\/tr\/wp-json\/wp\/v2\/comments?post=7287"}],"version-history":[{"count":4,"href":"https:\/\/cleaningonnortherncyprus.com\/tr\/wp-json\/wp\/v2\/pages\/7287\/revisions"}],"predecessor-version":[{"id":9240,"href":"https:\/\/cleaningonnortherncyprus.com\/tr\/wp-json\/wp\/v2\/pages\/7287\/revisions\/9240"}],"up":[{"embeddable":true,"href":"https:\/\/cleaningonnortherncyprus.com\/tr\/wp-json\/wp\/v2\/pages\/6542"}],"wp:featuredmedia":[{"embeddable":true,"href":"https:\/\/cleaningonnortherncyprus.com\/tr\/wp-json\/wp\/v2\/media\/5833"}],"wp:attachment":[{"href":"https:\/\/cleaningonnortherncyprus.com\/tr\/wp-json\/wp\/v2\/media?parent=7287"}],"curies":[{"name":"wp","href":"https:\/\/api.w.org\/{rel}","templated":true}]}}