{"id":7312,"date":"2025-03-10T16:16:18","date_gmt":"2025-03-10T14:16:18","guid":{"rendered":"https:\/\/cleaningonnortherncyprus.com\/hizmetler\/kira-sonrasi-temizlik\/carsaf-yenileme\/"},"modified":"2025-12-08T17:34:40","modified_gmt":"2025-12-08T15:34:40","slug":"carsaf-yenileme","status":"publish","type":"page","link":"https:\/\/cleaningonnortherncyprus.com\/tr\/hizmetler\/kira-sonrasi-temizlik\/carsaf-yenileme\/","title":{"rendered":"\u00c7ar\u015faf yenileme"},"content":{"rendered":"\t\t<div data-elementor-type=\"wp-page\" data-elementor-id=\"7312\" class=\"elementor elementor-7312 elementor-7289\" data-elementor-post-type=\"page\">\n\t\t\t\t<div class=\"elementor-element elementor-element-720b6b59 e-flex e-con-boxed e-con e-parent\" data-id=\"720b6b59\" data-element_type=\"container\" data-settings=\"{&quot;background_background&quot;:&quot;classic&quot;}\">\n\t\t\t\t\t<div class=\"e-con-inner\">\n\t\t<div class=\"elementor-element elementor-element-730ee10a e-con-full e-flex e-con e-child\" data-id=\"730ee10a\" data-element_type=\"container\" data-settings=\"{&quot;sticky&quot;:&quot;top&quot;,&quot;sticky_parent&quot;:&quot;yes&quot;,&quot;sticky_on&quot;:[&quot;desktop&quot;,&quot;laptop&quot;,&quot;tablet_extra&quot;,&quot;tablet&quot;,&quot;mobile_extra&quot;,&quot;mobile&quot;],&quot;sticky_offset&quot;:0,&quot;sticky_effects_offset&quot;:0,&quot;sticky_anchor_link_offset&quot;:0}\">\n\t\t\t\t<div class=\"elementor-element elementor-element-6d5bcbb4 hover-img elementor-hidden-mobile_extra elementor-hidden-mobile elementor-widget elementor-widget-image\" data-id=\"6d5bcbb4\" data-element_type=\"widget\" data-widget_type=\"image.default\">\n\t\t\t\t<div class=\"elementor-widget-container\">\n\t\t\t\t\t\t\t\t\t\t\t\t\t\t\t<img fetchpriority=\"high\" decoding=\"async\" width=\"1000\" height=\"1000\" src=\"https:\/\/cleaningonnortherncyprus.com\/wp-content\/uploads\/2025\/03\/linen-refreshing-cleaning-after-rent.jpg\" class=\"attachment-full size-full wp-image-7293\" alt=\"\" srcset=\"https:\/\/cleaningonnortherncyprus.com\/wp-content\/uploads\/2025\/03\/linen-refreshing-cleaning-after-rent.jpg 1000w, https:\/\/cleaningonnortherncyprus.com\/wp-content\/uploads\/2025\/03\/linen-refreshing-cleaning-after-rent-300x300.jpg 300w, https:\/\/cleaningonnortherncyprus.com\/wp-content\/uploads\/2025\/03\/linen-refreshing-cleaning-after-rent-150x150.jpg 150w, https:\/\/cleaningonnortherncyprus.com\/wp-content\/uploads\/2025\/03\/linen-refreshing-cleaning-after-rent-768x768.jpg 768w, https:\/\/cleaningonnortherncyprus.com\/wp-content\/uploads\/2025\/03\/linen-refreshing-cleaning-after-rent-600x600.jpg 600w, https:\/\/cleaningonnortherncyprus.com\/wp-content\/uploads\/2025\/03\/linen-refreshing-cleaning-after-rent-100x100.jpg 100w\" sizes=\"(max-width: 1000px) 100vw, 1000px\" \/>\t\t\t\t\t\t\t\t\t\t\t\t\t\t\t<\/div>\n\t\t\t\t<\/div>\n\t\t\t\t<\/div>\n\t\t<div class=\"elementor-element elementor-element-6a8d1eb6 e-con-full e-flex e-con e-child\" data-id=\"6a8d1eb6\" data-element_type=\"container\">\n\t\t\t\t<div class=\"elementor-element elementor-element-5e6fd3bf elementor-widget elementor-widget-html\" data-id=\"5e6fd3bf\" data-element_type=\"widget\" data-widget_type=\"html.default\">\n\t\t\t\t<div class=\"elementor-widget-container\">\n\t\t\t\t\t<a href=\"https:\/\/cleaningonnortherncyprus.com\/tr\/hizmetler\/kira-sonrasi-temizlik\/\" class=\"parent-page-button\">\u2190 Hizmetler \/ Kiralama sonras\u0131 temizlik<\/a>\t\t\t\t<\/div>\n\t\t\t\t<\/div>\n\t\t\t\t<div class=\"elementor-element elementor-element-362fb3d1 elementor-widget elementor-widget-heading\" data-id=\"362fb3d1\" data-element_type=\"widget\" data-widget_type=\"heading.default\">\n\t\t\t\t<div class=\"elementor-widget-container\">\n\t\t\t\t\t<h1 class=\"elementor-heading-title elementor-size-default\">\u00c7ar\u015faf yenileme<\/h1>\t\t\t\t<\/div>\n\t\t\t\t<\/div>\n\t\t\t\t<div class=\"elementor-element elementor-element-5c9501a1 hover-img elementor-hidden-desktop elementor-hidden-laptop elementor-hidden-tablet_extra elementor-hidden-tablet elementor-widget elementor-widget-image\" data-id=\"5c9501a1\" data-element_type=\"widget\" data-widget_type=\"image.default\">\n\t\t\t\t<div class=\"elementor-widget-container\">\n\t\t\t\t\t\t\t\t\t\t\t\t\t\t\t<img decoding=\"async\" width=\"640\" height=\"640\" src=\"https:\/\/cleaningonnortherncyprus.com\/wp-content\/uploads\/2025\/03\/linen-refreshing-cleaning-after-rent.jpg\" class=\"attachment-large size-large wp-image-7293\" alt=\"\" srcset=\"https:\/\/cleaningonnortherncyprus.com\/wp-content\/uploads\/2025\/03\/linen-refreshing-cleaning-after-rent.jpg 1000w, https:\/\/cleaningonnortherncyprus.com\/wp-content\/uploads\/2025\/03\/linen-refreshing-cleaning-after-rent-300x300.jpg 300w, https:\/\/cleaningonnortherncyprus.com\/wp-content\/uploads\/2025\/03\/linen-refreshing-cleaning-after-rent-150x150.jpg 150w, https:\/\/cleaningonnortherncyprus.com\/wp-content\/uploads\/2025\/03\/linen-refreshing-cleaning-after-rent-768x768.jpg 768w, https:\/\/cleaningonnortherncyprus.com\/wp-content\/uploads\/2025\/03\/linen-refreshing-cleaning-after-rent-600x600.jpg 600w, https:\/\/cleaningonnortherncyprus.com\/wp-content\/uploads\/2025\/03\/linen-refreshing-cleaning-after-rent-100x100.jpg 100w\" sizes=\"(max-width: 640px) 100vw, 640px\" \/>\t\t\t\t\t\t\t\t\t\t\t\t\t\t\t<\/div>\n\t\t\t\t<\/div>\n\t\t\t\t<div class=\"elementor-element elementor-element-c17613d elementor-widget elementor-widget-text-editor\" data-id=\"c17613d\" data-element_type=\"widget\" data-widget_type=\"text-editor.default\">\n\t\t\t\t<div class=\"elementor-widget-container\">\n\t\t\t\t\t\t\t\t\t<h3 data-start=\"0\" data-end=\"73\">\u00c7ar\u015faf yenileme \u2013 misafirleriniz i\u00e7in temizlik ve konfor<\/h3>\n<p data-start=\"75\" data-end=\"518\">Temiz nevresimler, misafirlerin kiral\u0131k daireler, villalar ve evlerde bekledi\u011fi konforun \u00f6nemli bir par\u00e7as\u0131d\u0131r. Kiralama sonras\u0131 temizlik hizmetimizin bir par\u00e7as\u0131 olarak \u00e7ar\u015faf yenileme hizmeti sunuyoruz, b\u00f6ylece her konaklamadan sonra m\u00fclk\u00fcn\u00fcz kusursuz bir \u015fekilde temiz ve misafirperver g\u00f6r\u00fcnebilir. Sadece yatak \u00e7ar\u015faflar\u0131n\u0131 ve havlular\u0131 de\u011fi\u015ftirmekle kalm\u0131yor, ayn\u0131 zamanda misafir deneyimini iyile\u015ftiren ve olumlu yorumlar\u0131 te\u015fvik eden kusursuz temizlik, ferahl\u0131k ve d\u00fczen sa\u011fl\u0131yoruz.  <\/p>\n\t\t\t\t\t\t\t\t<\/div>\n\t\t\t\t<\/div>\n\t\t\t\t<\/div>\n\t\t\t\t\t<\/div>\n\t\t\t\t<\/div>\n\t\t<div class=\"elementor-element elementor-element-6d3b6913 e-flex e-con-boxed e-con e-parent\" data-id=\"6d3b6913\" data-element_type=\"container\" data-settings=\"{&quot;background_background&quot;:&quot;classic&quot;}\">\n\t\t\t\t\t<div class=\"e-con-inner\">\n\t\t<div class=\"elementor-element elementor-element-420b43da e-con-full e-flex e-con e-child\" data-id=\"420b43da\" data-element_type=\"container\">\n\t\t\t\t<div class=\"elementor-element elementor-element-3ef258c0 elementor-widget elementor-widget-Section Title\" data-id=\"3ef258c0\" data-element_type=\"widget\" data-widget_type=\"Section Title.default\">\n\t\t\t\t<div class=\"elementor-widget-container\">\n\t\t\t\t\t\t\t<div class=\"tt-section-title start\">\r\n\t\t    \t\t\t\t\t\t<div class=\"sub-title\"><span class=\"tt-section-sab\">Benefits of Choosing Our Services<\/span><\/div>\r\n\t\t\t\t\t\t\t\t\t\t\t\t\t\t\t\t<h2 class=\"section-heading\">Why is linen refreshing important?<\/h2>\r\n\t\t\t\t\t\t\t\t\t\t\t<\/div>  \r\n\t\t\t\t\t\t<\/div>\n\t\t\t\t<\/div>\n\t\t\t\t<div class=\"elementor-element elementor-element-56c4b502 elementor-widget elementor-widget-text-editor\" data-id=\"56c4b502\" data-element_type=\"widget\" data-widget_type=\"text-editor.default\">\n\t\t\t\t<div class=\"elementor-widget-container\">\n\t\t\t\t\t\t\t\t\t<p data-start=\"562\" data-end=\"932\">Misafirler bir kiral\u0131k m\u00fclke girdi\u011finde temiz bir ev beklerler \u2013 ferah, konforlu ve iyi haz\u0131rlanm\u0131\u015f bir ortam. Bayat veya k\u00f6t\u00fc temizlenmi\u015f nevresimler ve havlular olumsuz bir ilk izlenim b\u0131rakabilir ve kiralama puan\u0131n\u0131z\u0131 etkileyebilir. Apartman temizleme hizmetlerimizin bir par\u00e7as\u0131 olan \u00e7ar\u015faf yenileme, her misafirin temiz ve davetkar bir ortamda rahat etmesini sa\u011flar.  <\/p>\n<h4 data-start=\"934\" data-end=\"974\">\u00c7ar\u015faf yenilemenin temel avantajlar\u0131:<\/h4>\n<p>&#8211; Konfor ve hijyen. Temiz, \u00f6zenle y\u0131kanm\u0131\u015f ve \u00fct\u00fclenmi\u015f nevresimler rahat bir ortam sa\u011flar. <\/p>\n<p>&#8211; Olumlu yorumlar. Misafirler kusursuz temizlik ve ferahl\u0131\u011f\u0131 takdir eder. <\/p>\n<p>&#8211; Profesyonel bak\u0131m. Y\u00fcksek kaliteli y\u0131kama, kurutma ve nevresim haz\u0131rlama hizmeti. <\/p>\n<h3 data-start=\"1242\" data-end=\"1295\">\u00c7ar\u015faf yenileme hizmetimiz neleri i\u00e7erir?<\/h3>\n<p data-start=\"1297\" data-end=\"1451\">Profesyonel ev temizli\u011fi s\u00fcrecimizin bir par\u00e7as\u0131 olarak, en iyi sonu\u00e7lar\u0131 elde etmek i\u00e7in nevresim bak\u0131m\u0131na b\u00fct\u00fcnc\u00fcl bir yakla\u015f\u0131m benimsiyoruz. S\u00fcrecimiz \u015funlar\u0131 i\u00e7erir: <\/p>\n<p>&#8211; Tam \u00e7ar\u015faf de\u011fi\u015fimi. Kullan\u0131lm\u0131\u015f yatak \u00e7ar\u015faflar\u0131n\u0131 ve havlular\u0131 \u00e7\u0131kar\u0131yor ve bunlar\u0131 taze y\u0131kanm\u0131\u015f setlerle de\u011fi\u015ftiriyoruz. <\/p>\n<p>&#8211; Nevresimlerin \u00f6zenli kullan\u0131m\u0131. \u00c7ar\u015faflar\u0131n, yast\u0131k k\u0131l\u0131flar\u0131n\u0131n ve nevresimlerin y\u0131kanmas\u0131n\u0131, \u00fct\u00fclenmesini ve d\u00fczg\u00fcn bir \u015fekilde d\u00fczenlenmesini sa\u011fl\u0131yoruz. <\/p>\n<p>&#8211; Temiz havlular ve bornozlar. Spa benzeri bir deneyim sa\u011flamak i\u00e7in t\u00fcm banyo tekstilleri de\u011fi\u015ftirilir. <\/p>\n<p>&#8211; Detaylara dikkat. Leke, a\u015f\u0131nma veya hasar olup olmad\u0131\u011f\u0131n\u0131 kontrol ediyor ve gerekli durumlarda de\u011fi\u015fim sa\u011fl\u0131yoruz. <\/p>\n<h3 data-start=\"1897\" data-end=\"1946\">Farkl\u0131 kiral\u0131k m\u00fclk t\u00fcrleri i\u00e7in \u00e7ar\u015faf yenileme<\/h3>\n<p data-start=\"1948\" data-end=\"2115\">\u0130ster \u015firin bir daire ister l\u00fcks bir villa kiralay\u0131n, konut temizleme hizmetlerimiz, nevresimlerinizin her zaman en y\u00fcksek temizlik standartlar\u0131na uygun olmas\u0131n\u0131 sa\u011flar.<\/p>\n<p>&#8211; Daire temizli\u011fi. K\u0131sa s\u00fcreli kiralamalar i\u00e7in ideal, s\u0131k nevresim de\u011fi\u015fimi gerektiren m\u00fclkler i\u00e7in uygundur. <\/p>\n<p>&#8211; Villa temizli\u011fi. L\u00fcks tatil kiralamalar\u0131 i\u00e7in \u00fcst d\u00fczey \u00e7ar\u015faf bak\u0131m\u0131. <\/p>\n<p>&#8211; Uzun s\u00fcreli kiralama deste\u011fi. Uzun s\u00fcre kalan misafirler i\u00e7in planl\u0131 \u00e7ar\u015faf yenileme hizmeti. <\/p>\n<h3 data-start=\"2407\" data-end=\"2453\">\u00c7ar\u015faf yenileme hizmetimizi neden tercih etmelisiniz?<\/h3>\n<p data-start=\"2455\" data-end=\"2644\">Profesyonel yakla\u015f\u0131m\u0131m\u0131z, kiral\u0131k m\u00fclk\u00fcn\u00fcz\u00fcn her zaman yeni misafirler i\u00e7in temiz ve hijyenik bir ortamda haz\u0131r olmas\u0131n\u0131 sa\u011flar. \u0130\u015fte apartman temizleme hizmetlerimizin \u00f6ne \u00e7\u0131kan \u00f6zellikleri: <\/p>\n<p>&#8211; Alman kalite standartlar\u0131. Her \u00e7ar\u015faf de\u011fi\u015fimi, s\u0131k\u0131 bir kalite kontrol listesine g\u00f6re ger\u00e7ekle\u015ftirilir. <\/p>\n<p>&#8211; \u00c7evre dostu ve g\u00fcvenli deterjanlar. Sert kimyasallar i\u00e7ermeyen temiz nevresimler. <\/p>\n<p>&#8211; H\u0131zl\u0131 ve verimli hizmet. Misafir konaklamalar\u0131 aras\u0131ndaki h\u0131zl\u0131 temizlik s\u00fcreci. <\/p>\n<p>&#8211; Esnek zamanlama. Kiralama s\u00fcrecinizin temizleme ve \u00e7ar\u015faf de\u011fi\u015fim ihtiya\u00e7lar\u0131na g\u00f6re \u00f6zelle\u015ftirilebilir. <\/p>\n<h3 data-start=\"2987\" data-end=\"3045\">Kiralama sonras\u0131 temizlik ve \u00e7ar\u015faf yenileme hizmetinizi bug\u00fcn ay\u0131rt\u0131n<\/h3>\n<p data-start=\"3047\" data-end=\"3398\">Kiral\u0131k m\u00fclk\u00fcn\u00fcz\u00fcn her zaman davetkar ve misafir dostu olmas\u0131n\u0131 sa\u011flay\u0131n. Kiralama sonras\u0131 temizlik hizmetimize dahil olan \u00e7ar\u015faf yenileme ile misafirleriniz taze ve kusursuz \u00e7ar\u015faflarla konforlu bir konaklama deneyimi ya\u015fayacak. Bug\u00fcn bizimle ileti\u015fime ge\u00e7erek bir daire temizli\u011fi veya villa temizli\u011fi hizmeti ay\u0131rt\u0131n ve m\u00fclk\u00fcn\u00fcz\u00fc her zaman m\u00fckemmel bir durumda tutun.  <\/p>\n\t\t\t\t\t\t\t\t<\/div>\n\t\t\t\t<\/div>\n\t\t\t\t<div class=\"elementor-element elementor-element-77838d1 elementor-widget elementor-widget-text-editor\" data-id=\"77838d1\" data-element_type=\"widget\" data-widget_type=\"text-editor.default\">\n\t\t\t\t<div class=\"elementor-widget-container\">\n\t\t\t\t\t\t\t\t\t<p>Ayr\u0131ca bak\u0131n\u0131z: <a href=\"https:\/\/cleaningonnortherncyprus.com\/tr\/hizmetler\/kira-sonrasi-temizlik\/ek-hizmetler\/\">https:\/\/cleaningonnortherncyprus.com\/tr\/hizmetler\/kira-sonrasi-temizlik\/ek-hizmetler\/<\/a><\/p>\t\t\t\t\t\t\t\t<\/div>\n\t\t\t\t<\/div>\n\t\t\t\t<\/div>\n\t\t\t\t\t<\/div>\n\t\t\t\t<\/div>\n\t\t\t\t<\/div>\n\t\t","protected":false},"excerpt":{"rendered":"<p>\u2190 Hizmetler \/ Kiralama sonras\u0131 temizlik \u00c7ar\u015faf yenileme \u00c7ar\u015faf yenileme \u2013 misafirleriniz i\u00e7in temizlik ve konfor Temiz nevresimler, misafirlerin kiral\u0131k [&hellip;]<\/p>\n","protected":false},"author":1,"featured_media":7293,"parent":6542,"menu_order":0,"comment_status":"closed","ping_status":"closed","template":"elementor_header_footer","meta":{"footnotes":""},"class_list":["post-7312","page","type-page","status-publish","has-post-thumbnail","hentry"],"yoast_head":"<!-- This site is optimized with the Yoast SEO plugin v25.1 - https:\/\/yoast.com\/wordpress\/plugins\/seo\/ -->\n<title>\u00c7ar\u015faf yenileme - Cleaning on Northern Cyprus<\/title>\n<meta name=\"robots\" content=\"index, follow, max-snippet:-1, max-image-preview:large, max-video-preview:-1\" \/>\n<link rel=\"canonical\" href=\"https:\/\/cleaningonnortherncyprus.com\/tr\/hizmetler\/kira-sonrasi-temizlik\/carsaf-yenileme\/\" \/>\n<meta property=\"og:locale\" content=\"tr_TR\" \/>\n<meta property=\"og:type\" content=\"article\" \/>\n<meta property=\"og:title\" content=\"\u00c7ar\u015faf yenileme - Cleaning on Northern Cyprus\" \/>\n<meta property=\"og:description\" content=\"\u2190 Hizmetler \/ Kiralama sonras\u0131 temizlik \u00c7ar\u015faf yenileme \u00c7ar\u015faf yenileme \u2013 misafirleriniz i\u00e7in temizlik ve konfor Temiz nevresimler, misafirlerin kiral\u0131k [&hellip;]\" \/>\n<meta property=\"og:url\" content=\"https:\/\/cleaningonnortherncyprus.com\/tr\/hizmetler\/kira-sonrasi-temizlik\/carsaf-yenileme\/\" \/>\n<meta property=\"og:site_name\" content=\"Cleaning on Northern Cyprus\" \/>\n<meta property=\"article:modified_time\" content=\"2025-12-08T15:34:40+00:00\" \/>\n<meta property=\"og:image\" content=\"https:\/\/cleaningonnortherncyprus.com\/wp-content\/uploads\/2025\/03\/linen-refreshing-cleaning-after-rent.jpg\" \/>\n\t<meta property=\"og:image:width\" content=\"1000\" \/>\n\t<meta property=\"og:image:height\" content=\"1000\" \/>\n\t<meta property=\"og:image:type\" content=\"image\/jpeg\" \/>\n<meta name=\"twitter:card\" content=\"summary_large_image\" \/>\n<meta name=\"twitter:label1\" content=\"Est. reading time\" \/>\n\t<meta name=\"twitter:data1\" content=\"4 dakika\" \/>\n<script type=\"application\/ld+json\" class=\"yoast-schema-graph\">{\"@context\":\"https:\/\/schema.org\",\"@graph\":[{\"@type\":\"WebPage\",\"@id\":\"https:\/\/cleaningonnortherncyprus.com\/tr\/hizmetler\/kira-sonrasi-temizlik\/carsaf-yenileme\/\",\"url\":\"https:\/\/cleaningonnortherncyprus.com\/tr\/hizmetler\/kira-sonrasi-temizlik\/carsaf-yenileme\/\",\"name\":\"\u00c7ar\u015faf yenileme - Cleaning on Northern Cyprus\",\"isPartOf\":{\"@id\":\"https:\/\/cleaningonnortherncyprus.com\/#website\"},\"primaryImageOfPage\":{\"@id\":\"https:\/\/cleaningonnortherncyprus.com\/tr\/hizmetler\/kira-sonrasi-temizlik\/carsaf-yenileme\/#primaryimage\"},\"image\":{\"@id\":\"https:\/\/cleaningonnortherncyprus.com\/tr\/hizmetler\/kira-sonrasi-temizlik\/carsaf-yenileme\/#primaryimage\"},\"thumbnailUrl\":\"https:\/\/cleaningonnortherncyprus.com\/wp-content\/uploads\/2025\/03\/linen-refreshing-cleaning-after-rent.jpg\",\"datePublished\":\"2025-03-10T14:16:18+00:00\",\"dateModified\":\"2025-12-08T15:34:40+00:00\",\"breadcrumb\":{\"@id\":\"https:\/\/cleaningonnortherncyprus.com\/tr\/hizmetler\/kira-sonrasi-temizlik\/carsaf-yenileme\/#breadcrumb\"},\"inLanguage\":\"tr\",\"potentialAction\":[{\"@type\":\"ReadAction\",\"target\":[\"https:\/\/cleaningonnortherncyprus.com\/tr\/hizmetler\/kira-sonrasi-temizlik\/carsaf-yenileme\/\"]}]},{\"@type\":\"ImageObject\",\"inLanguage\":\"tr\",\"@id\":\"https:\/\/cleaningonnortherncyprus.com\/tr\/hizmetler\/kira-sonrasi-temizlik\/carsaf-yenileme\/#primaryimage\",\"url\":\"https:\/\/cleaningonnortherncyprus.com\/wp-content\/uploads\/2025\/03\/linen-refreshing-cleaning-after-rent.jpg\",\"contentUrl\":\"https:\/\/cleaningonnortherncyprus.com\/wp-content\/uploads\/2025\/03\/linen-refreshing-cleaning-after-rent.jpg\",\"width\":1000,\"height\":1000},{\"@type\":\"BreadcrumbList\",\"@id\":\"https:\/\/cleaningonnortherncyprus.com\/tr\/hizmetler\/kira-sonrasi-temizlik\/carsaf-yenileme\/#breadcrumb\",\"itemListElement\":[{\"@type\":\"ListItem\",\"position\":1,\"name\":\"\u0413\u043b\u0430\u0432\u043d\u0430\u044f \u0441\u0442\u0440\u0430\u043d\u0438\u0446\u0430\",\"item\":\"https:\/\/cleaningonnortherncyprus.com\/\"},{\"@type\":\"ListItem\",\"position\":2,\"name\":\"Hizmetler\",\"item\":\"https:\/\/cleaningonnortherncyprus.com\/tr\/hizmetler\/\"},{\"@type\":\"ListItem\",\"position\":3,\"name\":\"Kira sonras\u0131 temizlik\",\"item\":\"https:\/\/cleaningonnortherncyprus.com\/tr\/hizmetler\/kira-sonrasi-temizlik\/\"},{\"@type\":\"ListItem\",\"position\":4,\"name\":\"\u00c7ar\u015faf yenileme\"}]},{\"@type\":\"WebSite\",\"@id\":\"https:\/\/cleaningonnortherncyprus.com\/#website\",\"url\":\"https:\/\/cleaningonnortherncyprus.com\/\",\"name\":\"Cleaning on Northern Cyprus\",\"description\":\"\",\"publisher\":{\"@id\":\"https:\/\/cleaningonnortherncyprus.com\/#organization\"},\"potentialAction\":[{\"@type\":\"SearchAction\",\"target\":{\"@type\":\"EntryPoint\",\"urlTemplate\":\"https:\/\/cleaningonnortherncyprus.com\/?s={search_term_string}\"},\"query-input\":{\"@type\":\"PropertyValueSpecification\",\"valueRequired\":true,\"valueName\":\"search_term_string\"}}],\"inLanguage\":\"tr\"},{\"@type\":\"Organization\",\"@id\":\"https:\/\/cleaningonnortherncyprus.com\/#organization\",\"name\":\"Cleaning on Northern Cyprus\",\"url\":\"https:\/\/cleaningonnortherncyprus.com\/\",\"logo\":{\"@type\":\"ImageObject\",\"inLanguage\":\"tr\",\"@id\":\"https:\/\/cleaningonnortherncyprus.com\/#\/schema\/logo\/image\/\",\"url\":\"https:\/\/cleaningonnortherncyprus.com\/wp-content\/uploads\/2025\/01\/logo_cleaning_white.png\",\"contentUrl\":\"https:\/\/cleaningonnortherncyprus.com\/wp-content\/uploads\/2025\/01\/logo_cleaning_white.png\",\"width\":1600,\"height\":355,\"caption\":\"Cleaning on Northern Cyprus\"},\"image\":{\"@id\":\"https:\/\/cleaningonnortherncyprus.com\/#\/schema\/logo\/image\/\"}}]}<\/script>\n<!-- \/ Yoast SEO plugin. -->","yoast_head_json":{"title":"\u00c7ar\u015faf yenileme - Cleaning on Northern Cyprus","robots":{"index":"index","follow":"follow","max-snippet":"max-snippet:-1","max-image-preview":"max-image-preview:large","max-video-preview":"max-video-preview:-1"},"canonical":"https:\/\/cleaningonnortherncyprus.com\/tr\/hizmetler\/kira-sonrasi-temizlik\/carsaf-yenileme\/","og_locale":"tr_TR","og_type":"article","og_title":"\u00c7ar\u015faf yenileme - Cleaning on Northern Cyprus","og_description":"\u2190 Hizmetler \/ Kiralama sonras\u0131 temizlik \u00c7ar\u015faf yenileme \u00c7ar\u015faf yenileme \u2013 misafirleriniz i\u00e7in temizlik ve konfor Temiz nevresimler, misafirlerin kiral\u0131k [&hellip;]","og_url":"https:\/\/cleaningonnortherncyprus.com\/tr\/hizmetler\/kira-sonrasi-temizlik\/carsaf-yenileme\/","og_site_name":"Cleaning on Northern Cyprus","article_modified_time":"2025-12-08T15:34:40+00:00","og_image":[{"width":1000,"height":1000,"url":"https:\/\/cleaningonnortherncyprus.com\/wp-content\/uploads\/2025\/03\/linen-refreshing-cleaning-after-rent.jpg","type":"image\/jpeg"}],"twitter_card":"summary_large_image","twitter_misc":{"Est. reading time":"4 dakika"},"schema":{"@context":"https:\/\/schema.org","@graph":[{"@type":"WebPage","@id":"https:\/\/cleaningonnortherncyprus.com\/tr\/hizmetler\/kira-sonrasi-temizlik\/carsaf-yenileme\/","url":"https:\/\/cleaningonnortherncyprus.com\/tr\/hizmetler\/kira-sonrasi-temizlik\/carsaf-yenileme\/","name":"\u00c7ar\u015faf yenileme - Cleaning on Northern Cyprus","isPartOf":{"@id":"https:\/\/cleaningonnortherncyprus.com\/#website"},"primaryImageOfPage":{"@id":"https:\/\/cleaningonnortherncyprus.com\/tr\/hizmetler\/kira-sonrasi-temizlik\/carsaf-yenileme\/#primaryimage"},"image":{"@id":"https:\/\/cleaningonnortherncyprus.com\/tr\/hizmetler\/kira-sonrasi-temizlik\/carsaf-yenileme\/#primaryimage"},"thumbnailUrl":"https:\/\/cleaningonnortherncyprus.com\/wp-content\/uploads\/2025\/03\/linen-refreshing-cleaning-after-rent.jpg","datePublished":"2025-03-10T14:16:18+00:00","dateModified":"2025-12-08T15:34:40+00:00","breadcrumb":{"@id":"https:\/\/cleaningonnortherncyprus.com\/tr\/hizmetler\/kira-sonrasi-temizlik\/carsaf-yenileme\/#breadcrumb"},"inLanguage":"tr","potentialAction":[{"@type":"ReadAction","target":["https:\/\/cleaningonnortherncyprus.com\/tr\/hizmetler\/kira-sonrasi-temizlik\/carsaf-yenileme\/"]}]},{"@type":"ImageObject","inLanguage":"tr","@id":"https:\/\/cleaningonnortherncyprus.com\/tr\/hizmetler\/kira-sonrasi-temizlik\/carsaf-yenileme\/#primaryimage","url":"https:\/\/cleaningonnortherncyprus.com\/wp-content\/uploads\/2025\/03\/linen-refreshing-cleaning-after-rent.jpg","contentUrl":"https:\/\/cleaningonnortherncyprus.com\/wp-content\/uploads\/2025\/03\/linen-refreshing-cleaning-after-rent.jpg","width":1000,"height":1000},{"@type":"BreadcrumbList","@id":"https:\/\/cleaningonnortherncyprus.com\/tr\/hizmetler\/kira-sonrasi-temizlik\/carsaf-yenileme\/#breadcrumb","itemListElement":[{"@type":"ListItem","position":1,"name":"\u0413\u043b\u0430\u0432\u043d\u0430\u044f \u0441\u0442\u0440\u0430\u043d\u0438\u0446\u0430","item":"https:\/\/cleaningonnortherncyprus.com\/"},{"@type":"ListItem","position":2,"name":"Hizmetler","item":"https:\/\/cleaningonnortherncyprus.com\/tr\/hizmetler\/"},{"@type":"ListItem","position":3,"name":"Kira sonras\u0131 temizlik","item":"https:\/\/cleaningonnortherncyprus.com\/tr\/hizmetler\/kira-sonrasi-temizlik\/"},{"@type":"ListItem","position":4,"name":"\u00c7ar\u015faf yenileme"}]},{"@type":"WebSite","@id":"https:\/\/cleaningonnortherncyprus.com\/#website","url":"https:\/\/cleaningonnortherncyprus.com\/","name":"Cleaning on Northern Cyprus","description":"","publisher":{"@id":"https:\/\/cleaningonnortherncyprus.com\/#organization"},"potentialAction":[{"@type":"SearchAction","target":{"@type":"EntryPoint","urlTemplate":"https:\/\/cleaningonnortherncyprus.com\/?s={search_term_string}"},"query-input":{"@type":"PropertyValueSpecification","valueRequired":true,"valueName":"search_term_string"}}],"inLanguage":"tr"},{"@type":"Organization","@id":"https:\/\/cleaningonnortherncyprus.com\/#organization","name":"Cleaning on Northern Cyprus","url":"https:\/\/cleaningonnortherncyprus.com\/","logo":{"@type":"ImageObject","inLanguage":"tr","@id":"https:\/\/cleaningonnortherncyprus.com\/#\/schema\/logo\/image\/","url":"https:\/\/cleaningonnortherncyprus.com\/wp-content\/uploads\/2025\/01\/logo_cleaning_white.png","contentUrl":"https:\/\/cleaningonnortherncyprus.com\/wp-content\/uploads\/2025\/01\/logo_cleaning_white.png","width":1600,"height":355,"caption":"Cleaning on Northern Cyprus"},"image":{"@id":"https:\/\/cleaningonnortherncyprus.com\/#\/schema\/logo\/image\/"}}]}},"_links":{"self":[{"href":"https:\/\/cleaningonnortherncyprus.com\/tr\/wp-json\/wp\/v2\/pages\/7312","targetHints":{"allow":["GET"]}}],"collection":[{"href":"https:\/\/cleaningonnortherncyprus.com\/tr\/wp-json\/wp\/v2\/pages"}],"about":[{"href":"https:\/\/cleaningonnortherncyprus.com\/tr\/wp-json\/wp\/v2\/types\/page"}],"author":[{"embeddable":true,"href":"https:\/\/cleaningonnortherncyprus.com\/tr\/wp-json\/wp\/v2\/users\/1"}],"replies":[{"embeddable":true,"href":"https:\/\/cleaningonnortherncyprus.com\/tr\/wp-json\/wp\/v2\/comments?post=7312"}],"version-history":[{"count":4,"href":"https:\/\/cleaningonnortherncyprus.com\/tr\/wp-json\/wp\/v2\/pages\/7312\/revisions"}],"predecessor-version":[{"id":9275,"href":"https:\/\/cleaningonnortherncyprus.com\/tr\/wp-json\/wp\/v2\/pages\/7312\/revisions\/9275"}],"up":[{"embeddable":true,"href":"https:\/\/cleaningonnortherncyprus.com\/tr\/wp-json\/wp\/v2\/pages\/6542"}],"wp:featuredmedia":[{"embeddable":true,"href":"https:\/\/cleaningonnortherncyprus.com\/tr\/wp-json\/wp\/v2\/media\/7293"}],"wp:attachment":[{"href":"https:\/\/cleaningonnortherncyprus.com\/tr\/wp-json\/wp\/v2\/media?parent=7312"}],"curies":[{"name":"wp","href":"https:\/\/api.w.org\/{rel}","templated":true}]}}