{"id":7331,"date":"2025-03-10T17:46:26","date_gmt":"2025-03-10T15:46:26","guid":{"rendered":"https:\/\/cleaningonnortherncyprus.com\/hizmetler\/kira-sonrasi-temizlik\/yuzey-toz-alma\/"},"modified":"2025-12-08T17:18:49","modified_gmt":"2025-12-08T15:18:49","slug":"yuzey-toz-alma","status":"publish","type":"page","link":"https:\/\/cleaningonnortherncyprus.com\/tr\/hizmetler\/kira-sonrasi-temizlik\/yuzey-toz-alma\/","title":{"rendered":"Y\u00fczey toz alma"},"content":{"rendered":"\t\t<div data-elementor-type=\"wp-page\" data-elementor-id=\"7331\" class=\"elementor elementor-7331 elementor-7314\" data-elementor-post-type=\"page\">\n\t\t\t\t<div class=\"elementor-element elementor-element-21267d91 e-flex e-con-boxed e-con e-parent\" data-id=\"21267d91\" data-element_type=\"container\" data-settings=\"{&quot;background_background&quot;:&quot;classic&quot;}\">\n\t\t\t\t\t<div class=\"e-con-inner\">\n\t\t<div class=\"elementor-element elementor-element-3cf93871 e-con-full e-flex e-con e-child\" data-id=\"3cf93871\" data-element_type=\"container\" data-settings=\"{&quot;sticky&quot;:&quot;top&quot;,&quot;sticky_parent&quot;:&quot;yes&quot;,&quot;sticky_on&quot;:[&quot;desktop&quot;,&quot;laptop&quot;,&quot;tablet_extra&quot;,&quot;tablet&quot;,&quot;mobile_extra&quot;,&quot;mobile&quot;],&quot;sticky_offset&quot;:0,&quot;sticky_effects_offset&quot;:0,&quot;sticky_anchor_link_offset&quot;:0}\">\n\t\t\t\t<div class=\"elementor-element elementor-element-81eb9d2 hover-img elementor-hidden-mobile_extra elementor-hidden-mobile elementor-widget elementor-widget-image\" data-id=\"81eb9d2\" data-element_type=\"widget\" data-widget_type=\"image.default\">\n\t\t\t\t<div class=\"elementor-widget-container\">\n\t\t\t\t\t\t\t\t\t\t\t\t\t\t\t<img fetchpriority=\"high\" decoding=\"async\" width=\"1024\" height=\"1024\" src=\"https:\/\/cleaningonnortherncyprus.com\/wp-content\/uploads\/2025\/03\/surface-dusting.jpg\" class=\"attachment-full size-full wp-image-7318\" alt=\"\" srcset=\"https:\/\/cleaningonnortherncyprus.com\/wp-content\/uploads\/2025\/03\/surface-dusting.jpg 1024w, https:\/\/cleaningonnortherncyprus.com\/wp-content\/uploads\/2025\/03\/surface-dusting-300x300.jpg 300w, https:\/\/cleaningonnortherncyprus.com\/wp-content\/uploads\/2025\/03\/surface-dusting-150x150.jpg 150w, https:\/\/cleaningonnortherncyprus.com\/wp-content\/uploads\/2025\/03\/surface-dusting-768x768.jpg 768w, https:\/\/cleaningonnortherncyprus.com\/wp-content\/uploads\/2025\/03\/surface-dusting-600x600.jpg 600w, https:\/\/cleaningonnortherncyprus.com\/wp-content\/uploads\/2025\/03\/surface-dusting-100x100.jpg 100w\" sizes=\"(max-width: 1024px) 100vw, 1024px\" \/>\t\t\t\t\t\t\t\t\t\t\t\t\t\t\t<\/div>\n\t\t\t\t<\/div>\n\t\t\t\t<\/div>\n\t\t<div class=\"elementor-element elementor-element-677e7222 e-con-full e-flex e-con e-child\" data-id=\"677e7222\" data-element_type=\"container\">\n\t\t\t\t<div class=\"elementor-element elementor-element-4d972f94 elementor-widget elementor-widget-html\" data-id=\"4d972f94\" data-element_type=\"widget\" data-widget_type=\"html.default\">\n\t\t\t\t<div class=\"elementor-widget-container\">\n\t\t\t\t\t<a href=\"https:\/\/cleaningonnortherncyprus.com\/tr\/hizmetler\/kira-sonrasi-temizlik\/\" class=\"parent-page-button\">\u2190 Hizmetler \/ Kiralama sonras\u0131 temizlik<\/a>\t\t\t\t<\/div>\n\t\t\t\t<\/div>\n\t\t\t\t<div class=\"elementor-element elementor-element-565d2839 elementor-widget elementor-widget-heading\" data-id=\"565d2839\" data-element_type=\"widget\" data-widget_type=\"heading.default\">\n\t\t\t\t<div class=\"elementor-widget-container\">\n\t\t\t\t\t<h1 class=\"elementor-heading-title elementor-size-default\">Y\u00fczey toz alma<\/h1>\t\t\t\t<\/div>\n\t\t\t\t<\/div>\n\t\t\t\t<div class=\"elementor-element elementor-element-6d287cc0 hover-img elementor-hidden-desktop elementor-hidden-laptop elementor-hidden-tablet_extra elementor-hidden-tablet elementor-widget elementor-widget-image\" data-id=\"6d287cc0\" data-element_type=\"widget\" data-widget_type=\"image.default\">\n\t\t\t\t<div class=\"elementor-widget-container\">\n\t\t\t\t\t\t\t\t\t\t\t\t\t\t\t<img decoding=\"async\" width=\"640\" height=\"640\" src=\"https:\/\/cleaningonnortherncyprus.com\/wp-content\/uploads\/2025\/03\/surface-dusting.jpg\" class=\"attachment-large size-large wp-image-7318\" alt=\"\" srcset=\"https:\/\/cleaningonnortherncyprus.com\/wp-content\/uploads\/2025\/03\/surface-dusting.jpg 1024w, https:\/\/cleaningonnortherncyprus.com\/wp-content\/uploads\/2025\/03\/surface-dusting-300x300.jpg 300w, https:\/\/cleaningonnortherncyprus.com\/wp-content\/uploads\/2025\/03\/surface-dusting-150x150.jpg 150w, https:\/\/cleaningonnortherncyprus.com\/wp-content\/uploads\/2025\/03\/surface-dusting-768x768.jpg 768w, https:\/\/cleaningonnortherncyprus.com\/wp-content\/uploads\/2025\/03\/surface-dusting-600x600.jpg 600w, https:\/\/cleaningonnortherncyprus.com\/wp-content\/uploads\/2025\/03\/surface-dusting-100x100.jpg 100w\" sizes=\"(max-width: 640px) 100vw, 640px\" \/>\t\t\t\t\t\t\t\t\t\t\t\t\t\t\t<\/div>\n\t\t\t\t<\/div>\n\t\t\t\t<div class=\"elementor-element elementor-element-297a3e99 elementor-widget elementor-widget-text-editor\" data-id=\"297a3e99\" data-element_type=\"widget\" data-widget_type=\"text-editor.default\">\n\t\t\t\t<div class=\"elementor-widget-container\">\n\t\t\t\t\t\t\t\t\t<h3 data-start=\"0\" data-end=\"67\">Y\u00fczey toz alma \u2013 kiral\u0131k m\u00fclk\u00fcn\u00fcz i\u00e7in ferahl\u0131k ve alerjensiz temizlik<\/h3>\n<p data-start=\"69\" data-end=\"574\">Temiz bir ev, yaln\u0131zca s\u00fcp\u00fcrmek ve paspas yapmakla s\u0131n\u0131rl\u0131 de\u011fildir. Daire temizleme hizmetlerinin en s\u0131k g\u00f6z ard\u0131 edilen ancak \u00f6nemli y\u00f6nlerinden biri de y\u00fczey toz alma i\u015flemidir. Toz, mobilyalar, raflar, elektronik e\u015fyalar ve dekoratif objeler \u00fczerinde birikir, mek\u00e2n\u0131n da\u011f\u0131n\u0131k g\u00f6r\u00fcnmesine neden olabilir ve alerjileri tetikleyebilir. Kiralama sonras\u0131 temizlik hizmetimizin bir par\u00e7as\u0131 olarak, t\u00fcm y\u00fczeyleri tozdan ar\u0131nd\u0131r\u0131yor, havadaki alerjenleri azalt\u0131yor ve misafirleriniz i\u00e7in temiz, ferah bir ortam yarat\u0131yoruz.   <\/p>\n\t\t\t\t\t\t\t\t<\/div>\n\t\t\t\t<\/div>\n\t\t\t\t<\/div>\n\t\t\t\t\t<\/div>\n\t\t\t\t<\/div>\n\t\t<div class=\"elementor-element elementor-element-24c8275a e-flex e-con-boxed e-con e-parent\" data-id=\"24c8275a\" data-element_type=\"container\" data-settings=\"{&quot;background_background&quot;:&quot;classic&quot;}\">\n\t\t\t\t\t<div class=\"e-con-inner\">\n\t\t<div class=\"elementor-element elementor-element-625eb9a4 e-con-full e-flex e-con e-child\" data-id=\"625eb9a4\" data-element_type=\"container\">\n\t\t\t\t<div class=\"elementor-element elementor-element-558c24c elementor-widget elementor-widget-Section Title\" data-id=\"558c24c\" data-element_type=\"widget\" data-widget_type=\"Section Title.default\">\n\t\t\t\t<div class=\"elementor-widget-container\">\n\t\t\t\t\t\t\t<div class=\"tt-section-title start\">\r\n\t\t    \t\t\t\t\t\t<div class=\"sub-title\"><span class=\"tt-section-sab\">Benefits of Choosing Our Services<\/span><\/div>\r\n\t\t\t\t\t\t\t\t\t\t\t\t\t\t\t\t<h2 class=\"section-heading\">Why is surface dusting important after a rental?<\/h2>\r\n\t\t\t\t\t\t\t\t\t\t\t<\/div>  \r\n\t\t\t\t\t\t<\/div>\n\t\t\t\t<\/div>\n\t\t\t\t<div class=\"elementor-element elementor-element-145cbb02 elementor-widget elementor-widget-text-editor\" data-id=\"145cbb02\" data-element_type=\"widget\" data-widget_type=\"text-editor.default\">\n\t\t\t\t<div class=\"elementor-widget-container\">\n\t\t\t\t\t\t\t\t\t<p data-start=\"632\" data-end=\"1021\">Toz her yerde bulunur ve d\u00fczenli olarak temizlenmedi\u011finde h\u0131zla y\u00fczeylerde birikir. Bu durum hava kalitesini ve m\u00fclk\u00fcn\u00fcz\u00fcn genel temizli\u011fini olumsuz etkileyebilir. Her misafirden sonra, mobilyalar, tezg\u00e2hlar ve ula\u015f\u0131lmas\u0131 zor alanlarda toz birikebilir. Konut temizleme hizmetlerimiz, birikmeyi \u00f6nlemek ve temiz, bak\u0131ml\u0131 bir alan sa\u011flamak i\u00e7in detayl\u0131 toz alma i\u015flemi i\u00e7erir.  <\/p>\n<h4 data-start=\"1023\" data-end=\"1067\">Y\u00fczey toz alman\u0131n ba\u015fl\u0131ca avantajlar\u0131:<\/h4>\n<p>&#8211; Daha iyi i\u00e7 hava kalitesi. Toz par\u00e7ac\u0131klar\u0131n\u0131n giderilmesiyle alerjenler azal\u0131r ve hava daha temiz olur. <\/p>\n<p>-Daha hijyenik bir ortam. D\u00fczenli toz alma, g\u00f6zle g\u00f6r\u00fcl\u00fcr kir birikimini \u00f6nler ve y\u00fczeyleri p\u0131r\u0131l p\u0131r\u0131l tutar. <\/p>\n<p>&#8211; Mobilya ve dekorun korunmas\u0131. Ah\u015fap, cam ve elektronik y\u00fczeylerin uzun \u00f6m\u00fcrl\u00fc olmas\u0131n\u0131 sa\u011flar. <\/p>\n<p>&#8211; Misafirler i\u00e7in d\u00fczenli ve temiz bir alan. Tozsuz bir ortam, olumlu bir ilk izlenim b\u0131rak\u0131r. <\/p>\n<h3 data-start=\"1511\" data-end=\"1563\">Y\u00fczey toz alma hizmetimiz neleri i\u00e7erir?<\/h3>\n<p data-start=\"1565\" data-end=\"1742\">Profesyonel ev temizli\u011fi s\u00fcrecimizin bir par\u00e7as\u0131 olarak, t\u00fcm y\u00fczeylerin tozdan ve alerjenlerden ar\u0131nd\u0131r\u0131lmas\u0131na \u00f6zen g\u00f6steriyoruz. Hizmetimiz \u015funlar\u0131 kapsar: <\/p>\n<p>&#8211; Mobilyalar\u0131n tozunun al\u0131nmas\u0131. Masalar, sandalyeler, raflar ve dolaplar dikkatlice temizlenir. <\/p>\n<p>&#8211; EElektronik cihaz ve ev aletlerinin temizli\u011fi. Televizyon, bilgisayar ve mutfak e\u015fyalar\u0131n\u0131n tozunu hassas bir \u015fekilde temizleyerek zarar g\u00f6rmelerini \u00f6nl\u00fcyoruz. <\/p>\n<p>&#8211; Ula\u015f\u0131lmas\u0131 zor alanlar\u0131n temizlenmesi. Mobilyalar\u0131n arkas\u0131, ayd\u0131nlatma armat\u00fcrleri ve s\u00fcp\u00fcrgeliklerde biriken toz temizlenir. <\/p>\n<p>&#8211; Dekoratif \u00f6\u011feler ve aksesuarlar\u0131n temizli\u011fi. \u00c7er\u00e7eveler, aynalar ve dekoratif objeler silinerek p\u0131r\u0131l p\u0131r\u0131l hale getirilir. <\/p>\n<h3 data-start=\"2219\" data-end=\"2271\">Farkl\u0131 kiral\u0131k m\u00fclk t\u00fcrleri i\u00e7in y\u00fczey toz alma<\/h3>\n<p data-start=\"2273\" data-end=\"2440\">\u0130ster apartman dairesi, ister villa ya da uzun s\u00fcreli kiral\u0131k bir m\u00fclk\u00fcn\u00fcz olsun, daire temizleme hizmetlerimiz, t\u00fcm y\u00fczeylerin her zaman tozsuz ve tertemiz olmas\u0131n\u0131 sa\u011flar.<\/p>\n<p>&#8211; Apartman temizli\u011fi. K\u0131sa s\u00fcreli kiralamalar i\u00e7in d\u00fczenli toz alma hizmetiyle m\u00fclk\u00fc misafirler i\u00e7in her zaman haz\u0131r tutar\u0131z. <\/p>\n<p>&#8211; Villa temizli\u011fi. Geni\u015f alanlarda daha fazla y\u00fczey i\u00e7in kapsaml\u0131 toz alma hizmeti sunar\u0131z. <\/p>\n<p>&#8211; Uzun s\u00fcreli kiral\u0131k m\u00fclk bak\u0131m\u0131. D\u00fczenli y\u00fczey temizli\u011fi ile kir birikmesini \u00f6nleriz. <\/p>\n<h3 data-start=\"2746\" data-end=\"2791\">Y\u00fczey toz alma hizmetimizi neden tercih etmelisiniz?<\/h3>\n<p data-start=\"2793\" data-end=\"2960\">Konut temizleme hizmetlerimiz, kiral\u0131k m\u00fclk\u00fcn\u00fcz\u00fcn temiz ve bak\u0131ml\u0131 kalmas\u0131n\u0131 sa\u011flar. \u0130\u015fte bizi rakiplerimizden ay\u0131ran \u00f6zellikler: <\/p>\n<p>&#8211; Detaylara g\u00f6sterilen \u00f6zen. En k\u00fc\u00e7\u00fck ve ula\u015f\u0131lmas\u0131 zor alanlar\u0131 bile temizleriz. <\/p>\n<p>&#8211; G\u00fcvenli ve \u00e7evre dostu y\u00f6ntemler. Toksik olmayan, y\u00fcksek kaliteli temizlik \u00fcr\u00fcnleri kullan\u0131r\u0131z. <\/p>\n<p>&#8211; H\u0131zl\u0131 ve etkili temizlik. Misafir de\u011fi\u015fimleri aras\u0131nda h\u0131zl\u0131 ve kapsaml\u0131 temizlik yapar\u0131z. <\/p>\n<p>&#8211; Esnek planlama. Kiralama s\u00fcrecinizin gereksinimlerine g\u00f6re temizlik zamanlamas\u0131n\u0131 ayarlayabiliriz. <\/p>\n<h3 data-start=\"3347\" data-end=\"3404\">Kiralama sonras\u0131 temizlik ve y\u00fczey toz alma hizmetinizi bug\u00fcn ay\u0131rt\u0131n<\/h3>\n<p data-start=\"3406\" data-end=\"3745\">Kiral\u0131k m\u00fclk\u00fcn\u00fcz\u00fcn her zaman temiz, d\u00fczenli ve alerjenlerden ar\u0131nd\u0131r\u0131lm\u0131\u015f olmas\u0131n\u0131 sa\u011flay\u0131n. Y\u00fczey toz alma hizmetimiz, kiralama sonras\u0131 temizlik hizmetimize d\u00e2hildir ve misafirleriniz i\u00e7in hijyenik bir ortam yarat\u0131r. Bug\u00fcn bizimle ileti\u015fime ge\u00e7erek bir daire temizli\u011fi veya villa temizli\u011fi hizmeti ay\u0131rt\u0131n ve m\u00fclk\u00fcn\u00fcz\u00fc her zaman m\u00fckemmel durumda tutun.  <\/p>\n\t\t\t\t\t\t\t\t<\/div>\n\t\t\t\t<\/div>\n\t\t\t\t<div class=\"elementor-element elementor-element-ac45ab0 elementor-widget elementor-widget-text-editor\" data-id=\"ac45ab0\" data-element_type=\"widget\" data-widget_type=\"text-editor.default\">\n\t\t\t\t<div class=\"elementor-widget-container\">\n\t\t\t\t\t\t\t\t\t<p>Ayr\u0131ca bak\u0131n\u0131z: <a href=\"https:\/\/cleaningonnortherncyprus.com\/tr\/hizmetler\/kira-sonrasi-temizlik\/kiralamadan-sonra-zemin-bakimi\/\">https:\/\/cleaningonnortherncyprus.com\/tr\/hizmetler\/kira-sonrasi-temizlik\/kiralamadan-sonra-zemin-bakimi\/<\/a><\/p>\t\t\t\t\t\t\t\t<\/div>\n\t\t\t\t<\/div>\n\t\t\t\t<\/div>\n\t\t\t\t\t<\/div>\n\t\t\t\t<\/div>\n\t\t\t\t<\/div>\n\t\t","protected":false},"excerpt":{"rendered":"<p>\u2190 Hizmetler \/ Kiralama sonras\u0131 temizlik Y\u00fczey toz alma Y\u00fczey toz alma \u2013 kiral\u0131k m\u00fclk\u00fcn\u00fcz i\u00e7in ferahl\u0131k ve alerjensiz temizlik [&hellip;]<\/p>\n","protected":false},"author":1,"featured_media":7318,"parent":6542,"menu_order":0,"comment_status":"closed","ping_status":"closed","template":"elementor_header_footer","meta":{"footnotes":""},"class_list":["post-7331","page","type-page","status-publish","has-post-thumbnail","hentry"],"yoast_head":"<!-- This site is optimized with the Yoast SEO plugin v25.1 - https:\/\/yoast.com\/wordpress\/plugins\/seo\/ -->\n<title>Y\u00fczey toz alma - Cleaning on Northern Cyprus<\/title>\n<meta name=\"robots\" content=\"index, follow, max-snippet:-1, max-image-preview:large, max-video-preview:-1\" \/>\n<link rel=\"canonical\" href=\"https:\/\/cleaningonnortherncyprus.com\/tr\/hizmetler\/kira-sonrasi-temizlik\/yuzey-toz-alma\/\" \/>\n<meta property=\"og:locale\" content=\"tr_TR\" \/>\n<meta property=\"og:type\" content=\"article\" \/>\n<meta property=\"og:title\" content=\"Y\u00fczey toz alma - Cleaning on Northern Cyprus\" \/>\n<meta property=\"og:description\" content=\"\u2190 Hizmetler \/ Kiralama sonras\u0131 temizlik Y\u00fczey toz alma Y\u00fczey toz alma \u2013 kiral\u0131k m\u00fclk\u00fcn\u00fcz i\u00e7in ferahl\u0131k ve alerjensiz temizlik [&hellip;]\" \/>\n<meta property=\"og:url\" content=\"https:\/\/cleaningonnortherncyprus.com\/tr\/hizmetler\/kira-sonrasi-temizlik\/yuzey-toz-alma\/\" \/>\n<meta property=\"og:site_name\" content=\"Cleaning on Northern Cyprus\" \/>\n<meta property=\"article:modified_time\" content=\"2025-12-08T15:18:49+00:00\" \/>\n<meta property=\"og:image\" content=\"https:\/\/cleaningonnortherncyprus.com\/wp-content\/uploads\/2025\/03\/surface-dusting.jpg\" \/>\n\t<meta property=\"og:image:width\" content=\"1024\" \/>\n\t<meta property=\"og:image:height\" content=\"1024\" \/>\n\t<meta property=\"og:image:type\" content=\"image\/jpeg\" \/>\n<meta name=\"twitter:card\" content=\"summary_large_image\" \/>\n<meta name=\"twitter:label1\" content=\"Est. reading time\" \/>\n\t<meta name=\"twitter:data1\" content=\"4 dakika\" \/>\n<script type=\"application\/ld+json\" class=\"yoast-schema-graph\">{\"@context\":\"https:\/\/schema.org\",\"@graph\":[{\"@type\":\"WebPage\",\"@id\":\"https:\/\/cleaningonnortherncyprus.com\/tr\/hizmetler\/kira-sonrasi-temizlik\/yuzey-toz-alma\/\",\"url\":\"https:\/\/cleaningonnortherncyprus.com\/tr\/hizmetler\/kira-sonrasi-temizlik\/yuzey-toz-alma\/\",\"name\":\"Y\u00fczey toz alma - Cleaning on Northern Cyprus\",\"isPartOf\":{\"@id\":\"https:\/\/cleaningonnortherncyprus.com\/#website\"},\"primaryImageOfPage\":{\"@id\":\"https:\/\/cleaningonnortherncyprus.com\/tr\/hizmetler\/kira-sonrasi-temizlik\/yuzey-toz-alma\/#primaryimage\"},\"image\":{\"@id\":\"https:\/\/cleaningonnortherncyprus.com\/tr\/hizmetler\/kira-sonrasi-temizlik\/yuzey-toz-alma\/#primaryimage\"},\"thumbnailUrl\":\"https:\/\/cleaningonnortherncyprus.com\/wp-content\/uploads\/2025\/03\/surface-dusting.jpg\",\"datePublished\":\"2025-03-10T15:46:26+00:00\",\"dateModified\":\"2025-12-08T15:18:49+00:00\",\"breadcrumb\":{\"@id\":\"https:\/\/cleaningonnortherncyprus.com\/tr\/hizmetler\/kira-sonrasi-temizlik\/yuzey-toz-alma\/#breadcrumb\"},\"inLanguage\":\"tr\",\"potentialAction\":[{\"@type\":\"ReadAction\",\"target\":[\"https:\/\/cleaningonnortherncyprus.com\/tr\/hizmetler\/kira-sonrasi-temizlik\/yuzey-toz-alma\/\"]}]},{\"@type\":\"ImageObject\",\"inLanguage\":\"tr\",\"@id\":\"https:\/\/cleaningonnortherncyprus.com\/tr\/hizmetler\/kira-sonrasi-temizlik\/yuzey-toz-alma\/#primaryimage\",\"url\":\"https:\/\/cleaningonnortherncyprus.com\/wp-content\/uploads\/2025\/03\/surface-dusting.jpg\",\"contentUrl\":\"https:\/\/cleaningonnortherncyprus.com\/wp-content\/uploads\/2025\/03\/surface-dusting.jpg\",\"width\":1024,\"height\":1024},{\"@type\":\"BreadcrumbList\",\"@id\":\"https:\/\/cleaningonnortherncyprus.com\/tr\/hizmetler\/kira-sonrasi-temizlik\/yuzey-toz-alma\/#breadcrumb\",\"itemListElement\":[{\"@type\":\"ListItem\",\"position\":1,\"name\":\"\u0413\u043b\u0430\u0432\u043d\u0430\u044f \u0441\u0442\u0440\u0430\u043d\u0438\u0446\u0430\",\"item\":\"https:\/\/cleaningonnortherncyprus.com\/\"},{\"@type\":\"ListItem\",\"position\":2,\"name\":\"Hizmetler\",\"item\":\"https:\/\/cleaningonnortherncyprus.com\/tr\/hizmetler\/\"},{\"@type\":\"ListItem\",\"position\":3,\"name\":\"Kira sonras\u0131 temizlik\",\"item\":\"https:\/\/cleaningonnortherncyprus.com\/tr\/hizmetler\/kira-sonrasi-temizlik\/\"},{\"@type\":\"ListItem\",\"position\":4,\"name\":\"Y\u00fczey toz alma\"}]},{\"@type\":\"WebSite\",\"@id\":\"https:\/\/cleaningonnortherncyprus.com\/#website\",\"url\":\"https:\/\/cleaningonnortherncyprus.com\/\",\"name\":\"Cleaning on Northern Cyprus\",\"description\":\"\",\"publisher\":{\"@id\":\"https:\/\/cleaningonnortherncyprus.com\/#organization\"},\"potentialAction\":[{\"@type\":\"SearchAction\",\"target\":{\"@type\":\"EntryPoint\",\"urlTemplate\":\"https:\/\/cleaningonnortherncyprus.com\/?s={search_term_string}\"},\"query-input\":{\"@type\":\"PropertyValueSpecification\",\"valueRequired\":true,\"valueName\":\"search_term_string\"}}],\"inLanguage\":\"tr\"},{\"@type\":\"Organization\",\"@id\":\"https:\/\/cleaningonnortherncyprus.com\/#organization\",\"name\":\"Cleaning on Northern Cyprus\",\"url\":\"https:\/\/cleaningonnortherncyprus.com\/\",\"logo\":{\"@type\":\"ImageObject\",\"inLanguage\":\"tr\",\"@id\":\"https:\/\/cleaningonnortherncyprus.com\/#\/schema\/logo\/image\/\",\"url\":\"https:\/\/cleaningonnortherncyprus.com\/wp-content\/uploads\/2025\/01\/logo_cleaning_white.png\",\"contentUrl\":\"https:\/\/cleaningonnortherncyprus.com\/wp-content\/uploads\/2025\/01\/logo_cleaning_white.png\",\"width\":1600,\"height\":355,\"caption\":\"Cleaning on Northern Cyprus\"},\"image\":{\"@id\":\"https:\/\/cleaningonnortherncyprus.com\/#\/schema\/logo\/image\/\"}}]}<\/script>\n<!-- \/ Yoast SEO plugin. -->","yoast_head_json":{"title":"Y\u00fczey toz alma - Cleaning on Northern Cyprus","robots":{"index":"index","follow":"follow","max-snippet":"max-snippet:-1","max-image-preview":"max-image-preview:large","max-video-preview":"max-video-preview:-1"},"canonical":"https:\/\/cleaningonnortherncyprus.com\/tr\/hizmetler\/kira-sonrasi-temizlik\/yuzey-toz-alma\/","og_locale":"tr_TR","og_type":"article","og_title":"Y\u00fczey toz alma - Cleaning on Northern Cyprus","og_description":"\u2190 Hizmetler \/ Kiralama sonras\u0131 temizlik Y\u00fczey toz alma Y\u00fczey toz alma \u2013 kiral\u0131k m\u00fclk\u00fcn\u00fcz i\u00e7in ferahl\u0131k ve alerjensiz temizlik [&hellip;]","og_url":"https:\/\/cleaningonnortherncyprus.com\/tr\/hizmetler\/kira-sonrasi-temizlik\/yuzey-toz-alma\/","og_site_name":"Cleaning on Northern Cyprus","article_modified_time":"2025-12-08T15:18:49+00:00","og_image":[{"width":1024,"height":1024,"url":"https:\/\/cleaningonnortherncyprus.com\/wp-content\/uploads\/2025\/03\/surface-dusting.jpg","type":"image\/jpeg"}],"twitter_card":"summary_large_image","twitter_misc":{"Est. reading time":"4 dakika"},"schema":{"@context":"https:\/\/schema.org","@graph":[{"@type":"WebPage","@id":"https:\/\/cleaningonnortherncyprus.com\/tr\/hizmetler\/kira-sonrasi-temizlik\/yuzey-toz-alma\/","url":"https:\/\/cleaningonnortherncyprus.com\/tr\/hizmetler\/kira-sonrasi-temizlik\/yuzey-toz-alma\/","name":"Y\u00fczey toz alma - Cleaning on Northern Cyprus","isPartOf":{"@id":"https:\/\/cleaningonnortherncyprus.com\/#website"},"primaryImageOfPage":{"@id":"https:\/\/cleaningonnortherncyprus.com\/tr\/hizmetler\/kira-sonrasi-temizlik\/yuzey-toz-alma\/#primaryimage"},"image":{"@id":"https:\/\/cleaningonnortherncyprus.com\/tr\/hizmetler\/kira-sonrasi-temizlik\/yuzey-toz-alma\/#primaryimage"},"thumbnailUrl":"https:\/\/cleaningonnortherncyprus.com\/wp-content\/uploads\/2025\/03\/surface-dusting.jpg","datePublished":"2025-03-10T15:46:26+00:00","dateModified":"2025-12-08T15:18:49+00:00","breadcrumb":{"@id":"https:\/\/cleaningonnortherncyprus.com\/tr\/hizmetler\/kira-sonrasi-temizlik\/yuzey-toz-alma\/#breadcrumb"},"inLanguage":"tr","potentialAction":[{"@type":"ReadAction","target":["https:\/\/cleaningonnortherncyprus.com\/tr\/hizmetler\/kira-sonrasi-temizlik\/yuzey-toz-alma\/"]}]},{"@type":"ImageObject","inLanguage":"tr","@id":"https:\/\/cleaningonnortherncyprus.com\/tr\/hizmetler\/kira-sonrasi-temizlik\/yuzey-toz-alma\/#primaryimage","url":"https:\/\/cleaningonnortherncyprus.com\/wp-content\/uploads\/2025\/03\/surface-dusting.jpg","contentUrl":"https:\/\/cleaningonnortherncyprus.com\/wp-content\/uploads\/2025\/03\/surface-dusting.jpg","width":1024,"height":1024},{"@type":"BreadcrumbList","@id":"https:\/\/cleaningonnortherncyprus.com\/tr\/hizmetler\/kira-sonrasi-temizlik\/yuzey-toz-alma\/#breadcrumb","itemListElement":[{"@type":"ListItem","position":1,"name":"\u0413\u043b\u0430\u0432\u043d\u0430\u044f \u0441\u0442\u0440\u0430\u043d\u0438\u0446\u0430","item":"https:\/\/cleaningonnortherncyprus.com\/"},{"@type":"ListItem","position":2,"name":"Hizmetler","item":"https:\/\/cleaningonnortherncyprus.com\/tr\/hizmetler\/"},{"@type":"ListItem","position":3,"name":"Kira sonras\u0131 temizlik","item":"https:\/\/cleaningonnortherncyprus.com\/tr\/hizmetler\/kira-sonrasi-temizlik\/"},{"@type":"ListItem","position":4,"name":"Y\u00fczey toz alma"}]},{"@type":"WebSite","@id":"https:\/\/cleaningonnortherncyprus.com\/#website","url":"https:\/\/cleaningonnortherncyprus.com\/","name":"Cleaning on Northern Cyprus","description":"","publisher":{"@id":"https:\/\/cleaningonnortherncyprus.com\/#organization"},"potentialAction":[{"@type":"SearchAction","target":{"@type":"EntryPoint","urlTemplate":"https:\/\/cleaningonnortherncyprus.com\/?s={search_term_string}"},"query-input":{"@type":"PropertyValueSpecification","valueRequired":true,"valueName":"search_term_string"}}],"inLanguage":"tr"},{"@type":"Organization","@id":"https:\/\/cleaningonnortherncyprus.com\/#organization","name":"Cleaning on Northern Cyprus","url":"https:\/\/cleaningonnortherncyprus.com\/","logo":{"@type":"ImageObject","inLanguage":"tr","@id":"https:\/\/cleaningonnortherncyprus.com\/#\/schema\/logo\/image\/","url":"https:\/\/cleaningonnortherncyprus.com\/wp-content\/uploads\/2025\/01\/logo_cleaning_white.png","contentUrl":"https:\/\/cleaningonnortherncyprus.com\/wp-content\/uploads\/2025\/01\/logo_cleaning_white.png","width":1600,"height":355,"caption":"Cleaning on Northern Cyprus"},"image":{"@id":"https:\/\/cleaningonnortherncyprus.com\/#\/schema\/logo\/image\/"}}]}},"_links":{"self":[{"href":"https:\/\/cleaningonnortherncyprus.com\/tr\/wp-json\/wp\/v2\/pages\/7331","targetHints":{"allow":["GET"]}}],"collection":[{"href":"https:\/\/cleaningonnortherncyprus.com\/tr\/wp-json\/wp\/v2\/pages"}],"about":[{"href":"https:\/\/cleaningonnortherncyprus.com\/tr\/wp-json\/wp\/v2\/types\/page"}],"author":[{"embeddable":true,"href":"https:\/\/cleaningonnortherncyprus.com\/tr\/wp-json\/wp\/v2\/users\/1"}],"replies":[{"embeddable":true,"href":"https:\/\/cleaningonnortherncyprus.com\/tr\/wp-json\/wp\/v2\/comments?post=7331"}],"version-history":[{"count":4,"href":"https:\/\/cleaningonnortherncyprus.com\/tr\/wp-json\/wp\/v2\/pages\/7331\/revisions"}],"predecessor-version":[{"id":9244,"href":"https:\/\/cleaningonnortherncyprus.com\/tr\/wp-json\/wp\/v2\/pages\/7331\/revisions\/9244"}],"up":[{"embeddable":true,"href":"https:\/\/cleaningonnortherncyprus.com\/tr\/wp-json\/wp\/v2\/pages\/6542"}],"wp:featuredmedia":[{"embeddable":true,"href":"https:\/\/cleaningonnortherncyprus.com\/tr\/wp-json\/wp\/v2\/media\/7318"}],"wp:attachment":[{"href":"https:\/\/cleaningonnortherncyprus.com\/tr\/wp-json\/wp\/v2\/media?parent=7331"}],"curies":[{"name":"wp","href":"https:\/\/api.w.org\/{rel}","templated":true}]}}