{"id":7385,"date":"2025-03-11T13:14:24","date_gmt":"2025-03-11T11:14:24","guid":{"rendered":"https:\/\/cleaningonnortherncyprus.com\/hizmetler\/insaat-sonrasi-temizlik\/moloz-temizligi\/"},"modified":"2025-12-08T17:32:24","modified_gmt":"2025-12-08T15:32:24","slug":"moloz-temizligi","status":"publish","type":"page","link":"https:\/\/cleaningonnortherncyprus.com\/tr\/hizmetler\/insaat-sonrasi-temizlik\/moloz-temizligi\/","title":{"rendered":"Moloz temizli\u011fi"},"content":{"rendered":"\t\t<div data-elementor-type=\"wp-page\" data-elementor-id=\"7385\" class=\"elementor elementor-7385 elementor-7349\" data-elementor-post-type=\"page\">\n\t\t\t\t<div class=\"elementor-element elementor-element-114ce54e e-flex e-con-boxed e-con e-parent\" data-id=\"114ce54e\" data-element_type=\"container\" data-settings=\"{&quot;background_background&quot;:&quot;classic&quot;}\">\n\t\t\t\t\t<div class=\"e-con-inner\">\n\t\t<div class=\"elementor-element elementor-element-57e54892 e-con-full e-flex e-con e-child\" data-id=\"57e54892\" data-element_type=\"container\" data-settings=\"{&quot;sticky&quot;:&quot;top&quot;,&quot;sticky_parent&quot;:&quot;yes&quot;,&quot;sticky_on&quot;:[&quot;desktop&quot;,&quot;laptop&quot;,&quot;tablet_extra&quot;,&quot;tablet&quot;,&quot;mobile_extra&quot;,&quot;mobile&quot;],&quot;sticky_offset&quot;:0,&quot;sticky_effects_offset&quot;:0,&quot;sticky_anchor_link_offset&quot;:0}\">\n\t\t\t\t<div class=\"elementor-element elementor-element-1359e89f hover-img elementor-hidden-mobile_extra elementor-hidden-mobile elementor-widget elementor-widget-image\" data-id=\"1359e89f\" data-element_type=\"widget\" data-widget_type=\"image.default\">\n\t\t\t\t<div class=\"elementor-widget-container\">\n\t\t\t\t\t\t\t\t\t\t\t\t\t\t\t<img fetchpriority=\"high\" decoding=\"async\" width=\"1024\" height=\"1024\" src=\"https:\/\/cleaningonnortherncyprus.com\/wp-content\/uploads\/2025\/03\/debris-removal.jpg\" class=\"attachment-full size-full wp-image-7353\" alt=\"\" srcset=\"https:\/\/cleaningonnortherncyprus.com\/wp-content\/uploads\/2025\/03\/debris-removal.jpg 1024w, https:\/\/cleaningonnortherncyprus.com\/wp-content\/uploads\/2025\/03\/debris-removal-300x300.jpg 300w, https:\/\/cleaningonnortherncyprus.com\/wp-content\/uploads\/2025\/03\/debris-removal-150x150.jpg 150w, https:\/\/cleaningonnortherncyprus.com\/wp-content\/uploads\/2025\/03\/debris-removal-768x768.jpg 768w, https:\/\/cleaningonnortherncyprus.com\/wp-content\/uploads\/2025\/03\/debris-removal-600x600.jpg 600w, https:\/\/cleaningonnortherncyprus.com\/wp-content\/uploads\/2025\/03\/debris-removal-100x100.jpg 100w\" sizes=\"(max-width: 1024px) 100vw, 1024px\" \/>\t\t\t\t\t\t\t\t\t\t\t\t\t\t\t<\/div>\n\t\t\t\t<\/div>\n\t\t\t\t<\/div>\n\t\t<div class=\"elementor-element elementor-element-38d8f178 e-con-full e-flex e-con e-child\" data-id=\"38d8f178\" data-element_type=\"container\">\n\t\t\t\t<div class=\"elementor-element elementor-element-410f1d8b elementor-widget elementor-widget-html\" data-id=\"410f1d8b\" data-element_type=\"widget\" data-widget_type=\"html.default\">\n\t\t\t\t<div class=\"elementor-widget-container\">\n\t\t\t\t\t<a href=\"https:\/\/cleaningonnortherncyprus.com\/tr\/hizmetler\/insaat-sonrasi-temizlik\/\" class=\"parent-page-button\">\u2190 Hizmetler \/ \u0130n\u015faat sonras\u0131 temizlik<\/a>\t\t\t\t<\/div>\n\t\t\t\t<\/div>\n\t\t\t\t<div class=\"elementor-element elementor-element-46ddd21b elementor-widget elementor-widget-heading\" data-id=\"46ddd21b\" data-element_type=\"widget\" data-widget_type=\"heading.default\">\n\t\t\t\t<div class=\"elementor-widget-container\">\n\t\t\t\t\t<h1 class=\"elementor-heading-title elementor-size-default\">Moloz temizli\u011fi<\/h1>\t\t\t\t<\/div>\n\t\t\t\t<\/div>\n\t\t\t\t<div class=\"elementor-element elementor-element-5eb56e60 hover-img elementor-hidden-desktop elementor-hidden-laptop elementor-hidden-tablet_extra elementor-hidden-tablet elementor-widget elementor-widget-image\" data-id=\"5eb56e60\" data-element_type=\"widget\" data-widget_type=\"image.default\">\n\t\t\t\t<div class=\"elementor-widget-container\">\n\t\t\t\t\t\t\t\t\t\t\t\t\t\t\t<img decoding=\"async\" width=\"640\" height=\"640\" src=\"https:\/\/cleaningonnortherncyprus.com\/wp-content\/uploads\/2025\/03\/debris-removal.jpg\" class=\"attachment-large size-large wp-image-7353\" alt=\"\" srcset=\"https:\/\/cleaningonnortherncyprus.com\/wp-content\/uploads\/2025\/03\/debris-removal.jpg 1024w, https:\/\/cleaningonnortherncyprus.com\/wp-content\/uploads\/2025\/03\/debris-removal-300x300.jpg 300w, https:\/\/cleaningonnortherncyprus.com\/wp-content\/uploads\/2025\/03\/debris-removal-150x150.jpg 150w, https:\/\/cleaningonnortherncyprus.com\/wp-content\/uploads\/2025\/03\/debris-removal-768x768.jpg 768w, https:\/\/cleaningonnortherncyprus.com\/wp-content\/uploads\/2025\/03\/debris-removal-600x600.jpg 600w, https:\/\/cleaningonnortherncyprus.com\/wp-content\/uploads\/2025\/03\/debris-removal-100x100.jpg 100w\" sizes=\"(max-width: 640px) 100vw, 640px\" \/>\t\t\t\t\t\t\t\t\t\t\t\t\t\t\t<\/div>\n\t\t\t\t<\/div>\n\t\t\t\t<div class=\"elementor-element elementor-element-4dc80595 elementor-widget elementor-widget-text-editor\" data-id=\"4dc80595\" data-element_type=\"widget\" data-widget_type=\"text-editor.default\">\n\t\t\t\t<div class=\"elementor-widget-container\">\n\t\t\t\t\t\t\t\t\t<h2 data-pm-slice=\"1 1 []\">\u0130n\u015faat sonras\u0131 temizlik kapsam\u0131nda moloz temizli\u011fi<\/h2>\n<p>Evinizde, dairenizde veya villan\u0131zda in\u015faat ya da tadilat \u00e7al\u0131\u015fmalar\u0131 tamamland\u0131ktan sonra geride b\u00fcy\u00fck miktarda moloz, toz ve art\u0131k malzemeler kal\u0131r. Bu malzemelerin temizli\u011fi, uygun ekipman ve profesyonel uzmanl\u0131k olmadan son derece yorucu ve zordur. Cleaning on Northern Cyprus olarak, moloz temizli\u011fini, kapsaml\u0131 apartman temizli\u011fi, villa temizli\u011fi ve profesyonel ev temizli\u011fi hizmetlerimizin ayr\u0131lmaz bir par\u00e7as\u0131 olarak sunuyoruz. Amac\u0131m\u0131z, hemen kullan\u0131ma haz\u0131r, kusursuz temiz bir ev yaratmakt\u0131r.   <\/p>\n\t\t\t\t\t\t\t\t<\/div>\n\t\t\t\t<\/div>\n\t\t\t\t<\/div>\n\t\t\t\t\t<\/div>\n\t\t\t\t<\/div>\n\t\t<div class=\"elementor-element elementor-element-3a872809 e-flex e-con-boxed e-con e-parent\" data-id=\"3a872809\" data-element_type=\"container\" data-settings=\"{&quot;background_background&quot;:&quot;classic&quot;}\">\n\t\t\t\t\t<div class=\"e-con-inner\">\n\t\t<div class=\"elementor-element elementor-element-2850a6f7 e-con-full e-flex e-con e-child\" data-id=\"2850a6f7\" data-element_type=\"container\">\n\t\t\t\t<div class=\"elementor-element elementor-element-1b940777 elementor-widget elementor-widget-Section Title\" data-id=\"1b940777\" data-element_type=\"widget\" data-widget_type=\"Section Title.default\">\n\t\t\t\t<div class=\"elementor-widget-container\">\n\t\t\t\t\t\t\t<div class=\"tt-section-title start\">\r\n\t\t    \t\t\t\t\t\t<div class=\"sub-title\"><span class=\"tt-section-sab\">Benefits of Choosing Our Services<\/span><\/div>\r\n\t\t\t\t\t\t\t\t\t\t\t\t\t\t\t\t<h2 class=\"section-heading\">What does debris removal involve?<\/h2>\r\n\t\t\t\t\t\t\t\t\t\t\t<\/div>  \r\n\t\t\t\t\t\t<\/div>\n\t\t\t\t<\/div>\n\t\t\t\t<div class=\"elementor-element elementor-element-2ff52548 elementor-widget elementor-widget-text-editor\" data-id=\"2ff52548\" data-element_type=\"widget\" data-widget_type=\"text-editor.default\">\n\t\t\t\t<div class=\"elementor-widget-container\">\n\t\t\t\t\t\t\t\t\t<p data-pm-slice=\"1 1 []\">Moloz temizli\u011fi, sadece kalan in\u015faat malzemelerini toplamak de\u011fil, bu malzemeleri g\u00fcvenli ve \u00e7evre dostu bir \u015fekilde d\u00fczenli olarak bertaraf etmeyi kapsayan profesyonel bir s\u00fcre\u00e7tir. Bu i\u015flem, ya\u015fam alan\u0131n\u0131z\u0131n g\u00fcvenli, hijyenik ve konforlu olmas\u0131 i\u00e7in gereklidir. <\/p>\n<p>Moloz temizli\u011fi hizmetimiz \u015funlar\u0131 i\u00e7erir:<\/p>\n<p>&#8211;<strong> \u0130n\u015faat malzemelerinin \u00e7\u0131kar\u0131lmas\u0131:<\/strong> Ah\u015fap, metal, beton, al\u00e7\u0131, fayans gibi b\u00fcy\u00fck par\u00e7alar\u0131 dikkatlice kald\u0131rarak alan\u0131n\u0131z\u0131 engellerden ar\u0131nd\u0131r\u0131r\u0131z.<\/p>\n<p>&#8211;<strong> \u00c7evre dostu bertaraf:<\/strong> Molozlar\u0131 yerel yasalara ve \u00e7evre kurallar\u0131na uygun \u015fekilde bertaraf ederek Kuzey K\u0131br\u0131s&#8217;\u0131n do\u011fal g\u00fczelli\u011fini korumaya yard\u0131mc\u0131 oluruz.<\/p>\n<p>&#8211; <strong>S\u00fcp\u00fcrme ve vakumlama<\/strong>: \u0130n\u015faat sonras\u0131 olu\u015fan k\u00fc\u00e7\u00fck par\u00e7ac\u0131k ve ince tozlar\u0131 t\u00fcm y\u00fczeylerden etkili bir \u015fekilde temizleriz.<\/p>\n<p>&#8211; <strong>Y\u00fczey temizli\u011fi ve toz alma:<\/strong> Duvarlar, tavanlar, zeminler, pencereler ve mobilyalar dahil olmak \u00fczere t\u00fcm alanlar\u0131 titizlikle temizleyerek in\u015faat at\u0131klar\u0131ndan ar\u0131nd\u0131r\u0131r\u0131z.<\/p>\n<h3>Moloz temizli\u011fi neden \u00f6nemlidir?<\/h3>\n<p>\u0130n\u015faat sonras\u0131 kalan moloz, sa\u011fl\u0131k ve g\u00fcvenli\u011finiz a\u00e7\u0131s\u0131ndan risk olu\u015fturabilir. Keskin nesneler, tehlikeli maddeler veya toz par\u00e7ac\u0131klar\u0131 yaralanmalara ya da solunum problemlerine neden olabilir. Ayr\u0131ca moloz birikintileri zemin ve di\u011fer y\u00fczeylere zarar verebilir. Profesyonel bir ev temizli\u011fi hizmeti ile moloz temizli\u011fi yapt\u0131rmak, evinizin tamamen temiz ve g\u00fcvenli oldu\u011fundan emin olman\u0131z\u0131 sa\u011flar.   <\/p>\n<p>Cleaning on Northern Cyprus olarak, moloz temizli\u011fini villa temizli\u011fi ve daire temizli\u011fi hizmetlerimizin do\u011fal bir par\u00e7as\u0131 olarak sunuyoruz. \u00d6zel ekipmanlar kullanarak alan\u0131n\u0131z\u0131 h\u0131zla ve profesyonelce temizliyor, yeni ya\u015fam alan\u0131n\u0131z\u0131n tad\u0131n\u0131 \u00e7\u0131karman\u0131z\u0131 sa\u011fl\u0131yoruz. <\/p>\n<h3>Profesyonel moloz temizli\u011fi hizmetlerinin avantajlar\u0131<\/h3>\n<p>Apartman temizli\u011fi veya villa temizli\u011fi hizmetlerimizin bir par\u00e7as\u0131 olarak profesyonel moloz temizli\u011fi alman\u0131n avantajlar\u0131:<\/p>\n<p>&#8211; <strong>G\u00fcvenlik: <\/strong>Profesyonellerimiz moloz temizli\u011fi konusunda e\u011fitimlidir; bu sayede olu\u015fabilecek kazalar veya yaralanmalar \u00f6nlenir.<\/p>\n<p>&#8211; <strong>Zaman tasarrufu:<\/strong> Deneyimli ekibimiz molozu h\u0131zl\u0131ca kald\u0131rarak size \u00f6nemli \u00f6l\u00e7\u00fcde zaman ve enerji kazand\u0131r\u0131r.<\/p>\n<p>&#8211; <strong>Maliyet etkinli\u011fi: <\/strong>Moloz temizli\u011fini genel temizlik paketine dahil etmek, ayr\u0131 ayr\u0131 hizmet almak yerine daha ekonomik \u00e7\u00f6z\u00fcmler sunar.<\/p>\n<p>&#8211; <strong>Y\u00fcksek kalite sonu\u00e7lar:<\/strong> T\u00fcm alanlar\u0131 detayl\u0131 \u015fekilde temizleyerek kusursuz sonu\u00e7lar elde ediyoruz.<\/p>\n<p>&#8211; <strong>\u0130\u00e7 rahatl\u0131\u011f\u0131:<\/strong> Evinizin temiz, g\u00fcvenli ve hemen ta\u015f\u0131nmaya veya kullan\u0131ma haz\u0131r oldu\u011funu bilmenin rahatl\u0131\u011f\u0131n\u0131 ya\u015fars\u0131n\u0131z.<\/p>\n<h3>Moloz temizli\u011fine profesyonel yakla\u015f\u0131m\u0131m\u0131z<\/h3>\n<p>Cleaning on Northern Cyprus olarak Alman standartlar\u0131nda y\u00f6netim ve kalite kontrol sistemlerini titizlikle uyguluyoruz. E\u011fitimli profesyonel ekibimiz, kapsaml\u0131 kontrol listeleri ile \u00e7al\u0131\u015fmakta ve Alman y\u00f6neticilerimizin g\u00f6zetiminde y\u00fcksek kaliteyi garanti etmektedir.  <\/p>\n<p>D\u00f6rt renkli temizlik sistemimiz ve \u00e7evre dostu temizlik \u00fcr\u00fcnlerimizle hijyen sa\u011flar, alanlar aras\u0131nda \u00e7apraz bula\u015fmay\u0131 \u00f6nleriz. Bu titiz yakla\u015f\u0131m sayesinde apartman ve villa temizli\u011fi hizmetlerimizde e\u015fsiz bir temizlik ve konfor sunuyoruz. <\/p>\n<h3>Esnek zamanlama ve ki\u015fiselle\u015ftirilmi\u015f temizlik planlar\u0131<\/h3>\n<p>Her evin kendine \u00f6zg\u00fc oldu\u011funu ve her m\u00fc\u015fterimizin ihtiya\u00e7lar\u0131n\u0131n farkl\u0131 oldu\u011funu biliyoruz. Profesyonel ev temizli\u011fi hizmetimiz tamamen ki\u015fiselle\u015ftirilebilir ve moloz temizli\u011fi programlamas\u0131nda size uygun zaman \u00e7izelgesini ve ihtiya\u00e7lar\u0131n\u0131z\u0131 kar\u015f\u0131layacak esnek \u00e7\u00f6z\u00fcmler sunar. \u0130ster in\u015faat sonras\u0131 acil temizlik, ister planl\u0131 apartman temizli\u011fi isteyin, ekibimiz her zaman hizmetinizdedir.  <\/p>\n<h3>Neden Cleaning on Northern Cyprus&#8217;\u0131 tercih etmelisiniz?<\/h3>\n<p>&#8211; <strong>Uzman ekip ve tecr\u00fcbe<\/strong>: Ekibimiz, in\u015faat sonras\u0131 temizlik ve moloz temizli\u011fi alan\u0131nda uzman ve tecr\u00fcbelidir.<\/p>\n<p>&#8211; <strong>Alman kalite standartlar\u0131:<\/strong> T\u00fcm \u00e7al\u0131\u015fmalar, deneyimli y\u00f6neticilerimiz taraf\u0131ndan kontrol edilir.<\/p>\n<p>&#8211; <strong>\u00c7evreye duyarl\u0131:<\/strong> Moloz bertaraf i\u015flemini \u00e7evreye sayg\u0131l\u0131 bir \u015fekilde ger\u00e7ekle\u015ftiriyoruz.<\/p>\n<p>&#8211; <strong>G\u00fcvenilirlik ve dakiklik:<\/strong> Zaman\u0131n\u0131za de\u011fer veriyor ve i\u015fleri zaman\u0131nda tamaml\u0131yoruz.<\/p>\n<p>&#8211; <strong>Uygun fiyatlar:<\/strong> Profesyonel kaliteyi uygun fiyatlarla sunuyoruz<\/p>\n<h3>Hemen profesyonel temizlik hizmetinizi ay\u0131rt\u0131n<\/h3>\n<p>Cleaning on Northern Cyprus ile temiz bir ev hayalinizi ger\u00e7e\u011fe d\u00f6n\u00fc\u015ft\u00fcr\u00fcn. Apartman ve villa temizli\u011fi hizmetlerimizin i\u00e7inde moloz temizli\u011fi dahil olmak \u00fczere eksiksiz profesyonel temizlik hizmetlerinden yararlan\u0131n. Hemen bizimle ileti\u015fime ge\u00e7in ve Kuzey K\u0131br\u0131s&#8217;taki ev sahiplerinin neden bizi tercih etti\u011fini ke\u015ffedin.  <\/p>\n\t\t\t\t\t\t\t\t<\/div>\n\t\t\t\t<\/div>\n\t\t\t\t<div class=\"elementor-element elementor-element-c92f764 elementor-widget elementor-widget-html\" data-id=\"c92f764\" data-element_type=\"widget\" data-widget_type=\"html.default\">\n\t\t\t\t<div class=\"elementor-widget-container\">\n\t\t\t\t\t<div class=\"bubble-container\">\n    <img decoding=\"async\" class=\"img-fluid bubble\" loading=\"lazy\" src=\"https:\/\/cleaningonnortherncyprus.com\/wp-content\/uploads\/2024\/09\/green-bubble-02.png\" alt=\"bubble\"><img decoding=\"async\" class=\"img-fluid bubble\" loading=\"lazy\" src=\"https:\/\/cleaningonnortherncyprus.com\/wp-content\/uploads\/2024\/09\/green-bubble-04.png\" alt=\"bubble\"><img decoding=\"async\" class=\"img-fluid bubble\" loading=\"lazy\" src=\"https:\/\/cleaningonnortherncyprus.com\/wp-content\/uploads\/2024\/09\/green-bubble-02.png\" alt=\"bubble\"><\/div>\t\t\t\t<\/div>\n\t\t\t\t<\/div>\n\t\t\t\t<div class=\"elementor-element elementor-element-d9758aa elementor-widget elementor-widget-text-editor\" data-id=\"d9758aa\" data-element_type=\"widget\" data-widget_type=\"text-editor.default\">\n\t\t\t\t<div class=\"elementor-widget-container\">\n\t\t\t\t\t\t\t\t\t<p>Ayr\u0131ca bak\u0131n\u0131z: <a href=\"https:\/\/cleaningonnortherncyprus.com\/tr\/hizmetler\/insaat-sonrasi-temizlik\/toz-ve-ince-partikul-temizligi\/\">https:\/\/cleaningonnortherncyprus.com\/tr\/hizmetler\/insaat-sonrasi-temizlik\/toz-ve-ince-partikul-temizligi\/<\/a><\/p>\t\t\t\t\t\t\t\t<\/div>\n\t\t\t\t<\/div>\n\t\t\t\t<\/div>\n\t\t\t\t\t<\/div>\n\t\t\t\t<\/div>\n\t\t\t\t<\/div>\n\t\t","protected":false},"excerpt":{"rendered":"<p>\u2190 Hizmetler \/ \u0130n\u015faat sonras\u0131 temizlik Moloz temizli\u011fi \u0130n\u015faat sonras\u0131 temizlik kapsam\u0131nda moloz temizli\u011fi Evinizde, dairenizde veya villan\u0131zda in\u015faat ya [&hellip;]<\/p>\n","protected":false},"author":1,"featured_media":7353,"parent":6524,"menu_order":0,"comment_status":"closed","ping_status":"closed","template":"elementor_header_footer","meta":{"footnotes":""},"class_list":["post-7385","page","type-page","status-publish","has-post-thumbnail","hentry"],"yoast_head":"<!-- This site is optimized with the Yoast SEO plugin v25.1 - https:\/\/yoast.com\/wordpress\/plugins\/seo\/ -->\n<title>Moloz temizli\u011fi - Cleaning on Northern Cyprus<\/title>\n<meta name=\"robots\" content=\"index, follow, max-snippet:-1, max-image-preview:large, max-video-preview:-1\" \/>\n<link rel=\"canonical\" href=\"https:\/\/cleaningonnortherncyprus.com\/tr\/hizmetler\/insaat-sonrasi-temizlik\/moloz-temizligi\/\" \/>\n<meta property=\"og:locale\" content=\"tr_TR\" \/>\n<meta property=\"og:type\" content=\"article\" \/>\n<meta property=\"og:title\" content=\"Moloz temizli\u011fi - Cleaning on Northern Cyprus\" \/>\n<meta property=\"og:description\" content=\"\u2190 Hizmetler \/ \u0130n\u015faat sonras\u0131 temizlik Moloz temizli\u011fi \u0130n\u015faat sonras\u0131 temizlik kapsam\u0131nda moloz temizli\u011fi Evinizde, dairenizde veya villan\u0131zda in\u015faat ya [&hellip;]\" \/>\n<meta property=\"og:url\" content=\"https:\/\/cleaningonnortherncyprus.com\/tr\/hizmetler\/insaat-sonrasi-temizlik\/moloz-temizligi\/\" \/>\n<meta property=\"og:site_name\" content=\"Cleaning on Northern Cyprus\" \/>\n<meta property=\"article:modified_time\" content=\"2025-12-08T15:32:24+00:00\" \/>\n<meta property=\"og:image\" content=\"https:\/\/cleaningonnortherncyprus.com\/wp-content\/uploads\/2025\/03\/debris-removal.jpg\" \/>\n\t<meta property=\"og:image:width\" content=\"1024\" \/>\n\t<meta property=\"og:image:height\" content=\"1024\" \/>\n\t<meta property=\"og:image:type\" content=\"image\/jpeg\" \/>\n<meta name=\"twitter:card\" content=\"summary_large_image\" \/>\n<meta name=\"twitter:label1\" content=\"Est. reading time\" \/>\n\t<meta name=\"twitter:data1\" content=\"5 dakika\" \/>\n<script type=\"application\/ld+json\" class=\"yoast-schema-graph\">{\"@context\":\"https:\/\/schema.org\",\"@graph\":[{\"@type\":\"WebPage\",\"@id\":\"https:\/\/cleaningonnortherncyprus.com\/tr\/hizmetler\/insaat-sonrasi-temizlik\/moloz-temizligi\/\",\"url\":\"https:\/\/cleaningonnortherncyprus.com\/tr\/hizmetler\/insaat-sonrasi-temizlik\/moloz-temizligi\/\",\"name\":\"Moloz temizli\u011fi - Cleaning on Northern Cyprus\",\"isPartOf\":{\"@id\":\"https:\/\/cleaningonnortherncyprus.com\/#website\"},\"primaryImageOfPage\":{\"@id\":\"https:\/\/cleaningonnortherncyprus.com\/tr\/hizmetler\/insaat-sonrasi-temizlik\/moloz-temizligi\/#primaryimage\"},\"image\":{\"@id\":\"https:\/\/cleaningonnortherncyprus.com\/tr\/hizmetler\/insaat-sonrasi-temizlik\/moloz-temizligi\/#primaryimage\"},\"thumbnailUrl\":\"https:\/\/cleaningonnortherncyprus.com\/wp-content\/uploads\/2025\/03\/debris-removal.jpg\",\"datePublished\":\"2025-03-11T11:14:24+00:00\",\"dateModified\":\"2025-12-08T15:32:24+00:00\",\"breadcrumb\":{\"@id\":\"https:\/\/cleaningonnortherncyprus.com\/tr\/hizmetler\/insaat-sonrasi-temizlik\/moloz-temizligi\/#breadcrumb\"},\"inLanguage\":\"tr\",\"potentialAction\":[{\"@type\":\"ReadAction\",\"target\":[\"https:\/\/cleaningonnortherncyprus.com\/tr\/hizmetler\/insaat-sonrasi-temizlik\/moloz-temizligi\/\"]}]},{\"@type\":\"ImageObject\",\"inLanguage\":\"tr\",\"@id\":\"https:\/\/cleaningonnortherncyprus.com\/tr\/hizmetler\/insaat-sonrasi-temizlik\/moloz-temizligi\/#primaryimage\",\"url\":\"https:\/\/cleaningonnortherncyprus.com\/wp-content\/uploads\/2025\/03\/debris-removal.jpg\",\"contentUrl\":\"https:\/\/cleaningonnortherncyprus.com\/wp-content\/uploads\/2025\/03\/debris-removal.jpg\",\"width\":1024,\"height\":1024},{\"@type\":\"BreadcrumbList\",\"@id\":\"https:\/\/cleaningonnortherncyprus.com\/tr\/hizmetler\/insaat-sonrasi-temizlik\/moloz-temizligi\/#breadcrumb\",\"itemListElement\":[{\"@type\":\"ListItem\",\"position\":1,\"name\":\"\u0413\u043b\u0430\u0432\u043d\u0430\u044f \u0441\u0442\u0440\u0430\u043d\u0438\u0446\u0430\",\"item\":\"https:\/\/cleaningonnortherncyprus.com\/\"},{\"@type\":\"ListItem\",\"position\":2,\"name\":\"Hizmetler\",\"item\":\"https:\/\/cleaningonnortherncyprus.com\/tr\/hizmetler\/\"},{\"@type\":\"ListItem\",\"position\":3,\"name\":\"\u0130n\u015faat sonras\u0131 temizlik\",\"item\":\"https:\/\/cleaningonnortherncyprus.com\/tr\/hizmetler\/insaat-sonrasi-temizlik\/\"},{\"@type\":\"ListItem\",\"position\":4,\"name\":\"Moloz temizli\u011fi\"}]},{\"@type\":\"WebSite\",\"@id\":\"https:\/\/cleaningonnortherncyprus.com\/#website\",\"url\":\"https:\/\/cleaningonnortherncyprus.com\/\",\"name\":\"Cleaning on Northern Cyprus\",\"description\":\"\",\"publisher\":{\"@id\":\"https:\/\/cleaningonnortherncyprus.com\/#organization\"},\"potentialAction\":[{\"@type\":\"SearchAction\",\"target\":{\"@type\":\"EntryPoint\",\"urlTemplate\":\"https:\/\/cleaningonnortherncyprus.com\/?s={search_term_string}\"},\"query-input\":{\"@type\":\"PropertyValueSpecification\",\"valueRequired\":true,\"valueName\":\"search_term_string\"}}],\"inLanguage\":\"tr\"},{\"@type\":\"Organization\",\"@id\":\"https:\/\/cleaningonnortherncyprus.com\/#organization\",\"name\":\"Cleaning on Northern Cyprus\",\"url\":\"https:\/\/cleaningonnortherncyprus.com\/\",\"logo\":{\"@type\":\"ImageObject\",\"inLanguage\":\"tr\",\"@id\":\"https:\/\/cleaningonnortherncyprus.com\/#\/schema\/logo\/image\/\",\"url\":\"https:\/\/cleaningonnortherncyprus.com\/wp-content\/uploads\/2025\/01\/logo_cleaning_white.png\",\"contentUrl\":\"https:\/\/cleaningonnortherncyprus.com\/wp-content\/uploads\/2025\/01\/logo_cleaning_white.png\",\"width\":1600,\"height\":355,\"caption\":\"Cleaning on Northern Cyprus\"},\"image\":{\"@id\":\"https:\/\/cleaningonnortherncyprus.com\/#\/schema\/logo\/image\/\"}}]}<\/script>\n<!-- \/ Yoast SEO plugin. -->","yoast_head_json":{"title":"Moloz temizli\u011fi - Cleaning on Northern Cyprus","robots":{"index":"index","follow":"follow","max-snippet":"max-snippet:-1","max-image-preview":"max-image-preview:large","max-video-preview":"max-video-preview:-1"},"canonical":"https:\/\/cleaningonnortherncyprus.com\/tr\/hizmetler\/insaat-sonrasi-temizlik\/moloz-temizligi\/","og_locale":"tr_TR","og_type":"article","og_title":"Moloz temizli\u011fi - Cleaning on Northern Cyprus","og_description":"\u2190 Hizmetler \/ \u0130n\u015faat sonras\u0131 temizlik Moloz temizli\u011fi \u0130n\u015faat sonras\u0131 temizlik kapsam\u0131nda moloz temizli\u011fi Evinizde, dairenizde veya villan\u0131zda in\u015faat ya [&hellip;]","og_url":"https:\/\/cleaningonnortherncyprus.com\/tr\/hizmetler\/insaat-sonrasi-temizlik\/moloz-temizligi\/","og_site_name":"Cleaning on Northern Cyprus","article_modified_time":"2025-12-08T15:32:24+00:00","og_image":[{"width":1024,"height":1024,"url":"https:\/\/cleaningonnortherncyprus.com\/wp-content\/uploads\/2025\/03\/debris-removal.jpg","type":"image\/jpeg"}],"twitter_card":"summary_large_image","twitter_misc":{"Est. reading time":"5 dakika"},"schema":{"@context":"https:\/\/schema.org","@graph":[{"@type":"WebPage","@id":"https:\/\/cleaningonnortherncyprus.com\/tr\/hizmetler\/insaat-sonrasi-temizlik\/moloz-temizligi\/","url":"https:\/\/cleaningonnortherncyprus.com\/tr\/hizmetler\/insaat-sonrasi-temizlik\/moloz-temizligi\/","name":"Moloz temizli\u011fi - Cleaning on Northern Cyprus","isPartOf":{"@id":"https:\/\/cleaningonnortherncyprus.com\/#website"},"primaryImageOfPage":{"@id":"https:\/\/cleaningonnortherncyprus.com\/tr\/hizmetler\/insaat-sonrasi-temizlik\/moloz-temizligi\/#primaryimage"},"image":{"@id":"https:\/\/cleaningonnortherncyprus.com\/tr\/hizmetler\/insaat-sonrasi-temizlik\/moloz-temizligi\/#primaryimage"},"thumbnailUrl":"https:\/\/cleaningonnortherncyprus.com\/wp-content\/uploads\/2025\/03\/debris-removal.jpg","datePublished":"2025-03-11T11:14:24+00:00","dateModified":"2025-12-08T15:32:24+00:00","breadcrumb":{"@id":"https:\/\/cleaningonnortherncyprus.com\/tr\/hizmetler\/insaat-sonrasi-temizlik\/moloz-temizligi\/#breadcrumb"},"inLanguage":"tr","potentialAction":[{"@type":"ReadAction","target":["https:\/\/cleaningonnortherncyprus.com\/tr\/hizmetler\/insaat-sonrasi-temizlik\/moloz-temizligi\/"]}]},{"@type":"ImageObject","inLanguage":"tr","@id":"https:\/\/cleaningonnortherncyprus.com\/tr\/hizmetler\/insaat-sonrasi-temizlik\/moloz-temizligi\/#primaryimage","url":"https:\/\/cleaningonnortherncyprus.com\/wp-content\/uploads\/2025\/03\/debris-removal.jpg","contentUrl":"https:\/\/cleaningonnortherncyprus.com\/wp-content\/uploads\/2025\/03\/debris-removal.jpg","width":1024,"height":1024},{"@type":"BreadcrumbList","@id":"https:\/\/cleaningonnortherncyprus.com\/tr\/hizmetler\/insaat-sonrasi-temizlik\/moloz-temizligi\/#breadcrumb","itemListElement":[{"@type":"ListItem","position":1,"name":"\u0413\u043b\u0430\u0432\u043d\u0430\u044f \u0441\u0442\u0440\u0430\u043d\u0438\u0446\u0430","item":"https:\/\/cleaningonnortherncyprus.com\/"},{"@type":"ListItem","position":2,"name":"Hizmetler","item":"https:\/\/cleaningonnortherncyprus.com\/tr\/hizmetler\/"},{"@type":"ListItem","position":3,"name":"\u0130n\u015faat sonras\u0131 temizlik","item":"https:\/\/cleaningonnortherncyprus.com\/tr\/hizmetler\/insaat-sonrasi-temizlik\/"},{"@type":"ListItem","position":4,"name":"Moloz temizli\u011fi"}]},{"@type":"WebSite","@id":"https:\/\/cleaningonnortherncyprus.com\/#website","url":"https:\/\/cleaningonnortherncyprus.com\/","name":"Cleaning on Northern Cyprus","description":"","publisher":{"@id":"https:\/\/cleaningonnortherncyprus.com\/#organization"},"potentialAction":[{"@type":"SearchAction","target":{"@type":"EntryPoint","urlTemplate":"https:\/\/cleaningonnortherncyprus.com\/?s={search_term_string}"},"query-input":{"@type":"PropertyValueSpecification","valueRequired":true,"valueName":"search_term_string"}}],"inLanguage":"tr"},{"@type":"Organization","@id":"https:\/\/cleaningonnortherncyprus.com\/#organization","name":"Cleaning on Northern Cyprus","url":"https:\/\/cleaningonnortherncyprus.com\/","logo":{"@type":"ImageObject","inLanguage":"tr","@id":"https:\/\/cleaningonnortherncyprus.com\/#\/schema\/logo\/image\/","url":"https:\/\/cleaningonnortherncyprus.com\/wp-content\/uploads\/2025\/01\/logo_cleaning_white.png","contentUrl":"https:\/\/cleaningonnortherncyprus.com\/wp-content\/uploads\/2025\/01\/logo_cleaning_white.png","width":1600,"height":355,"caption":"Cleaning on Northern Cyprus"},"image":{"@id":"https:\/\/cleaningonnortherncyprus.com\/#\/schema\/logo\/image\/"}}]}},"_links":{"self":[{"href":"https:\/\/cleaningonnortherncyprus.com\/tr\/wp-json\/wp\/v2\/pages\/7385","targetHints":{"allow":["GET"]}}],"collection":[{"href":"https:\/\/cleaningonnortherncyprus.com\/tr\/wp-json\/wp\/v2\/pages"}],"about":[{"href":"https:\/\/cleaningonnortherncyprus.com\/tr\/wp-json\/wp\/v2\/types\/page"}],"author":[{"embeddable":true,"href":"https:\/\/cleaningonnortherncyprus.com\/tr\/wp-json\/wp\/v2\/users\/1"}],"replies":[{"embeddable":true,"href":"https:\/\/cleaningonnortherncyprus.com\/tr\/wp-json\/wp\/v2\/comments?post=7385"}],"version-history":[{"count":4,"href":"https:\/\/cleaningonnortherncyprus.com\/tr\/wp-json\/wp\/v2\/pages\/7385\/revisions"}],"predecessor-version":[{"id":9269,"href":"https:\/\/cleaningonnortherncyprus.com\/tr\/wp-json\/wp\/v2\/pages\/7385\/revisions\/9269"}],"up":[{"embeddable":true,"href":"https:\/\/cleaningonnortherncyprus.com\/tr\/wp-json\/wp\/v2\/pages\/6524"}],"wp:featuredmedia":[{"embeddable":true,"href":"https:\/\/cleaningonnortherncyprus.com\/tr\/wp-json\/wp\/v2\/media\/7353"}],"wp:attachment":[{"href":"https:\/\/cleaningonnortherncyprus.com\/tr\/wp-json\/wp\/v2\/media?parent=7385"}],"curies":[{"name":"wp","href":"https:\/\/api.w.org\/{rel}","templated":true}]}}